{"id":798,"date":"2022-12-25T13:25:40","date_gmt":"2022-12-25T13:25:40","guid":{"rendered":"https:\/\/roosi.ee\/?page_id=798"},"modified":"2024-03-25T12:18:44","modified_gmt":"2024-03-25T12:18:44","slug":"tatari-58-ruumid-122-132","status":"publish","type":"page","link":"https:\/\/roosi.ee\/en\/uurile-anda\/hoone-tatari-58\/tatari-58-ruumid-122-132\/","title":{"rendered":"TATARI 58 rooms 122-132"},"content":{"rendered":"<p>The offered premises are located in the center of Tallinn, in the vicinity of Bolt office, Wise office, Swedbank, Tallinn Creative Incubator and Estonian Statistics Department. The business building is multi functional and used as office, IT hub, sports, workshops, storage, music and dance studios<\/p>\n<p>Premises of a unique retro production style looks (532,30 square meters) for rent. Rooms are lately renovated and multi functional. High ceilings and semi separated modular work spaces, studio corner, meeting area, rest area, kitchen, storage area, toilets and sauna. Side working areas are separated in such a way that the space can be used for different purposes simultaneously.<\/p>\n<p><strong>Usage of rooms<\/strong><\/p>\n<p>The rooms could be serving as: tech hub, IT headquarters, hub for media companies, workshops, loft offices. Whatever purposes it will be used for \u2013 it is a cool working environment<\/p>\n<p><strong>Gathering areas shared working areas and subleasing<\/strong><\/p>\n<p>Fully equipped with central open kitchen block, toilets, shower and a sauna. The rooms have a unique combination of retro space interior combined with serviced, reliable and optimal utilities. Actually, it is a  self-sufficient kind of \u201cwe work style\u201d place avoiding the \u201cwe work style\u201d high costs.\nThe premises could be further \"semi divided\" for subleasing.<\/p>\n<p><strong>Direct service car entrance<\/strong><\/p>\n<p>The premises are located on the first ground level of a renovated office building at the heart of Tallinn in Tatari business quarter. A direct entrance for bigger vehicles from the parking area is available enabling the tenant a very flexible usage purpose and ease of unloading\/loading.<\/p>\n<p><strong>Utilities<\/strong><\/p>\n<p>Electricity \u2013 Sufficient voltage capacities, the building has a renewed electrical system and the room has its own shield and meter;<br \/>\nWater- canalization showers toilets with its own meter;<br \/>\nHeating \u2013 electric radiators, air conditioners;<br \/>\nCommunication systems - new and speed wiring communications systems (high-speed internet cables of both Elisa and Telia are available in the building).<br \/>\nLessees are having the flexibility to use the premises 24\/7 due to our security systems.<br \/>\nThree parking spaces included in rent.<br \/>\nFor additional information and arranging a tour at the premises please feel free to contact us.<\/p>\n<figure class=\"gallery-item\"><a href=\"https:\/\/roosi.ee\/wp-content\/uploads\/2022\/12\/tatari58-122-132-1.jpg\" data-elementor-open-lightbox=\"yes\" data-elementor-lightbox-slideshow=\"46f161b\" data-elementor-lightbox-title=\"tatari58-122-132-1\"><img loading=\"lazy\" decoding=\"async\" src=\"https:\/\/roosi.ee\/wp-content\/uploads\/2022\/12\/tatari58-122-132-1-435x487.jpg\" alt=\"\" width=\"435\" height=\"487\" \/><\/a><\/figure>\n<figure class=\"gallery-item\"><a href=\"https:\/\/roosi.ee\/wp-content\/uploads\/2022\/12\/tatari58-122-132-2.jpg\" data-elementor-open-lightbox=\"yes\" data-elementor-lightbox-slideshow=\"46f161b\" data-elementor-lightbox-title=\"tatari58-122-132-2\"><img loading=\"lazy\" decoding=\"async\" src=\"https:\/\/roosi.ee\/wp-content\/uploads\/2022\/12\/tatari58-122-132-2-435x487.jpg\" alt=\"\" width=\"435\" height=\"487\" \/><\/a><\/figure>\n<figure class=\"gallery-item\"><a href=\"https:\/\/roosi.ee\/wp-content\/uploads\/2022\/12\/tatari58-122-132-3.jpg\" data-elementor-open-lightbox=\"yes\" data-elementor-lightbox-slideshow=\"46f161b\" data-elementor-lightbox-title=\"tatari58-122-132-3\"><img loading=\"lazy\" decoding=\"async\" src=\"https:\/\/roosi.ee\/wp-content\/uploads\/2022\/12\/tatari58-122-132-3-435x487.jpg\" alt=\"\" width=\"435\" height=\"487\" \/><\/a><\/figure>\n<figure class=\"gallery-item\"><a href=\"https:\/\/roosi.ee\/wp-content\/uploads\/2022\/12\/tatari58-122-132-4.jpg\" data-elementor-open-lightbox=\"yes\" data-elementor-lightbox-slideshow=\"46f161b\" data-elementor-lightbox-title=\"tatari58-122-132-4\"><img loading=\"lazy\" decoding=\"async\" src=\"https:\/\/roosi.ee\/wp-content\/uploads\/2022\/12\/tatari58-122-132-4-435x487.jpg\" alt=\"\" width=\"435\" height=\"487\" \/><\/a><\/figure>\n<figure class=\"gallery-item\"><a href=\"https:\/\/roosi.ee\/wp-content\/uploads\/2022\/12\/tatari58-122-132-5.jpg\" data-elementor-open-lightbox=\"yes\" data-elementor-lightbox-slideshow=\"46f161b\" data-elementor-lightbox-title=\"tatari58-122-132-5\"><img loading=\"lazy\" decoding=\"async\" src=\"https:\/\/roosi.ee\/wp-content\/uploads\/2022\/12\/tatari58-122-132-5-435x487.jpg\" alt=\"\" width=\"435\" height=\"487\" \/><\/a><\/figure>\n<figure class=\"gallery-item\"><a href=\"https:\/\/roosi.ee\/wp-content\/uploads\/2022\/12\/tatari58-122-132-6.jpg\" data-elementor-open-lightbox=\"yes\" data-elementor-lightbox-slideshow=\"46f161b\" data-elementor-lightbox-title=\"tatari58-122-132-6\"><img loading=\"lazy\" decoding=\"async\" src=\"https:\/\/roosi.ee\/wp-content\/uploads\/2022\/12\/tatari58-122-132-6-435x487.jpg\" alt=\"\" width=\"435\" height=\"487\" \/><\/a><\/figure>\n<figure class=\"gallery-item\"><a href=\"https:\/\/roosi.ee\/wp-content\/uploads\/2022\/12\/tatari58-122-132-12.jpg\" data-elementor-open-lightbox=\"yes\" data-elementor-lightbox-slideshow=\"46f161b\" data-elementor-lightbox-title=\"tatari58-122-132-12\"><img loading=\"lazy\" decoding=\"async\" src=\"https:\/\/roosi.ee\/wp-content\/uploads\/2022\/12\/tatari58-122-132-12-435x487.jpg\" alt=\"\" width=\"435\" height=\"487\" \/><\/a><\/figure>\n<figure class=\"gallery-item\"><a href=\"https:\/\/roosi.ee\/wp-content\/uploads\/2022\/12\/tatari58-122-132-11.jpg\" data-elementor-open-lightbox=\"yes\" data-elementor-lightbox-slideshow=\"46f161b\" data-elementor-lightbox-title=\"tatari58-122-132-11\"><img loading=\"lazy\" decoding=\"async\" src=\"https:\/\/roosi.ee\/wp-content\/uploads\/2022\/12\/tatari58-122-132-11-435x487.jpg\" alt=\"\" width=\"435\" height=\"487\" \/><\/a><\/figure>\n<figure class=\"gallery-item\"><a href=\"https:\/\/roosi.ee\/wp-content\/uploads\/2022\/12\/tatari58-122-132-10.jpg\" data-elementor-open-lightbox=\"yes\" data-elementor-lightbox-slideshow=\"46f161b\" data-elementor-lightbox-title=\"tatari58-122-132-10\"><img loading=\"lazy\" decoding=\"async\" src=\"https:\/\/roosi.ee\/wp-content\/uploads\/2022\/12\/tatari58-122-132-10-435x487.jpg\" alt=\"\" width=\"435\" height=\"487\" \/><\/a><\/figure>\n<figure class=\"gallery-item\"><a href=\"https:\/\/roosi.ee\/wp-content\/uploads\/2022\/12\/tatari58-122-132-9.jpg\" data-elementor-open-lightbox=\"yes\" data-elementor-lightbox-slideshow=\"46f161b\" data-elementor-lightbox-title=\"tatari58-122-132-9\"><img loading=\"lazy\" decoding=\"async\" src=\"https:\/\/roosi.ee\/wp-content\/uploads\/2022\/12\/tatari58-122-132-9-435x487.jpg\" alt=\"\" width=\"435\" height=\"487\" \/><\/a><\/figure>\n<figure class=\"gallery-item\"><a href=\"https:\/\/roosi.ee\/wp-content\/uploads\/2022\/12\/tatari58-122-132-8.jpg\" data-elementor-open-lightbox=\"yes\" data-elementor-lightbox-slideshow=\"46f161b\" data-elementor-lightbox-title=\"tatari58-122-132-8\"><img loading=\"lazy\" decoding=\"async\" src=\"https:\/\/roosi.ee\/wp-content\/uploads\/2022\/12\/tatari58-122-132-8-435x487.jpg\" alt=\"\" width=\"435\" height=\"487\" \/><\/a><\/figure>\n<figure class=\"gallery-item\"><a href=\"https:\/\/roosi.ee\/wp-content\/uploads\/2022\/12\/tatari58-122-132-7.jpg\" data-elementor-open-lightbox=\"yes\" data-elementor-lightbox-slideshow=\"46f161b\" data-elementor-lightbox-title=\"tatari58-122-132-7\"><img loading=\"lazy\" decoding=\"async\" src=\"https:\/\/roosi.ee\/wp-content\/uploads\/2022\/12\/tatari58-122-132-7-435x487.jpg\" alt=\"\" width=\"435\" height=\"487\" \/><\/a><\/figure>","protected":false},"excerpt":{"rendered":"<p>\u00dc\u00fcrile antav pind asub Tallinna Kesklinnas, Bolti, Wise\u2019i, Swedpanga, Tallinna Loomeinkubaatori ja Eesti Statistikaameti vahetus l\u00e4heduses. Pakutava pinnaga samas hones asuvad erineva kasutusotstarbega \u00fc\u00fcripinnad, nagu n\u00e4iteks kontorid, IT hub\u2019id, spordiklubid, t\u00f6\u00f6toad, laod, muusika- ja tantsustuudiod. 532,3 ruutmeetri suurune \u00fc\u00fcripind on kujundatud oman\u00e4olises, retroh\u00f5ngulises t\u00f6\u00f6stuslikus stiilis. Ruumid on hiljuti renoveeritud ja multifunktsionaalsete kasutusv\u00f5imalustega. Ruumi iseloomustavad k\u00f5rged [&hellip;]<\/p>","protected":false},"author":1,"featured_media":0,"parent":211,"menu_order":73,"comment_status":"closed","ping_status":"closed","template":"","meta":{"footnotes":""},"class_list":["post-798","page","type-page","status-publish","hentry"],"acf":[],"yoast_head":"<!-- This site is optimized with the Yoast SEO plugin v19.11 - https:\/\/yoast.com\/wordpress\/plugins\/seo\/ -->\n<title>TATARI 58 ruumid 122-132 - Roosi<\/title>\n<meta name=\"robots\" content=\"index, follow, max-snippet:-1, max-image-preview:large, max-video-preview:-1\" \/>\n<link rel=\"canonical\" href=\"https:\/\/roosi.ee\/en\/uurile-anda\/hoone-tatari-58\/tatari-58-ruumid-122-132\/\" \/>\n<meta property=\"og:locale\" content=\"en_GB\" \/>\n<meta property=\"og:type\" content=\"article\" \/>\n<meta property=\"og:title\" content=\"TATARI 58 ruumid 122-132 - Roosi\" \/>\n<meta property=\"og:description\" content=\"\u00dc\u00fcrile antav pind asub Tallinna Kesklinnas, Bolti, Wise\u2019i, Swedpanga, Tallinna Loomeinkubaatori ja Eesti Statistikaameti vahetus l\u00e4heduses. Pakutava pinnaga samas hones asuvad erineva kasutusotstarbega \u00fc\u00fcripinnad, nagu n\u00e4iteks kontorid, IT hub\u2019id, spordiklubid, t\u00f6\u00f6toad, laod, muusika- ja tantsustuudiod. 532,3 ruutmeetri suurune \u00fc\u00fcripind on kujundatud oman\u00e4olises, retroh\u00f5ngulises t\u00f6\u00f6stuslikus stiilis. Ruumid on hiljuti renoveeritud ja multifunktsionaalsete kasutusv\u00f5imalustega. Ruumi iseloomustavad k\u00f5rged [&hellip;]\" \/>\n<meta property=\"og:url\" content=\"https:\/\/roosi.ee\/en\/uurile-anda\/hoone-tatari-58\/tatari-58-ruumid-122-132\/\" \/>\n<meta property=\"og:site_name\" content=\"Roosi\" \/>\n<meta property=\"article:modified_time\" content=\"2024-03-25T12:18:44+00:00\" \/>\n<meta property=\"og:image\" content=\"https:\/\/roosi.ee\/wp-content\/uploads\/2022\/12\/tatari58-122-132-1-435x487.jpg\" \/>\n<meta name=\"twitter:card\" content=\"summary_large_image\" \/>\n<meta name=\"twitter:label1\" content=\"Estimated reading time\" \/>\n\t<meta name=\"twitter:data1\" content=\"4 minutes\" \/>\n<script type=\"application\/ld+json\" class=\"yoast-schema-graph\">{\"@context\":\"https:\/\/schema.org\",\"@graph\":[{\"@type\":\"WebPage\",\"@id\":\"https:\/\/roosi.ee\/uurile-anda\/hoone-tatari-58\/tatari-58-ruumid-122-132\/\",\"url\":\"https:\/\/roosi.ee\/uurile-anda\/hoone-tatari-58\/tatari-58-ruumid-122-132\/\",\"name\":\"TATARI 58 ruumid 122-132 - Roosi\",\"isPartOf\":{\"@id\":\"https:\/\/roosi.ee\/#website\"},\"datePublished\":\"2022-12-25T13:25:40+00:00\",\"dateModified\":\"2024-03-25T12:18:44+00:00\",\"breadcrumb\":{\"@id\":\"https:\/\/roosi.ee\/uurile-anda\/hoone-tatari-58\/tatari-58-ruumid-122-132\/#breadcrumb\"},\"inLanguage\":\"en-GB\",\"potentialAction\":[{\"@type\":\"ReadAction\",\"target\":[\"https:\/\/roosi.ee\/uurile-anda\/hoone-tatari-58\/tatari-58-ruumid-122-132\/\"]}]},{\"@type\":\"BreadcrumbList\",\"@id\":\"https:\/\/roosi.ee\/uurile-anda\/hoone-tatari-58\/tatari-58-ruumid-122-132\/#breadcrumb\",\"itemListElement\":[{\"@type\":\"ListItem\",\"position\":1,\"name\":\"Avaleht\",\"item\":\"https:\/\/roosi.ee\/\"},{\"@type\":\"ListItem\",\"position\":2,\"name\":\"\u00dc\u00fcrile anda\",\"item\":\"https:\/\/roosi.ee\/uurile-anda\/\"},{\"@type\":\"ListItem\",\"position\":3,\"name\":\"HOONE TATARI 58\",\"item\":\"https:\/\/roosi.ee\/uurile-anda\/hoone-tatari-58\/\"},{\"@type\":\"ListItem\",\"position\":4,\"name\":\"TATARI 58 ruumid 122-132\"}]},{\"@type\":\"WebSite\",\"@id\":\"https:\/\/roosi.ee\/#website\",\"url\":\"https:\/\/roosi.ee\/\",\"name\":\"Roosi\",\"description\":\"\",\"potentialAction\":[{\"@type\":\"SearchAction\",\"target\":{\"@type\":\"EntryPoint\",\"urlTemplate\":\"https:\/\/roosi.ee\/?s={search_term_string}\"},\"query-input\":\"required name=search_term_string\"}],\"inLanguage\":\"en-GB\"}]}<\/script>\n<!-- \/ Yoast SEO plugin. -->","yoast_head_json":{"title":"TATARI 58 ruumid 122-132 - Roosi","robots":{"index":"index","follow":"follow","max-snippet":"max-snippet:-1","max-image-preview":"max-image-preview:large","max-video-preview":"max-video-preview:-1"},"canonical":"https:\/\/roosi.ee\/en\/uurile-anda\/hoone-tatari-58\/tatari-58-ruumid-122-132\/","og_locale":"en_GB","og_type":"article","og_title":"TATARI 58 ruumid 122-132 - Roosi","og_description":"\u00dc\u00fcrile antav pind asub Tallinna Kesklinnas, Bolti, Wise\u2019i, Swedpanga, Tallinna Loomeinkubaatori ja Eesti Statistikaameti vahetus l\u00e4heduses. Pakutava pinnaga samas hones asuvad erineva kasutusotstarbega \u00fc\u00fcripinnad, nagu n\u00e4iteks kontorid, IT hub\u2019id, spordiklubid, t\u00f6\u00f6toad, laod, muusika- ja tantsustuudiod. 532,3 ruutmeetri suurune \u00fc\u00fcripind on kujundatud oman\u00e4olises, retroh\u00f5ngulises t\u00f6\u00f6stuslikus stiilis. Ruumid on hiljuti renoveeritud ja multifunktsionaalsete kasutusv\u00f5imalustega. Ruumi iseloomustavad k\u00f5rged [&hellip;]","og_url":"https:\/\/roosi.ee\/en\/uurile-anda\/hoone-tatari-58\/tatari-58-ruumid-122-132\/","og_site_name":"Roosi","article_modified_time":"2024-03-25T12:18:44+00:00","og_image":[{"url":"https:\/\/roosi.ee\/wp-content\/uploads\/2022\/12\/tatari58-122-132-1-435x487.jpg"}],"twitter_card":"summary_large_image","twitter_misc":{"Estimated reading time":"4 minutes"},"schema":{"@context":"https:\/\/schema.org","@graph":[{"@type":"WebPage","@id":"https:\/\/roosi.ee\/uurile-anda\/hoone-tatari-58\/tatari-58-ruumid-122-132\/","url":"https:\/\/roosi.ee\/uurile-anda\/hoone-tatari-58\/tatari-58-ruumid-122-132\/","name":"TATARI 58 ruumid 122-132 - Roosi","isPartOf":{"@id":"https:\/\/roosi.ee\/#website"},"datePublished":"2022-12-25T13:25:40+00:00","dateModified":"2024-03-25T12:18:44+00:00","breadcrumb":{"@id":"https:\/\/roosi.ee\/uurile-anda\/hoone-tatari-58\/tatari-58-ruumid-122-132\/#breadcrumb"},"inLanguage":"en-GB","potentialAction":[{"@type":"ReadAction","target":["https:\/\/roosi.ee\/uurile-anda\/hoone-tatari-58\/tatari-58-ruumid-122-132\/"]}]},{"@type":"BreadcrumbList","@id":"https:\/\/roosi.ee\/uurile-anda\/hoone-tatari-58\/tatari-58-ruumid-122-132\/#breadcrumb","itemListElement":[{"@type":"ListItem","position":1,"name":"Avaleht","item":"https:\/\/roosi.ee\/"},{"@type":"ListItem","position":2,"name":"\u00dc\u00fcrile anda","item":"https:\/\/roosi.ee\/uurile-anda\/"},{"@type":"ListItem","position":3,"name":"HOONE TATARI 58","item":"https:\/\/roosi.ee\/uurile-anda\/hoone-tatari-58\/"},{"@type":"ListItem","position":4,"name":"TATARI 58 ruumid 122-132"}]},{"@type":"WebSite","@id":"https:\/\/roosi.ee\/#website","url":"https:\/\/roosi.ee\/","name":"Roosi","description":"","potentialAction":[{"@type":"SearchAction","target":{"@type":"EntryPoint","urlTemplate":"https:\/\/roosi.ee\/?s={search_term_string}"},"query-input":"required name=search_term_string"}],"inLanguage":"en-GB"}]}},"_links":{"self":[{"href":"https:\/\/roosi.ee\/en\/wp-json\/wp\/v2\/pages\/798","targetHints":{"allow":["GET"]}}],"collection":[{"href":"https:\/\/roosi.ee\/en\/wp-json\/wp\/v2\/pages"}],"about":[{"href":"https:\/\/roosi.ee\/en\/wp-json\/wp\/v2\/types\/page"}],"author":[{"embeddable":true,"href":"https:\/\/roosi.ee\/en\/wp-json\/wp\/v2\/users\/1"}],"replies":[{"embeddable":true,"href":"https:\/\/roosi.ee\/en\/wp-json\/wp\/v2\/comments?post=798"}],"version-history":[{"count":9,"href":"https:\/\/roosi.ee\/en\/wp-json\/wp\/v2\/pages\/798\/revisions"}],"predecessor-version":[{"id":1336,"href":"https:\/\/roosi.ee\/en\/wp-json\/wp\/v2\/pages\/798\/revisions\/1336"}],"up":[{"embeddable":true,"href":"https:\/\/roosi.ee\/en\/wp-json\/wp\/v2\/pages\/211"}],"wp:attachment":[{"href":"https:\/\/roosi.ee\/en\/wp-json\/wp\/v2\/media?parent=798"}],"curies":[{"name":"wp","href":"https:\/\/api.w.org\/{rel}","templated":true}]}}