{"id":768,"date":"2022-12-22T17:12:46","date_gmt":"2022-12-22T17:12:46","guid":{"rendered":"https:\/\/roosi.ee\/?page_id=768"},"modified":"2026-03-26T11:40:00","modified_gmt":"2026-03-26T11:40:00","slug":"tatari-58a-ruum-122","status":"publish","type":"page","link":"https:\/\/roosi.ee\/en\/uurile-anda\/hoone-tatari-58a\/tatari-58a-ruum-122\/","title":{"rendered":"TATARI 58a room 122"},"content":{"rendered":"<div data-elementor-type=\"wp-page\" data-elementor-id=\"768\" class=\"elementor elementor-768\">\n\t\t\t\t\t\t\t\t\t<section class=\"elementor-section elementor-top-section elementor-element elementor-element-2d2ee398 elementor-section-boxed elementor-section-height-default elementor-section-height-default\" data-id=\"2d2ee398\" data-element_type=\"section\">\n\t\t\t\t\t\t<div class=\"elementor-container elementor-column-gap-default\">\n\t\t\t\t\t<div class=\"elementor-column elementor-col-100 elementor-top-column elementor-element elementor-element-19a6d133\" data-id=\"19a6d133\" data-element_type=\"column\">\n\t\t\t<div class=\"elementor-widget-wrap elementor-element-populated\">\n\t\t\t\t\t\t\t\t<div class=\"elementor-element elementor-element-4aaa2fa8 elementor-widget elementor-widget-text-editor\" data-id=\"4aaa2fa8\" data-element_type=\"widget\" data-widget_type=\"text-editor.default\">\n\t\t\t\t<div class=\"elementor-widget-container\">\n\t\t\t<style>\/*! elementor - v3.9.0 - 06-12-2022 *\/\n.elementor-widget-text-editor.elementor-drop-cap-view-stacked .elementor-drop-cap{background-color:#818a91;color:#fff}.elementor-widget-text-editor.elementor-drop-cap-view-framed .elementor-drop-cap{color:#818a91;border:3px solid;background-color:transparent}.elementor-widget-text-editor:not(.elementor-drop-cap-view-default) .elementor-drop-cap{margin-top:8px}.elementor-widget-text-editor:not(.elementor-drop-cap-view-default) .elementor-drop-cap-letter{width:1em;height:1em}.elementor-widget-text-editor .elementor-drop-cap{float:left;text-align:center;line-height:1;font-size:50px}.elementor-widget-text-editor .elementor-drop-cap-letter{display:inline-block}<\/style>\t\t\t\t<p>Fully renovated 8,4 square meters cozy office space located on the first floor in Tatari 58A at Tallinn\u2019s business district in-between Swedbank headquarters and the new Statistic\u2019s Department building.<\/p><p>The room has recently been fully renovated. All electrical infra structures including cables, meter, sockets and lamps have been replaced. New electrical radiators are installed.<\/p><p>The floor is being covered with a new rigid lamination. The space is freshly painted and walls have been isolated. New double glazing isolated glass windows have been installed.<\/p><p>The building is equipped with modern security and wiring communications systems (high-speed internet cables are available).<\/p><p>The room can also be used as a storage space.<\/p>\t\t\t\t\t\t<\/div>\n\t\t\t\t<\/div>\n\t\t\t\t\t<\/div>\n\t\t<\/div>\n\t\t\t\t\t\t\t<\/div>\n\t\t<\/section>\n\t\t\t\t<section class=\"elementor-section elementor-top-section elementor-element elementor-element-4e86efb elementor-section-boxed elementor-section-height-default elementor-section-height-default\" data-id=\"4e86efb\" data-element_type=\"section\">\n\t\t\t\t\t\t<div class=\"elementor-container elementor-column-gap-default\">\n\t\t\t\t\t<div class=\"elementor-column elementor-col-100 elementor-top-column elementor-element elementor-element-1b122e4\" data-id=\"1b122e4\" data-element_type=\"column\">\n\t\t\t<div class=\"elementor-widget-wrap elementor-element-populated\">\n\t\t\t\t\t\t\t\t<div class=\"elementor-element elementor-element-64d7fc4 elementor-widget elementor-widget-image-gallery\" data-id=\"64d7fc4\" data-element_type=\"widget\" data-widget_type=\"image-gallery.default\">\n\t\t\t\t<div class=\"elementor-widget-container\">\n\t\t\t<style>\/*! elementor - v3.9.0 - 06-12-2022 *\/\n.elementor-image-gallery .gallery-item{display:inline-block;text-align:center;vertical-align:top;width:100%;max-width:100%;margin:0 auto}.elementor-image-gallery .gallery-item img{margin:0 auto}.elementor-image-gallery .gallery-item .gallery-caption{margin:0}.elementor-image-gallery figure img{display:block}.elementor-image-gallery figure figcaption{width:100%}.gallery-spacing-custom .elementor-image-gallery .gallery-icon{padding:0}@media (min-width:768px){.elementor-image-gallery .gallery-columns-2 .gallery-item{max-width:50%}.elementor-image-gallery .gallery-columns-3 .gallery-item{max-width:33.33%}.elementor-image-gallery .gallery-columns-4 .gallery-item{max-width:25%}.elementor-image-gallery .gallery-columns-5 .gallery-item{max-width:20%}.elementor-image-gallery .gallery-columns-6 .gallery-item{max-width:16.666%}.elementor-image-gallery .gallery-columns-7 .gallery-item{max-width:14.28%}.elementor-image-gallery .gallery-columns-8 .gallery-item{max-width:12.5%}.elementor-image-gallery .gallery-columns-9 .gallery-item{max-width:11.11%}.elementor-image-gallery .gallery-columns-10 .gallery-item{max-width:10%}}@media (min-width:480px) and (max-width:767px){.elementor-image-gallery .gallery.gallery-columns-2 .gallery-item,.elementor-image-gallery .gallery.gallery-columns-3 .gallery-item,.elementor-image-gallery .gallery.gallery-columns-4 .gallery-item,.elementor-image-gallery .gallery.gallery-columns-5 .gallery-item,.elementor-image-gallery .gallery.gallery-columns-6 .gallery-item,.elementor-image-gallery .gallery.gallery-columns-7 .gallery-item,.elementor-image-gallery .gallery.gallery-columns-8 .gallery-item,.elementor-image-gallery .gallery.gallery-columns-9 .gallery-item,.elementor-image-gallery .gallery.gallery-columns-10 .gallery-item{max-width:50%}}@media (max-width:479px){.elementor-image-gallery .gallery.gallery-columns-2 .gallery-item,.elementor-image-gallery .gallery.gallery-columns-3 .gallery-item,.elementor-image-gallery .gallery.gallery-columns-4 .gallery-item,.elementor-image-gallery .gallery.gallery-columns-5 .gallery-item,.elementor-image-gallery .gallery.gallery-columns-6 .gallery-item,.elementor-image-gallery .gallery.gallery-columns-7 .gallery-item,.elementor-image-gallery .gallery.gallery-columns-8 .gallery-item,.elementor-image-gallery .gallery.gallery-columns-9 .gallery-item,.elementor-image-gallery .gallery.gallery-columns-10 .gallery-item{max-width:100%}}<\/style>\t\t<div class=\"elementor-image-gallery\">\n\t\t\t<div id='gallery-1' class='gallery galleryid-768 gallery-columns-2 gallery-size-portfolio'><figure class='gallery-item'>\n\t\t\t<div class='gallery-icon landscape'>\n\t\t\t\t<a data-elementor-open-lightbox=\"yes\" data-elementor-lightbox-slideshow=\"64d7fc4\" data-elementor-lightbox-title=\"tatari58a-122-1\" e-action-hash=\"#elementor-action%3Aaction%3Dlightbox%26settings%3DeyJpZCI6Nzc0LCJ1cmwiOiJodHRwczpcL1wvcm9vc2kuZWVcL3dwLWNvbnRlbnRcL3VwbG9hZHNcLzIwMjJcLzEyXC90YXRhcmk1OGEtMTIyLTEuanBlZyIsInNsaWRlc2hvdyI6IjY0ZDdmYzQifQ%3D%3D\" href='https:\/\/roosi.ee\/wp-content\/uploads\/2022\/12\/tatari58a-122-1.jpeg'><img loading=\"lazy\" decoding=\"async\" width=\"435\" height=\"487\" src=\"https:\/\/roosi.ee\/wp-content\/uploads\/2022\/12\/tatari58a-122-1-435x487.jpeg\" class=\"attachment-portfolio size-portfolio\" alt=\"\" \/><\/a>\n\t\t\t<\/div><\/figure><figure class='gallery-item'>\n\t\t\t<div class='gallery-icon landscape'>\n\t\t\t\t<a data-elementor-open-lightbox=\"yes\" data-elementor-lightbox-slideshow=\"64d7fc4\" data-elementor-lightbox-title=\"tatari58a-122-2\" e-action-hash=\"#elementor-action%3Aaction%3Dlightbox%26settings%3DeyJpZCI6NzczLCJ1cmwiOiJodHRwczpcL1wvcm9vc2kuZWVcL3dwLWNvbnRlbnRcL3VwbG9hZHNcLzIwMjJcLzEyXC90YXRhcmk1OGEtMTIyLTIuanBnIiwic2xpZGVzaG93IjoiNjRkN2ZjNCJ9\" href='https:\/\/roosi.ee\/wp-content\/uploads\/2022\/12\/tatari58a-122-2.jpg'><img loading=\"lazy\" decoding=\"async\" width=\"435\" height=\"487\" src=\"https:\/\/roosi.ee\/wp-content\/uploads\/2022\/12\/tatari58a-122-2-435x487.jpg\" class=\"attachment-portfolio size-portfolio\" alt=\"\" \/><\/a>\n\t\t\t<\/div><\/figure><figure class='gallery-item'>\n\t\t\t<div class='gallery-icon landscape'>\n\t\t\t\t<a data-elementor-open-lightbox=\"yes\" data-elementor-lightbox-slideshow=\"64d7fc4\" data-elementor-lightbox-title=\"tatari58a-122-4\" e-action-hash=\"#elementor-action%3Aaction%3Dlightbox%26settings%3DeyJpZCI6NzcxLCJ1cmwiOiJodHRwczpcL1wvcm9vc2kuZWVcL3dwLWNvbnRlbnRcL3VwbG9hZHNcLzIwMjJcLzEyXC90YXRhcmk1OGEtMTIyLTQuanBnIiwic2xpZGVzaG93IjoiNjRkN2ZjNCJ9\" href='https:\/\/roosi.ee\/wp-content\/uploads\/2022\/12\/tatari58a-122-4.jpg'><img loading=\"lazy\" decoding=\"async\" width=\"435\" height=\"487\" src=\"https:\/\/roosi.ee\/wp-content\/uploads\/2022\/12\/tatari58a-122-4-435x487.jpg\" class=\"attachment-portfolio size-portfolio\" alt=\"\" \/><\/a>\n\t\t\t<\/div><\/figure><figure class='gallery-item'>\n\t\t\t<div class='gallery-icon landscape'>\n\t\t\t\t<a data-elementor-open-lightbox=\"yes\" data-elementor-lightbox-slideshow=\"64d7fc4\" data-elementor-lightbox-title=\"tatari58a-122-3\" e-action-hash=\"#elementor-action%3Aaction%3Dlightbox%26settings%3DeyJpZCI6NzcyLCJ1cmwiOiJodHRwczpcL1wvcm9vc2kuZWVcL3dwLWNvbnRlbnRcL3VwbG9hZHNcLzIwMjJcLzEyXC90YXRhcmk1OGEtMTIyLTMuanBnIiwic2xpZGVzaG93IjoiNjRkN2ZjNCJ9\" href='https:\/\/roosi.ee\/wp-content\/uploads\/2022\/12\/tatari58a-122-3.jpg'><img loading=\"lazy\" decoding=\"async\" width=\"435\" height=\"487\" src=\"https:\/\/roosi.ee\/wp-content\/uploads\/2022\/12\/tatari58a-122-3-435x487.jpg\" class=\"attachment-portfolio size-portfolio\" alt=\"\" \/><\/a>\n\t\t\t<\/div><\/figure>\n\t\t<\/div>\n\t\t<\/div>\n\t\t\t\t<\/div>\n\t\t\t\t<\/div>\n\t\t\t\t\t<\/div>\n\t\t<\/div>\n\t\t\t\t\t\t\t<\/div>\n\t\t<\/section>\n\t\t\t\t\t\t\t<\/div>","protected":false},"excerpt":{"rendered":"<p>\u00dc\u00fcrile anda 8,4 ruutmeetri suurune, hoone esimesel korrusel asuv b\u00fcroopind. Ruumi on hiljuti remonditud. V\u00e4lja on vahetatud k\u00f5ik elektrikaablid, pistikupesad ja valgustid. Ruumi on paigaldatud uued elektriradiaatorid. P\u00f5randakatteks on laminaatparkett. Seinad on v\u00e4rskelt v\u00e4rvitud. Ruumi sissep\u00e4\u00e4suks on uus tulekindel uks. V\u00e4lja on vahetatud k\u00f5ik aknad. Ruumil on eraldi elektriarvesti. Samuti on paigaldatud juhtmestik kaasaegsete kommunikatsioonivahendite [&hellip;]<\/p>","protected":false},"author":1,"featured_media":0,"parent":213,"menu_order":93,"comment_status":"closed","ping_status":"closed","template":"","meta":{"footnotes":""},"class_list":["post-768","page","type-page","status-publish","hentry"],"acf":[],"yoast_head":"<!-- This site is optimized with the Yoast SEO plugin v19.11 - https:\/\/yoast.com\/wordpress\/plugins\/seo\/ -->\n<title>TATARI 58a ruum 122 - Roosi<\/title>\n<meta name=\"robots\" content=\"index, follow, max-snippet:-1, max-image-preview:large, max-video-preview:-1\" \/>\n<link rel=\"canonical\" href=\"https:\/\/roosi.ee\/en\/uurile-anda\/hoone-tatari-58a\/tatari-58a-ruum-122\/\" \/>\n<meta property=\"og:locale\" content=\"en_GB\" \/>\n<meta property=\"og:type\" content=\"article\" \/>\n<meta property=\"og:title\" content=\"TATARI 58a ruum 122 - Roosi\" \/>\n<meta property=\"og:description\" content=\"\u00dc\u00fcrile anda 8,4 ruutmeetri suurune, hoone esimesel korrusel asuv b\u00fcroopind. Ruumi on hiljuti remonditud. V\u00e4lja on vahetatud k\u00f5ik elektrikaablid, pistikupesad ja valgustid. Ruumi on paigaldatud uued elektriradiaatorid. P\u00f5randakatteks on laminaatparkett. Seinad on v\u00e4rskelt v\u00e4rvitud. Ruumi sissep\u00e4\u00e4suks on uus tulekindel uks. V\u00e4lja on vahetatud k\u00f5ik aknad. Ruumil on eraldi elektriarvesti. Samuti on paigaldatud juhtmestik kaasaegsete kommunikatsioonivahendite [&hellip;]\" \/>\n<meta property=\"og:url\" content=\"https:\/\/roosi.ee\/en\/uurile-anda\/hoone-tatari-58a\/tatari-58a-ruum-122\/\" \/>\n<meta property=\"og:site_name\" content=\"Roosi\" \/>\n<meta property=\"article:modified_time\" content=\"2026-03-26T11:40:00+00:00\" \/>\n<meta property=\"og:image\" content=\"https:\/\/roosi.ee\/wp-content\/uploads\/2022\/12\/tatari58a-122-1-435x487.jpeg\" \/>\n<meta name=\"twitter:card\" content=\"summary_large_image\" \/>\n<meta name=\"twitter:label1\" content=\"Estimated reading time\" \/>\n\t<meta name=\"twitter:data1\" content=\"2 minutes\" \/>\n<script type=\"application\/ld+json\" class=\"yoast-schema-graph\">{\"@context\":\"https:\/\/schema.org\",\"@graph\":[{\"@type\":\"WebPage\",\"@id\":\"https:\/\/roosi.ee\/uurile-anda\/hoone-tatari-58a\/tatari-58a-ruum-122\/\",\"url\":\"https:\/\/roosi.ee\/uurile-anda\/hoone-tatari-58a\/tatari-58a-ruum-122\/\",\"name\":\"TATARI 58a ruum 122 - Roosi\",\"isPartOf\":{\"@id\":\"https:\/\/roosi.ee\/#website\"},\"datePublished\":\"2022-12-22T17:12:46+00:00\",\"dateModified\":\"2026-03-26T11:40:00+00:00\",\"breadcrumb\":{\"@id\":\"https:\/\/roosi.ee\/uurile-anda\/hoone-tatari-58a\/tatari-58a-ruum-122\/#breadcrumb\"},\"inLanguage\":\"en-GB\",\"potentialAction\":[{\"@type\":\"ReadAction\",\"target\":[\"https:\/\/roosi.ee\/uurile-anda\/hoone-tatari-58a\/tatari-58a-ruum-122\/\"]}]},{\"@type\":\"BreadcrumbList\",\"@id\":\"https:\/\/roosi.ee\/uurile-anda\/hoone-tatari-58a\/tatari-58a-ruum-122\/#breadcrumb\",\"itemListElement\":[{\"@type\":\"ListItem\",\"position\":1,\"name\":\"Avaleht\",\"item\":\"https:\/\/roosi.ee\/\"},{\"@type\":\"ListItem\",\"position\":2,\"name\":\"\u00dc\u00fcrile anda\",\"item\":\"https:\/\/roosi.ee\/uurile-anda\/\"},{\"@type\":\"ListItem\",\"position\":3,\"name\":\"HOONE TATARI 58a\",\"item\":\"https:\/\/roosi.ee\/uurile-anda\/hoone-tatari-58a\/\"},{\"@type\":\"ListItem\",\"position\":4,\"name\":\"TATARI 58a ruum 122\"}]},{\"@type\":\"WebSite\",\"@id\":\"https:\/\/roosi.ee\/#website\",\"url\":\"https:\/\/roosi.ee\/\",\"name\":\"Roosi\",\"description\":\"\",\"potentialAction\":[{\"@type\":\"SearchAction\",\"target\":{\"@type\":\"EntryPoint\",\"urlTemplate\":\"https:\/\/roosi.ee\/?s={search_term_string}\"},\"query-input\":\"required name=search_term_string\"}],\"inLanguage\":\"en-GB\"}]}<\/script>\n<!-- \/ Yoast SEO plugin. -->","yoast_head_json":{"title":"TATARI 58a ruum 122 - Roosi","robots":{"index":"index","follow":"follow","max-snippet":"max-snippet:-1","max-image-preview":"max-image-preview:large","max-video-preview":"max-video-preview:-1"},"canonical":"https:\/\/roosi.ee\/en\/uurile-anda\/hoone-tatari-58a\/tatari-58a-ruum-122\/","og_locale":"en_GB","og_type":"article","og_title":"TATARI 58a ruum 122 - Roosi","og_description":"\u00dc\u00fcrile anda 8,4 ruutmeetri suurune, hoone esimesel korrusel asuv b\u00fcroopind. Ruumi on hiljuti remonditud. V\u00e4lja on vahetatud k\u00f5ik elektrikaablid, pistikupesad ja valgustid. Ruumi on paigaldatud uued elektriradiaatorid. P\u00f5randakatteks on laminaatparkett. Seinad on v\u00e4rskelt v\u00e4rvitud. Ruumi sissep\u00e4\u00e4suks on uus tulekindel uks. V\u00e4lja on vahetatud k\u00f5ik aknad. Ruumil on eraldi elektriarvesti. Samuti on paigaldatud juhtmestik kaasaegsete kommunikatsioonivahendite [&hellip;]","og_url":"https:\/\/roosi.ee\/en\/uurile-anda\/hoone-tatari-58a\/tatari-58a-ruum-122\/","og_site_name":"Roosi","article_modified_time":"2026-03-26T11:40:00+00:00","og_image":[{"url":"https:\/\/roosi.ee\/wp-content\/uploads\/2022\/12\/tatari58a-122-1-435x487.jpeg"}],"twitter_card":"summary_large_image","twitter_misc":{"Estimated reading time":"2 minutes"},"schema":{"@context":"https:\/\/schema.org","@graph":[{"@type":"WebPage","@id":"https:\/\/roosi.ee\/uurile-anda\/hoone-tatari-58a\/tatari-58a-ruum-122\/","url":"https:\/\/roosi.ee\/uurile-anda\/hoone-tatari-58a\/tatari-58a-ruum-122\/","name":"TATARI 58a ruum 122 - Roosi","isPartOf":{"@id":"https:\/\/roosi.ee\/#website"},"datePublished":"2022-12-22T17:12:46+00:00","dateModified":"2026-03-26T11:40:00+00:00","breadcrumb":{"@id":"https:\/\/roosi.ee\/uurile-anda\/hoone-tatari-58a\/tatari-58a-ruum-122\/#breadcrumb"},"inLanguage":"en-GB","potentialAction":[{"@type":"ReadAction","target":["https:\/\/roosi.ee\/uurile-anda\/hoone-tatari-58a\/tatari-58a-ruum-122\/"]}]},{"@type":"BreadcrumbList","@id":"https:\/\/roosi.ee\/uurile-anda\/hoone-tatari-58a\/tatari-58a-ruum-122\/#breadcrumb","itemListElement":[{"@type":"ListItem","position":1,"name":"Avaleht","item":"https:\/\/roosi.ee\/"},{"@type":"ListItem","position":2,"name":"\u00dc\u00fcrile anda","item":"https:\/\/roosi.ee\/uurile-anda\/"},{"@type":"ListItem","position":3,"name":"HOONE TATARI 58a","item":"https:\/\/roosi.ee\/uurile-anda\/hoone-tatari-58a\/"},{"@type":"ListItem","position":4,"name":"TATARI 58a ruum 122"}]},{"@type":"WebSite","@id":"https:\/\/roosi.ee\/#website","url":"https:\/\/roosi.ee\/","name":"Roosi","description":"","potentialAction":[{"@type":"SearchAction","target":{"@type":"EntryPoint","urlTemplate":"https:\/\/roosi.ee\/?s={search_term_string}"},"query-input":"required name=search_term_string"}],"inLanguage":"en-GB"}]}},"_links":{"self":[{"href":"https:\/\/roosi.ee\/en\/wp-json\/wp\/v2\/pages\/768","targetHints":{"allow":["GET"]}}],"collection":[{"href":"https:\/\/roosi.ee\/en\/wp-json\/wp\/v2\/pages"}],"about":[{"href":"https:\/\/roosi.ee\/en\/wp-json\/wp\/v2\/types\/page"}],"author":[{"embeddable":true,"href":"https:\/\/roosi.ee\/en\/wp-json\/wp\/v2\/users\/1"}],"replies":[{"embeddable":true,"href":"https:\/\/roosi.ee\/en\/wp-json\/wp\/v2\/comments?post=768"}],"version-history":[{"count":7,"href":"https:\/\/roosi.ee\/en\/wp-json\/wp\/v2\/pages\/768\/revisions"}],"predecessor-version":[{"id":1379,"href":"https:\/\/roosi.ee\/en\/wp-json\/wp\/v2\/pages\/768\/revisions\/1379"}],"up":[{"embeddable":true,"href":"https:\/\/roosi.ee\/en\/wp-json\/wp\/v2\/pages\/213"}],"wp:attachment":[{"href":"https:\/\/roosi.ee\/en\/wp-json\/wp\/v2\/media?parent=768"}],"curies":[{"name":"wp","href":"https:\/\/api.w.org\/{rel}","templated":true}]}}