{"id":740,"date":"2022-12-22T17:03:36","date_gmt":"2022-12-22T17:03:36","guid":{"rendered":"https:\/\/roosi.ee\/?page_id=740"},"modified":"2026-03-26T11:39:17","modified_gmt":"2026-03-26T11:39:17","slug":"tatari-56-ruum-306","status":"publish","type":"page","link":"https:\/\/roosi.ee\/en\/uurile-anda\/hoone-tatari-56\/tatari-56-ruum-306\/","title":{"rendered":"TATARI 56 ruum 306"},"content":{"rendered":"<div data-elementor-type=\"wp-page\" data-elementor-id=\"740\" class=\"elementor elementor-740\">\n\t\t\t\t\t\t\t\t\t<section class=\"elementor-section elementor-top-section elementor-element elementor-element-284fd7f elementor-section-boxed elementor-section-height-default elementor-section-height-default\" data-id=\"284fd7f\" data-element_type=\"section\">\n\t\t\t\t\t\t<div class=\"elementor-container elementor-column-gap-default\">\n\t\t\t\t\t<div class=\"elementor-column elementor-col-100 elementor-top-column elementor-element elementor-element-70021c8d\" data-id=\"70021c8d\" data-element_type=\"column\">\n\t\t\t<div class=\"elementor-widget-wrap elementor-element-populated\">\n\t\t\t\t\t\t\t\t<div class=\"elementor-element elementor-element-b954902 elementor-widget elementor-widget-text-editor\" data-id=\"b954902\" data-element_type=\"widget\" data-widget_type=\"text-editor.default\">\n\t\t\t\t<div class=\"elementor-widget-container\">\n\t\t\t<style>\/*! elementor - v3.9.0 - 06-12-2022 *\/\n.elementor-widget-text-editor.elementor-drop-cap-view-stacked .elementor-drop-cap{background-color:#818a91;color:#fff}.elementor-widget-text-editor.elementor-drop-cap-view-framed .elementor-drop-cap{color:#818a91;border:3px solid;background-color:transparent}.elementor-widget-text-editor:not(.elementor-drop-cap-view-default) .elementor-drop-cap{margin-top:8px}.elementor-widget-text-editor:not(.elementor-drop-cap-view-default) .elementor-drop-cap-letter{width:1em;height:1em}.elementor-widget-text-editor .elementor-drop-cap{float:left;text-align:center;line-height:1;font-size:50px}.elementor-widget-text-editor .elementor-drop-cap-letter{display:inline-block}<\/style>\t\t\t\t<p>\u00dc\u00fcrile anda kaasaegne 19,7 ruutmeetri suurune, hoone 3.korrusel asuv b\u00fcrooruum. Ruum on heas seisukorras, hiljuti renoveeritud \u2013 seinad on v\u00e4rvitud ja p\u00f5randakatteks laminaatparkett. Ruumis on konditsioneer (samuti toimib ventilatsiooni n\u00e4ol).<\/p><p>Third floor lessees have the opportunity to use the private floor terrace that is ideal to use in summer period. On the floor lobby corner is the sofa that can be used by the company quests. There is also a kitchenette on the floor for communal usage.<\/p><p>Hoone on varustatud t\u00e4nap\u00e4evase turvas\u00fcsteemi lahenduse ja kommunikatsioonivahenditega (hoones on saadaval kiireks inteneti\u00fchenduseks nii Elisa kui ka Telia valguskaabel).<\/p><p>Elektroonilise sissep\u00e4\u00e4sus\u00fcsteemi abil on ruumi vaba juurdep\u00e4\u00e4s 24\/7 (ukseavamiseks kasutusel sobilikud turvakiibid).<\/p>\t\t\t\t\t\t<\/div>\n\t\t\t\t<\/div>\n\t\t\t\t\t<\/div>\n\t\t<\/div>\n\t\t\t\t\t\t\t<\/div>\n\t\t<\/section>\n\t\t\t\t<section class=\"elementor-section elementor-top-section elementor-element elementor-element-4854908 elementor-section-boxed elementor-section-height-default elementor-section-height-default\" data-id=\"4854908\" data-element_type=\"section\">\n\t\t\t\t\t\t<div class=\"elementor-container elementor-column-gap-default\">\n\t\t\t\t\t<div class=\"elementor-column elementor-col-100 elementor-top-column elementor-element elementor-element-d925482\" data-id=\"d925482\" data-element_type=\"column\">\n\t\t\t<div class=\"elementor-widget-wrap elementor-element-populated\">\n\t\t\t\t\t\t\t\t<div class=\"elementor-element elementor-element-8616850 elementor-widget elementor-widget-image-gallery\" data-id=\"8616850\" data-element_type=\"widget\" data-widget_type=\"image-gallery.default\">\n\t\t\t\t<div class=\"elementor-widget-container\">\n\t\t\t<style>\/*! elementor - v3.9.0 - 06-12-2022 *\/\n.elementor-image-gallery .gallery-item{display:inline-block;text-align:center;vertical-align:top;width:100%;max-width:100%;margin:0 auto}.elementor-image-gallery .gallery-item img{margin:0 auto}.elementor-image-gallery .gallery-item .gallery-caption{margin:0}.elementor-image-gallery figure img{display:block}.elementor-image-gallery figure figcaption{width:100%}.gallery-spacing-custom .elementor-image-gallery .gallery-icon{padding:0}@media (min-width:768px){.elementor-image-gallery .gallery-columns-2 .gallery-item{max-width:50%}.elementor-image-gallery .gallery-columns-3 .gallery-item{max-width:33.33%}.elementor-image-gallery .gallery-columns-4 .gallery-item{max-width:25%}.elementor-image-gallery .gallery-columns-5 .gallery-item{max-width:20%}.elementor-image-gallery .gallery-columns-6 .gallery-item{max-width:16.666%}.elementor-image-gallery .gallery-columns-7 .gallery-item{max-width:14.28%}.elementor-image-gallery .gallery-columns-8 .gallery-item{max-width:12.5%}.elementor-image-gallery .gallery-columns-9 .gallery-item{max-width:11.11%}.elementor-image-gallery .gallery-columns-10 .gallery-item{max-width:10%}}@media (min-width:480px) and (max-width:767px){.elementor-image-gallery .gallery.gallery-columns-2 .gallery-item,.elementor-image-gallery .gallery.gallery-columns-3 .gallery-item,.elementor-image-gallery .gallery.gallery-columns-4 .gallery-item,.elementor-image-gallery .gallery.gallery-columns-5 .gallery-item,.elementor-image-gallery .gallery.gallery-columns-6 .gallery-item,.elementor-image-gallery .gallery.gallery-columns-7 .gallery-item,.elementor-image-gallery .gallery.gallery-columns-8 .gallery-item,.elementor-image-gallery .gallery.gallery-columns-9 .gallery-item,.elementor-image-gallery .gallery.gallery-columns-10 .gallery-item{max-width:50%}}@media (max-width:479px){.elementor-image-gallery .gallery.gallery-columns-2 .gallery-item,.elementor-image-gallery .gallery.gallery-columns-3 .gallery-item,.elementor-image-gallery .gallery.gallery-columns-4 .gallery-item,.elementor-image-gallery .gallery.gallery-columns-5 .gallery-item,.elementor-image-gallery .gallery.gallery-columns-6 .gallery-item,.elementor-image-gallery .gallery.gallery-columns-7 .gallery-item,.elementor-image-gallery .gallery.gallery-columns-8 .gallery-item,.elementor-image-gallery .gallery.gallery-columns-9 .gallery-item,.elementor-image-gallery .gallery.gallery-columns-10 .gallery-item{max-width:100%}}<\/style>\t\t<div class=\"elementor-image-gallery\">\n\t\t\t<div id='gallery-1' class='gallery galleryid-740 gallery-columns-3 gallery-size-portfolio'><figure class='gallery-item'>\n\t\t\t<div class='gallery-icon landscape'>\n\t\t\t\t<a data-elementor-open-lightbox=\"yes\" data-elementor-lightbox-slideshow=\"8616850\" data-elementor-lightbox-title=\"tatari56-306-1\" e-action-hash=\"#elementor-action%3Aaction%3Dlightbox%26settings%3DeyJpZCI6OTQ1LCJ1cmwiOiJodHRwczpcL1wvcm9vc2kuZWVcL3dwLWNvbnRlbnRcL3VwbG9hZHNcLzIwMjJcLzEyXC90YXRhcmk1Ni0zMDYtMS5qcGVnIiwic2xpZGVzaG93IjoiODYxNjg1MCJ9\" href='https:\/\/roosi.ee\/wp-content\/uploads\/2022\/12\/tatari56-306-1.jpeg'><img loading=\"lazy\" decoding=\"async\" width=\"435\" height=\"487\" src=\"https:\/\/roosi.ee\/wp-content\/uploads\/2022\/12\/tatari56-306-1-435x487.jpeg\" class=\"attachment-portfolio size-portfolio\" alt=\"\" \/><\/a>\n\t\t\t<\/div><\/figure><figure class='gallery-item'>\n\t\t\t<div class='gallery-icon landscape'>\n\t\t\t\t<a data-elementor-open-lightbox=\"yes\" data-elementor-lightbox-slideshow=\"8616850\" data-elementor-lightbox-title=\"tatari56-306-2\" e-action-hash=\"#elementor-action%3Aaction%3Dlightbox%26settings%3DeyJpZCI6OTQ0LCJ1cmwiOiJodHRwczpcL1wvcm9vc2kuZWVcL3dwLWNvbnRlbnRcL3VwbG9hZHNcLzIwMjJcLzEyXC90YXRhcmk1Ni0zMDYtMi5qcGVnIiwic2xpZGVzaG93IjoiODYxNjg1MCJ9\" href='https:\/\/roosi.ee\/wp-content\/uploads\/2022\/12\/tatari56-306-2.jpeg'><img loading=\"lazy\" decoding=\"async\" width=\"435\" height=\"487\" src=\"https:\/\/roosi.ee\/wp-content\/uploads\/2022\/12\/tatari56-306-2-435x487.jpeg\" class=\"attachment-portfolio size-portfolio\" alt=\"\" \/><\/a>\n\t\t\t<\/div><\/figure><figure class='gallery-item'>\n\t\t\t<div class='gallery-icon landscape'>\n\t\t\t\t<a data-elementor-open-lightbox=\"yes\" data-elementor-lightbox-slideshow=\"8616850\" data-elementor-lightbox-title=\"tatari56-306-3\" e-action-hash=\"#elementor-action%3Aaction%3Dlightbox%26settings%3DeyJpZCI6OTQzLCJ1cmwiOiJodHRwczpcL1wvcm9vc2kuZWVcL3dwLWNvbnRlbnRcL3VwbG9hZHNcLzIwMjJcLzEyXC90YXRhcmk1Ni0zMDYtMy5qcGVnIiwic2xpZGVzaG93IjoiODYxNjg1MCJ9\" href='https:\/\/roosi.ee\/wp-content\/uploads\/2022\/12\/tatari56-306-3.jpeg'><img loading=\"lazy\" decoding=\"async\" width=\"435\" height=\"487\" src=\"https:\/\/roosi.ee\/wp-content\/uploads\/2022\/12\/tatari56-306-3-435x487.jpeg\" class=\"attachment-portfolio size-portfolio\" alt=\"\" \/><\/a>\n\t\t\t<\/div><\/figure><figure class='gallery-item'>\n\t\t\t<div class='gallery-icon landscape'>\n\t\t\t\t<a data-elementor-open-lightbox=\"yes\" data-elementor-lightbox-slideshow=\"8616850\" data-elementor-lightbox-title=\"tatari56-306-5\" e-action-hash=\"#elementor-action%3Aaction%3Dlightbox%26settings%3DeyJpZCI6OTQxLCJ1cmwiOiJodHRwczpcL1wvcm9vc2kuZWVcL3dwLWNvbnRlbnRcL3VwbG9hZHNcLzIwMjJcLzEyXC90YXRhcmk1Ni0zMDYtNS5qcGVnIiwic2xpZGVzaG93IjoiODYxNjg1MCJ9\" href='https:\/\/roosi.ee\/wp-content\/uploads\/2022\/12\/tatari56-306-5.jpeg'><img loading=\"lazy\" decoding=\"async\" width=\"435\" height=\"487\" src=\"https:\/\/roosi.ee\/wp-content\/uploads\/2022\/12\/tatari56-306-5-435x487.jpeg\" class=\"attachment-portfolio size-portfolio\" alt=\"\" \/><\/a>\n\t\t\t<\/div><\/figure><figure class='gallery-item'>\n\t\t\t<div class='gallery-icon landscape'>\n\t\t\t\t<a data-elementor-open-lightbox=\"yes\" data-elementor-lightbox-slideshow=\"8616850\" data-elementor-lightbox-title=\"tatari56-306-4\" e-action-hash=\"#elementor-action%3Aaction%3Dlightbox%26settings%3DeyJpZCI6OTQwLCJ1cmwiOiJodHRwczpcL1wvcm9vc2kuZWVcL3dwLWNvbnRlbnRcL3VwbG9hZHNcLzIwMjJcLzEyXC90YXRhcmk1Ni0zMDYtNC5qcGVnIiwic2xpZGVzaG93IjoiODYxNjg1MCJ9\" href='https:\/\/roosi.ee\/wp-content\/uploads\/2022\/12\/tatari56-306-4.jpeg'><img loading=\"lazy\" decoding=\"async\" width=\"435\" height=\"487\" src=\"https:\/\/roosi.ee\/wp-content\/uploads\/2022\/12\/tatari56-306-4-435x487.jpeg\" class=\"attachment-portfolio size-portfolio\" alt=\"\" \/><\/a>\n\t\t\t<\/div><\/figure>\n\t\t<\/div>\n\t\t<\/div>\n\t\t\t\t<\/div>\n\t\t\t\t<\/div>\n\t\t\t\t\t<\/div>\n\t\t<\/div>\n\t\t\t\t\t\t\t<\/div>\n\t\t<\/section>\n\t\t\t\t\t\t\t<\/div>","protected":false},"excerpt":{"rendered":"<p>\u00dc\u00fcrile anda kaasaegne 19,7 ruutmeetri suurune, hoone 3.korrusel asuv b\u00fcrooruum. Ruum on heas seisukorras, hiljuti renoveeritud \u2013 seinad on v\u00e4rvitud ja p\u00f5randakatteks laminaatparkett. Ruumis on konditsioneer (samuti toimib ventilatsiooni n\u00e4ol). Kolmandal korruse \u00fc\u00fcrnikel on v\u00f5imalus kasutada privaatset terrassi, mis on ideaalne kasutamiseks suveperioodil. Korruse fuajees asub nurgadiivan, mis sobib kasutamiseks ettev\u00f5tte k\u00fclalistele ooteruumina. Lisaks on [&hellip;]<\/p>","protected":false},"author":1,"featured_media":0,"parent":180,"menu_order":44,"comment_status":"closed","ping_status":"closed","template":"","meta":{"footnotes":""},"class_list":["post-740","page","type-page","status-publish","hentry"],"acf":[],"yoast_head":"<!-- This site is optimized with the Yoast SEO plugin v19.11 - https:\/\/yoast.com\/wordpress\/plugins\/seo\/ -->\n<title>TATARI 56 ruum 306 - Roosi<\/title>\n<meta name=\"robots\" content=\"index, follow, max-snippet:-1, max-image-preview:large, max-video-preview:-1\" \/>\n<link rel=\"canonical\" href=\"https:\/\/roosi.ee\/en\/uurile-anda\/hoone-tatari-56\/tatari-56-ruum-306\/\" \/>\n<meta property=\"og:locale\" content=\"en_GB\" \/>\n<meta property=\"og:type\" content=\"article\" \/>\n<meta property=\"og:title\" content=\"TATARI 56 ruum 306 - Roosi\" \/>\n<meta property=\"og:description\" content=\"\u00dc\u00fcrile anda kaasaegne 19,7 ruutmeetri suurune, hoone 3.korrusel asuv b\u00fcrooruum. Ruum on heas seisukorras, hiljuti renoveeritud \u2013 seinad on v\u00e4rvitud ja p\u00f5randakatteks laminaatparkett. Ruumis on konditsioneer (samuti toimib ventilatsiooni n\u00e4ol). Kolmandal korruse \u00fc\u00fcrnikel on v\u00f5imalus kasutada privaatset terrassi, mis on ideaalne kasutamiseks suveperioodil. Korruse fuajees asub nurgadiivan, mis sobib kasutamiseks ettev\u00f5tte k\u00fclalistele ooteruumina. Lisaks on [&hellip;]\" \/>\n<meta property=\"og:url\" content=\"https:\/\/roosi.ee\/en\/uurile-anda\/hoone-tatari-56\/tatari-56-ruum-306\/\" \/>\n<meta property=\"og:site_name\" content=\"Roosi\" \/>\n<meta property=\"article:modified_time\" content=\"2026-03-26T11:39:17+00:00\" \/>\n<meta property=\"og:image\" content=\"https:\/\/roosi.ee\/wp-content\/uploads\/2022\/12\/tatari56-306-1-435x487.jpeg\" \/>\n<meta name=\"twitter:card\" content=\"summary_large_image\" \/>\n<meta name=\"twitter:label1\" content=\"Estimated reading time\" \/>\n\t<meta name=\"twitter:data1\" content=\"2 minutes\" \/>\n<script type=\"application\/ld+json\" class=\"yoast-schema-graph\">{\"@context\":\"https:\/\/schema.org\",\"@graph\":[{\"@type\":\"WebPage\",\"@id\":\"https:\/\/roosi.ee\/uurile-anda\/hoone-tatari-56\/tatari-56-ruum-306\/\",\"url\":\"https:\/\/roosi.ee\/uurile-anda\/hoone-tatari-56\/tatari-56-ruum-306\/\",\"name\":\"TATARI 56 ruum 306 - Roosi\",\"isPartOf\":{\"@id\":\"https:\/\/roosi.ee\/#website\"},\"datePublished\":\"2022-12-22T17:03:36+00:00\",\"dateModified\":\"2026-03-26T11:39:17+00:00\",\"breadcrumb\":{\"@id\":\"https:\/\/roosi.ee\/uurile-anda\/hoone-tatari-56\/tatari-56-ruum-306\/#breadcrumb\"},\"inLanguage\":\"en-GB\",\"potentialAction\":[{\"@type\":\"ReadAction\",\"target\":[\"https:\/\/roosi.ee\/uurile-anda\/hoone-tatari-56\/tatari-56-ruum-306\/\"]}]},{\"@type\":\"BreadcrumbList\",\"@id\":\"https:\/\/roosi.ee\/uurile-anda\/hoone-tatari-56\/tatari-56-ruum-306\/#breadcrumb\",\"itemListElement\":[{\"@type\":\"ListItem\",\"position\":1,\"name\":\"Avaleht\",\"item\":\"https:\/\/roosi.ee\/\"},{\"@type\":\"ListItem\",\"position\":2,\"name\":\"\u00dc\u00fcrile anda\",\"item\":\"https:\/\/roosi.ee\/uurile-anda\/\"},{\"@type\":\"ListItem\",\"position\":3,\"name\":\"HOONE TATARI 56\",\"item\":\"https:\/\/roosi.ee\/uurile-anda\/hoone-tatari-56\/\"},{\"@type\":\"ListItem\",\"position\":4,\"name\":\"TATARI 56 ruum 306\"}]},{\"@type\":\"WebSite\",\"@id\":\"https:\/\/roosi.ee\/#website\",\"url\":\"https:\/\/roosi.ee\/\",\"name\":\"Roosi\",\"description\":\"\",\"potentialAction\":[{\"@type\":\"SearchAction\",\"target\":{\"@type\":\"EntryPoint\",\"urlTemplate\":\"https:\/\/roosi.ee\/?s={search_term_string}\"},\"query-input\":\"required name=search_term_string\"}],\"inLanguage\":\"en-GB\"}]}<\/script>\n<!-- \/ Yoast SEO plugin. -->","yoast_head_json":{"title":"TATARI 56 ruum 306 - Roosi","robots":{"index":"index","follow":"follow","max-snippet":"max-snippet:-1","max-image-preview":"max-image-preview:large","max-video-preview":"max-video-preview:-1"},"canonical":"https:\/\/roosi.ee\/en\/uurile-anda\/hoone-tatari-56\/tatari-56-ruum-306\/","og_locale":"en_GB","og_type":"article","og_title":"TATARI 56 ruum 306 - Roosi","og_description":"\u00dc\u00fcrile anda kaasaegne 19,7 ruutmeetri suurune, hoone 3.korrusel asuv b\u00fcrooruum. Ruum on heas seisukorras, hiljuti renoveeritud \u2013 seinad on v\u00e4rvitud ja p\u00f5randakatteks laminaatparkett. Ruumis on konditsioneer (samuti toimib ventilatsiooni n\u00e4ol). Kolmandal korruse \u00fc\u00fcrnikel on v\u00f5imalus kasutada privaatset terrassi, mis on ideaalne kasutamiseks suveperioodil. Korruse fuajees asub nurgadiivan, mis sobib kasutamiseks ettev\u00f5tte k\u00fclalistele ooteruumina. Lisaks on [&hellip;]","og_url":"https:\/\/roosi.ee\/en\/uurile-anda\/hoone-tatari-56\/tatari-56-ruum-306\/","og_site_name":"Roosi","article_modified_time":"2026-03-26T11:39:17+00:00","og_image":[{"url":"https:\/\/roosi.ee\/wp-content\/uploads\/2022\/12\/tatari56-306-1-435x487.jpeg"}],"twitter_card":"summary_large_image","twitter_misc":{"Estimated reading time":"2 minutes"},"schema":{"@context":"https:\/\/schema.org","@graph":[{"@type":"WebPage","@id":"https:\/\/roosi.ee\/uurile-anda\/hoone-tatari-56\/tatari-56-ruum-306\/","url":"https:\/\/roosi.ee\/uurile-anda\/hoone-tatari-56\/tatari-56-ruum-306\/","name":"TATARI 56 ruum 306 - Roosi","isPartOf":{"@id":"https:\/\/roosi.ee\/#website"},"datePublished":"2022-12-22T17:03:36+00:00","dateModified":"2026-03-26T11:39:17+00:00","breadcrumb":{"@id":"https:\/\/roosi.ee\/uurile-anda\/hoone-tatari-56\/tatari-56-ruum-306\/#breadcrumb"},"inLanguage":"en-GB","potentialAction":[{"@type":"ReadAction","target":["https:\/\/roosi.ee\/uurile-anda\/hoone-tatari-56\/tatari-56-ruum-306\/"]}]},{"@type":"BreadcrumbList","@id":"https:\/\/roosi.ee\/uurile-anda\/hoone-tatari-56\/tatari-56-ruum-306\/#breadcrumb","itemListElement":[{"@type":"ListItem","position":1,"name":"Avaleht","item":"https:\/\/roosi.ee\/"},{"@type":"ListItem","position":2,"name":"\u00dc\u00fcrile anda","item":"https:\/\/roosi.ee\/uurile-anda\/"},{"@type":"ListItem","position":3,"name":"HOONE TATARI 56","item":"https:\/\/roosi.ee\/uurile-anda\/hoone-tatari-56\/"},{"@type":"ListItem","position":4,"name":"TATARI 56 ruum 306"}]},{"@type":"WebSite","@id":"https:\/\/roosi.ee\/#website","url":"https:\/\/roosi.ee\/","name":"Roosi","description":"","potentialAction":[{"@type":"SearchAction","target":{"@type":"EntryPoint","urlTemplate":"https:\/\/roosi.ee\/?s={search_term_string}"},"query-input":"required name=search_term_string"}],"inLanguage":"en-GB"}]}},"_links":{"self":[{"href":"https:\/\/roosi.ee\/en\/wp-json\/wp\/v2\/pages\/740","targetHints":{"allow":["GET"]}}],"collection":[{"href":"https:\/\/roosi.ee\/en\/wp-json\/wp\/v2\/pages"}],"about":[{"href":"https:\/\/roosi.ee\/en\/wp-json\/wp\/v2\/types\/page"}],"author":[{"embeddable":true,"href":"https:\/\/roosi.ee\/en\/wp-json\/wp\/v2\/users\/1"}],"replies":[{"embeddable":true,"href":"https:\/\/roosi.ee\/en\/wp-json\/wp\/v2\/comments?post=740"}],"version-history":[{"count":7,"href":"https:\/\/roosi.ee\/en\/wp-json\/wp\/v2\/pages\/740\/revisions"}],"predecessor-version":[{"id":1466,"href":"https:\/\/roosi.ee\/en\/wp-json\/wp\/v2\/pages\/740\/revisions\/1466"}],"up":[{"embeddable":true,"href":"https:\/\/roosi.ee\/en\/wp-json\/wp\/v2\/pages\/180"}],"wp:attachment":[{"href":"https:\/\/roosi.ee\/en\/wp-json\/wp\/v2\/media?parent=740"}],"curies":[{"name":"wp","href":"https:\/\/api.w.org\/{rel}","templated":true}]}}