{"id":68,"date":"2022-12-06T13:52:27","date_gmt":"2022-12-06T13:52:27","guid":{"rendered":"https:\/\/wp.roosi.ee\/?page_id=68"},"modified":"2025-02-26T05:57:24","modified_gmt":"2025-02-26T05:57:24","slug":"meie-partnerid","status":"publish","type":"page","link":"https:\/\/roosi.ee\/en\/info\/meie-partnerid\/","title":{"rendered":"Our Partners and Assocaites"},"content":{"rendered":"<p>Legal issues:<\/p>\n<p>&#8211; Advokaadib\u00fcroo COBALT O\u00dc &#8211;\u00a0<a href=\"https:\/\/www.borenius.ee\/\" target=\"_blank\" rel=\"noopener\">www.cobalt.legal<\/a><\/p>\n<p>Book Keeping issues:<\/p>\n<p>&#8211; Finance Art O\u00dc, Inga T\u00f5nisson<\/p>\n<p>Financial advisor:<\/p>\n<p>&#8211; Artur Suits<\/p>\n<p>&nbsp;<\/p>","protected":false},"excerpt":{"rendered":"<p>\u00d5igusalased k\u00fcsimused: &#8211; Advokaadib\u00fcroo COBALT O\u00dc &#8211;\u00a0www.cobalt.legal Raamatupidamine: &#8211; Finance Art O\u00dc, Inga T\u00f5nisson Ettev\u00f5tte n\u00f5ustaja finantsalal: &#8211; Artur Suits &nbsp;<\/p>","protected":false},"author":1,"featured_media":0,"parent":29,"menu_order":13,"comment_status":"closed","ping_status":"closed","template":"","meta":{"footnotes":""},"class_list":["post-68","page","type-page","status-publish","hentry"],"acf":[],"yoast_head":"<!-- This site is optimized with the Yoast SEO plugin v19.11 - https:\/\/yoast.com\/wordpress\/plugins\/seo\/ -->\n<title>Meie partnerid - Roosi<\/title>\n<meta name=\"robots\" content=\"index, follow, max-snippet:-1, max-image-preview:large, max-video-preview:-1\" \/>\n<link rel=\"canonical\" href=\"https:\/\/roosi.ee\/en\/info\/meie-partnerid\/\" \/>\n<meta property=\"og:locale\" content=\"en_GB\" \/>\n<meta property=\"og:type\" content=\"article\" \/>\n<meta property=\"og:title\" content=\"Meie partnerid - Roosi\" \/>\n<meta property=\"og:description\" content=\"\u00d5igusalased k\u00fcsimused: &#8211; Advokaadib\u00fcroo COBALT O\u00dc &#8211;\u00a0www.cobalt.legal Raamatupidamine: &#8211; Finance Art O\u00dc, Inga T\u00f5nisson Ettev\u00f5tte n\u00f5ustaja finantsalal: &#8211; Artur Suits &nbsp;\" \/>\n<meta property=\"og:url\" content=\"https:\/\/roosi.ee\/en\/info\/meie-partnerid\/\" \/>\n<meta property=\"og:site_name\" content=\"Roosi\" \/>\n<meta property=\"article:modified_time\" content=\"2025-02-26T05:57:24+00:00\" \/>\n<meta name=\"twitter:card\" content=\"summary_large_image\" \/>\n<meta name=\"twitter:label1\" content=\"Estimated reading time\" \/>\n\t<meta name=\"twitter:data1\" content=\"1 minute\" \/>\n<script type=\"application\/ld+json\" class=\"yoast-schema-graph\">{\"@context\":\"https:\/\/schema.org\",\"@graph\":[{\"@type\":\"WebPage\",\"@id\":\"https:\/\/roosi.ee\/info\/meie-partnerid\/\",\"url\":\"https:\/\/roosi.ee\/info\/meie-partnerid\/\",\"name\":\"Meie partnerid - Roosi\",\"isPartOf\":{\"@id\":\"https:\/\/roosi.ee\/#website\"},\"datePublished\":\"2022-12-06T13:52:27+00:00\",\"dateModified\":\"2025-02-26T05:57:24+00:00\",\"breadcrumb\":{\"@id\":\"https:\/\/roosi.ee\/info\/meie-partnerid\/#breadcrumb\"},\"inLanguage\":\"en-GB\",\"potentialAction\":[{\"@type\":\"ReadAction\",\"target\":[\"https:\/\/roosi.ee\/info\/meie-partnerid\/\"]}]},{\"@type\":\"BreadcrumbList\",\"@id\":\"https:\/\/roosi.ee\/info\/meie-partnerid\/#breadcrumb\",\"itemListElement\":[{\"@type\":\"ListItem\",\"position\":1,\"name\":\"Avaleht\",\"item\":\"https:\/\/roosi.ee\/\"},{\"@type\":\"ListItem\",\"position\":2,\"name\":\"Info\",\"item\":\"https:\/\/roosi.ee\/info\/\"},{\"@type\":\"ListItem\",\"position\":3,\"name\":\"Meie partnerid\"}]},{\"@type\":\"WebSite\",\"@id\":\"https:\/\/roosi.ee\/#website\",\"url\":\"https:\/\/roosi.ee\/\",\"name\":\"Roosi\",\"description\":\"\",\"potentialAction\":[{\"@type\":\"SearchAction\",\"target\":{\"@type\":\"EntryPoint\",\"urlTemplate\":\"https:\/\/roosi.ee\/?s={search_term_string}\"},\"query-input\":\"required name=search_term_string\"}],\"inLanguage\":\"en-GB\"}]}<\/script>\n<!-- \/ Yoast SEO plugin. -->","yoast_head_json":{"title":"Meie partnerid - Roosi","robots":{"index":"index","follow":"follow","max-snippet":"max-snippet:-1","max-image-preview":"max-image-preview:large","max-video-preview":"max-video-preview:-1"},"canonical":"https:\/\/roosi.ee\/en\/info\/meie-partnerid\/","og_locale":"en_GB","og_type":"article","og_title":"Meie partnerid - Roosi","og_description":"\u00d5igusalased k\u00fcsimused: &#8211; Advokaadib\u00fcroo COBALT O\u00dc &#8211;\u00a0www.cobalt.legal Raamatupidamine: &#8211; Finance Art O\u00dc, Inga T\u00f5nisson Ettev\u00f5tte n\u00f5ustaja finantsalal: &#8211; Artur Suits &nbsp;","og_url":"https:\/\/roosi.ee\/en\/info\/meie-partnerid\/","og_site_name":"Roosi","article_modified_time":"2025-02-26T05:57:24+00:00","twitter_card":"summary_large_image","twitter_misc":{"Estimated reading time":"1 minute"},"schema":{"@context":"https:\/\/schema.org","@graph":[{"@type":"WebPage","@id":"https:\/\/roosi.ee\/info\/meie-partnerid\/","url":"https:\/\/roosi.ee\/info\/meie-partnerid\/","name":"Meie partnerid - Roosi","isPartOf":{"@id":"https:\/\/roosi.ee\/#website"},"datePublished":"2022-12-06T13:52:27+00:00","dateModified":"2025-02-26T05:57:24+00:00","breadcrumb":{"@id":"https:\/\/roosi.ee\/info\/meie-partnerid\/#breadcrumb"},"inLanguage":"en-GB","potentialAction":[{"@type":"ReadAction","target":["https:\/\/roosi.ee\/info\/meie-partnerid\/"]}]},{"@type":"BreadcrumbList","@id":"https:\/\/roosi.ee\/info\/meie-partnerid\/#breadcrumb","itemListElement":[{"@type":"ListItem","position":1,"name":"Avaleht","item":"https:\/\/roosi.ee\/"},{"@type":"ListItem","position":2,"name":"Info","item":"https:\/\/roosi.ee\/info\/"},{"@type":"ListItem","position":3,"name":"Meie partnerid"}]},{"@type":"WebSite","@id":"https:\/\/roosi.ee\/#website","url":"https:\/\/roosi.ee\/","name":"Roosi","description":"","potentialAction":[{"@type":"SearchAction","target":{"@type":"EntryPoint","urlTemplate":"https:\/\/roosi.ee\/?s={search_term_string}"},"query-input":"required name=search_term_string"}],"inLanguage":"en-GB"}]}},"_links":{"self":[{"href":"https:\/\/roosi.ee\/en\/wp-json\/wp\/v2\/pages\/68","targetHints":{"allow":["GET"]}}],"collection":[{"href":"https:\/\/roosi.ee\/en\/wp-json\/wp\/v2\/pages"}],"about":[{"href":"https:\/\/roosi.ee\/en\/wp-json\/wp\/v2\/types\/page"}],"author":[{"embeddable":true,"href":"https:\/\/roosi.ee\/en\/wp-json\/wp\/v2\/users\/1"}],"replies":[{"embeddable":true,"href":"https:\/\/roosi.ee\/en\/wp-json\/wp\/v2\/comments?post=68"}],"version-history":[{"count":7,"href":"https:\/\/roosi.ee\/en\/wp-json\/wp\/v2\/pages\/68\/revisions"}],"predecessor-version":[{"id":1388,"href":"https:\/\/roosi.ee\/en\/wp-json\/wp\/v2\/pages\/68\/revisions\/1388"}],"up":[{"embeddable":true,"href":"https:\/\/roosi.ee\/en\/wp-json\/wp\/v2\/pages\/29"}],"wp:attachment":[{"href":"https:\/\/roosi.ee\/en\/wp-json\/wp\/v2\/media?parent=68"}],"curies":[{"name":"wp","href":"https:\/\/api.w.org\/{rel}","templated":true}]}}