{"id":567,"date":"2022-12-16T05:19:36","date_gmt":"2022-12-16T05:19:36","guid":{"rendered":"https:\/\/roosi.ee\/?page_id=567"},"modified":"2026-03-26T11:39:41","modified_gmt":"2026-03-26T11:39:41","slug":"tatari-56b-ruum-210","status":"publish","type":"page","link":"https:\/\/roosi.ee\/en\/uurile-anda\/hoone-tatari-56b\/tatari-56b-ruum-210\/","title":{"rendered":"TATARI 56b room 210"},"content":{"rendered":"<p>Ruum on heas seisukorras \u2013 seinad on v\u00e4rvitud ja p\u00f5randakatteks laminaatparkett. Ruumis on t\u00f6\u00f6korras signalisatsioon.<\/p>\n<p>On the second-floor corridor is located toilet room. The same floor lessees have a good opportunity to use the kitchen.<\/p>\n<p>Utilities<\/p>\n<p>Electricity \u2013 all the rooms in the building are equipped with separate electrical meters.<\/p>\n<p>Heating system - the building is having a new inner central heating system.<\/p>\n<p>Communication systems - new and speed wiring communications systems (high-speed internet cables of both Elisa and Telia are available in the building).<\/p>\n<p>Lessees are having the flexibility to use the premises 24\/7 due to our security systems, (with an appropriate security tablet key).<\/p>\n<p>Paid parking is available in front of the house, or in the parking area in the backyard of the building.<\/p>\n<p>The Tatari central bus stop is next to the building.<\/p>\n<style>\/*! elementor - v3.9.0 - 06-12-2022 *\/<br \/>.elementor-image-gallery .gallery-item{display:inline-block;text-align:center;vertical-align:top;width:100%;max-width:100%;margin:0 auto}.elementor-image-gallery .gallery-item img{margin:0 auto}.elementor-image-gallery .gallery-item .gallery-caption{margin:0}.elementor-image-gallery figure img{display:block}.elementor-image-gallery figure figcaption{width:100%}.gallery-spacing-custom .elementor-image-gallery .gallery-icon{padding:0}@media (min-width:768px){.elementor-image-gallery .gallery-columns-2 .gallery-item{max-width:50%}.elementor-image-gallery .gallery-columns-3 .gallery-item{max-width:33.33%}.elementor-image-gallery .gallery-columns-4 .gallery-item{max-width:25%}.elementor-image-gallery .gallery-columns-5 .gallery-item{max-width:20%}.elementor-image-gallery .gallery-columns-6 .gallery-item{max-width:16.666%}.elementor-image-gallery .gallery-columns-7 .gallery-item{max-width:14.28%}.elementor-image-gallery .gallery-columns-8 .gallery-item{max-width:12.5%}.elementor-image-gallery .gallery-columns-9 .gallery-item{max-width:11.11%}.elementor-image-gallery .gallery-columns-10 .gallery-item{max-width:10%}}@media (min-width:480px) and (max-width:767px){.elementor-image-gallery .gallery.gallery-columns-2 .gallery-item,.elementor-image-gallery .gallery.gallery-columns-3 .gallery-item,.elementor-image-gallery .gallery.gallery-columns-4 .gallery-item,.elementor-image-gallery .gallery.gallery-columns-5 .gallery-item,.elementor-image-gallery .gallery.gallery-columns-6 .gallery-item,.elementor-image-gallery .gallery.gallery-columns-7 .gallery-item,.elementor-image-gallery .gallery.gallery-columns-8 .gallery-item,.elementor-image-gallery .gallery.gallery-columns-9 .gallery-item,.elementor-image-gallery .gallery.gallery-columns-10 .gallery-item{max-width:50%}}@media (max-width:479px){.elementor-image-gallery .gallery.gallery-columns-2 .gallery-item,.elementor-image-gallery .gallery.gallery-columns-3 .gallery-item,.elementor-image-gallery .gallery.gallery-columns-4 .gallery-item,.elementor-image-gallery .gallery.gallery-columns-5 .gallery-item,.elementor-image-gallery .gallery.gallery-columns-6 .gallery-item,.elementor-image-gallery .gallery.gallery-columns-7 .gallery-item,.elementor-image-gallery .gallery.gallery-columns-8 .gallery-item,.elementor-image-gallery .gallery.gallery-columns-9 .gallery-item,.elementor-image-gallery .gallery.gallery-columns-10 .gallery-item{max-width:100%}}<\/style>\n<figure class=\"gallery-item\"><a href=\"https:\/\/roosi.ee\/wp-content\/uploads\/2022\/12\/56b-210-5.jpeg\" data-elementor-open-lightbox=\"yes\" data-elementor-lightbox-slideshow=\"a8cf824\" data-elementor-lightbox-title=\"56b-210-5\"><img loading=\"lazy\" decoding=\"async\" src=\"https:\/\/roosi.ee\/wp-content\/uploads\/2022\/12\/56b-210-5.jpeg\" sizes=\"auto, (max-width: 640px) 100vw, 640px\" srcset=\"https:\/\/roosi.ee\/wp-content\/uploads\/2022\/12\/56b-210-5.jpeg 800w, https:\/\/roosi.ee\/wp-content\/uploads\/2022\/12\/56b-210-5-300x225.jpeg 300w, https:\/\/roosi.ee\/wp-content\/uploads\/2022\/12\/56b-210-5-768x576.jpeg 768w, https:\/\/roosi.ee\/wp-content\/uploads\/2022\/12\/56b-210-5-16x12.jpeg 16w\" alt=\"\" width=\"640\" height=\"480\" \/><\/a><\/figure>\n<figure class=\"gallery-item\"><a href=\"https:\/\/roosi.ee\/wp-content\/uploads\/2022\/12\/56b-210-4.jpeg\" data-elementor-open-lightbox=\"yes\" data-elementor-lightbox-slideshow=\"a8cf824\" data-elementor-lightbox-title=\"56b-210-4\"><img loading=\"lazy\" decoding=\"async\" src=\"https:\/\/roosi.ee\/wp-content\/uploads\/2022\/12\/56b-210-4.jpeg\" sizes=\"auto, (max-width: 640px) 100vw, 640px\" srcset=\"https:\/\/roosi.ee\/wp-content\/uploads\/2022\/12\/56b-210-4.jpeg 800w, https:\/\/roosi.ee\/wp-content\/uploads\/2022\/12\/56b-210-4-300x225.jpeg 300w, https:\/\/roosi.ee\/wp-content\/uploads\/2022\/12\/56b-210-4-768x576.jpeg 768w, https:\/\/roosi.ee\/wp-content\/uploads\/2022\/12\/56b-210-4-16x12.jpeg 16w\" alt=\"\" width=\"640\" height=\"480\" \/><\/a><\/figure>\n<figure class=\"gallery-item\"><a href=\"https:\/\/roosi.ee\/wp-content\/uploads\/2022\/12\/56b-210-3.jpeg\" data-elementor-open-lightbox=\"yes\" data-elementor-lightbox-slideshow=\"a8cf824\" data-elementor-lightbox-title=\"56b-210-3\"><img loading=\"lazy\" decoding=\"async\" src=\"https:\/\/roosi.ee\/wp-content\/uploads\/2022\/12\/56b-210-3.jpeg\" sizes=\"auto, (max-width: 640px) 100vw, 640px\" srcset=\"https:\/\/roosi.ee\/wp-content\/uploads\/2022\/12\/56b-210-3.jpeg 800w, https:\/\/roosi.ee\/wp-content\/uploads\/2022\/12\/56b-210-3-300x225.jpeg 300w, https:\/\/roosi.ee\/wp-content\/uploads\/2022\/12\/56b-210-3-768x576.jpeg 768w, https:\/\/roosi.ee\/wp-content\/uploads\/2022\/12\/56b-210-3-16x12.jpeg 16w\" alt=\"\" width=\"640\" height=\"480\" \/><\/a><\/figure>\n<figure class=\"gallery-item\"><a href=\"https:\/\/roosi.ee\/wp-content\/uploads\/2022\/12\/56b-210-2.jpeg\" data-elementor-open-lightbox=\"yes\" data-elementor-lightbox-slideshow=\"a8cf824\" data-elementor-lightbox-title=\"56b-210-2\"><img loading=\"lazy\" decoding=\"async\" src=\"https:\/\/roosi.ee\/wp-content\/uploads\/2022\/12\/56b-210-2.jpeg\" sizes=\"auto, (max-width: 640px) 100vw, 640px\" srcset=\"https:\/\/roosi.ee\/wp-content\/uploads\/2022\/12\/56b-210-2.jpeg 800w, https:\/\/roosi.ee\/wp-content\/uploads\/2022\/12\/56b-210-2-300x225.jpeg 300w, https:\/\/roosi.ee\/wp-content\/uploads\/2022\/12\/56b-210-2-768x576.jpeg 768w, https:\/\/roosi.ee\/wp-content\/uploads\/2022\/12\/56b-210-2-16x12.jpeg 16w\" alt=\"\" width=\"640\" height=\"480\" \/><\/a><\/figure>\n<figure class=\"gallery-item\"><a href=\"https:\/\/roosi.ee\/wp-content\/uploads\/2022\/12\/56b-210-1.jpeg\" data-elementor-open-lightbox=\"yes\" data-elementor-lightbox-slideshow=\"a8cf824\" data-elementor-lightbox-title=\"56b-210-1\"><img loading=\"lazy\" decoding=\"async\" src=\"https:\/\/roosi.ee\/wp-content\/uploads\/2022\/12\/56b-210-1.jpeg\" sizes=\"auto, (max-width: 640px) 100vw, 640px\" srcset=\"https:\/\/roosi.ee\/wp-content\/uploads\/2022\/12\/56b-210-1.jpeg 800w, https:\/\/roosi.ee\/wp-content\/uploads\/2022\/12\/56b-210-1-300x225.jpeg 300w, https:\/\/roosi.ee\/wp-content\/uploads\/2022\/12\/56b-210-1-768x576.jpeg 768w, https:\/\/roosi.ee\/wp-content\/uploads\/2022\/12\/56b-210-1-16x12.jpeg 16w\" alt=\"\" width=\"640\" height=\"480\" \/><\/a><\/figure>","protected":false},"excerpt":{"rendered":"<p>Ruum on heas seisukorras \u2013 seinad on v\u00e4rvitud ja p\u00f5randakatteks laminaatparkett. Ruumis on t\u00f6\u00f6korras signalisatsioon. Tualettruum asub teise korruse koridoris. Teise korruse \u00fc\u00fcrnikel on hea v\u00f5imalus kasutada samal korrusel asuvat k\u00f6\u00f6ki. Kommunaalteenused: Elekter \u2013 hoone k\u00f5ik ruumid on varustatud eraldi elektriarvestitega. K\u00fcttes\u00fcsteem &#8211; hoonel on uus keskk\u00fcttes\u00fcsteem. Kommunikatsioonivahendid &#8211; hoones on saadaval kiireks interneti\u00fchenduseks nii [&hellip;]<\/p>","protected":false},"author":1,"featured_media":0,"parent":194,"menu_order":58,"comment_status":"closed","ping_status":"closed","template":"","meta":{"footnotes":""},"class_list":["post-567","page","type-page","status-publish","hentry"],"acf":[],"yoast_head":"<!-- This site is optimized with the Yoast SEO plugin v19.11 - https:\/\/yoast.com\/wordpress\/plugins\/seo\/ -->\n<title>TATARI 56b ruum 210 - Roosi<\/title>\n<meta name=\"robots\" content=\"index, follow, max-snippet:-1, max-image-preview:large, max-video-preview:-1\" \/>\n<link rel=\"canonical\" href=\"https:\/\/roosi.ee\/en\/uurile-anda\/hoone-tatari-56b\/tatari-56b-ruum-210\/\" \/>\n<meta property=\"og:locale\" content=\"en_GB\" \/>\n<meta property=\"og:type\" content=\"article\" \/>\n<meta property=\"og:title\" content=\"TATARI 56b ruum 210 - Roosi\" \/>\n<meta property=\"og:description\" content=\"Ruum on heas seisukorras \u2013 seinad on v\u00e4rvitud ja p\u00f5randakatteks laminaatparkett. Ruumis on t\u00f6\u00f6korras signalisatsioon. Tualettruum asub teise korruse koridoris. Teise korruse \u00fc\u00fcrnikel on hea v\u00f5imalus kasutada samal korrusel asuvat k\u00f6\u00f6ki. Kommunaalteenused: Elekter \u2013 hoone k\u00f5ik ruumid on varustatud eraldi elektriarvestitega. K\u00fcttes\u00fcsteem &#8211; hoonel on uus keskk\u00fcttes\u00fcsteem. Kommunikatsioonivahendid &#8211; hoones on saadaval kiireks interneti\u00fchenduseks nii [&hellip;]\" \/>\n<meta property=\"og:url\" content=\"https:\/\/roosi.ee\/en\/uurile-anda\/hoone-tatari-56b\/tatari-56b-ruum-210\/\" \/>\n<meta property=\"og:site_name\" content=\"Roosi\" \/>\n<meta property=\"article:modified_time\" content=\"2026-03-26T11:39:41+00:00\" \/>\n<meta property=\"og:image\" content=\"https:\/\/roosi.ee\/wp-content\/uploads\/2022\/12\/56b-210-5.jpeg\" \/>\n<meta name=\"twitter:card\" content=\"summary_large_image\" \/>\n<meta name=\"twitter:label1\" content=\"Estimated reading time\" \/>\n\t<meta name=\"twitter:data1\" content=\"2 minutes\" \/>\n<script type=\"application\/ld+json\" class=\"yoast-schema-graph\">{\"@context\":\"https:\/\/schema.org\",\"@graph\":[{\"@type\":\"WebPage\",\"@id\":\"https:\/\/roosi.ee\/uurile-anda\/hoone-tatari-56b\/tatari-56b-ruum-210\/\",\"url\":\"https:\/\/roosi.ee\/uurile-anda\/hoone-tatari-56b\/tatari-56b-ruum-210\/\",\"name\":\"TATARI 56b ruum 210 - Roosi\",\"isPartOf\":{\"@id\":\"https:\/\/roosi.ee\/#website\"},\"datePublished\":\"2022-12-16T05:19:36+00:00\",\"dateModified\":\"2026-03-26T11:39:41+00:00\",\"breadcrumb\":{\"@id\":\"https:\/\/roosi.ee\/uurile-anda\/hoone-tatari-56b\/tatari-56b-ruum-210\/#breadcrumb\"},\"inLanguage\":\"en-GB\",\"potentialAction\":[{\"@type\":\"ReadAction\",\"target\":[\"https:\/\/roosi.ee\/uurile-anda\/hoone-tatari-56b\/tatari-56b-ruum-210\/\"]}]},{\"@type\":\"BreadcrumbList\",\"@id\":\"https:\/\/roosi.ee\/uurile-anda\/hoone-tatari-56b\/tatari-56b-ruum-210\/#breadcrumb\",\"itemListElement\":[{\"@type\":\"ListItem\",\"position\":1,\"name\":\"Avaleht\",\"item\":\"https:\/\/roosi.ee\/\"},{\"@type\":\"ListItem\",\"position\":2,\"name\":\"\u00dc\u00fcrile anda\",\"item\":\"https:\/\/roosi.ee\/uurile-anda\/\"},{\"@type\":\"ListItem\",\"position\":3,\"name\":\"HOONE TATARI 56b\",\"item\":\"https:\/\/roosi.ee\/uurile-anda\/hoone-tatari-56b\/\"},{\"@type\":\"ListItem\",\"position\":4,\"name\":\"TATARI 56b ruum 210\"}]},{\"@type\":\"WebSite\",\"@id\":\"https:\/\/roosi.ee\/#website\",\"url\":\"https:\/\/roosi.ee\/\",\"name\":\"Roosi\",\"description\":\"\",\"potentialAction\":[{\"@type\":\"SearchAction\",\"target\":{\"@type\":\"EntryPoint\",\"urlTemplate\":\"https:\/\/roosi.ee\/?s={search_term_string}\"},\"query-input\":\"required name=search_term_string\"}],\"inLanguage\":\"en-GB\"}]}<\/script>\n<!-- \/ Yoast SEO plugin. -->","yoast_head_json":{"title":"TATARI 56b ruum 210 - Roosi","robots":{"index":"index","follow":"follow","max-snippet":"max-snippet:-1","max-image-preview":"max-image-preview:large","max-video-preview":"max-video-preview:-1"},"canonical":"https:\/\/roosi.ee\/en\/uurile-anda\/hoone-tatari-56b\/tatari-56b-ruum-210\/","og_locale":"en_GB","og_type":"article","og_title":"TATARI 56b ruum 210 - Roosi","og_description":"Ruum on heas seisukorras \u2013 seinad on v\u00e4rvitud ja p\u00f5randakatteks laminaatparkett. Ruumis on t\u00f6\u00f6korras signalisatsioon. Tualettruum asub teise korruse koridoris. Teise korruse \u00fc\u00fcrnikel on hea v\u00f5imalus kasutada samal korrusel asuvat k\u00f6\u00f6ki. Kommunaalteenused: Elekter \u2013 hoone k\u00f5ik ruumid on varustatud eraldi elektriarvestitega. K\u00fcttes\u00fcsteem &#8211; hoonel on uus keskk\u00fcttes\u00fcsteem. Kommunikatsioonivahendid &#8211; hoones on saadaval kiireks interneti\u00fchenduseks nii [&hellip;]","og_url":"https:\/\/roosi.ee\/en\/uurile-anda\/hoone-tatari-56b\/tatari-56b-ruum-210\/","og_site_name":"Roosi","article_modified_time":"2026-03-26T11:39:41+00:00","og_image":[{"url":"https:\/\/roosi.ee\/wp-content\/uploads\/2022\/12\/56b-210-5.jpeg"}],"twitter_card":"summary_large_image","twitter_misc":{"Estimated reading time":"2 minutes"},"schema":{"@context":"https:\/\/schema.org","@graph":[{"@type":"WebPage","@id":"https:\/\/roosi.ee\/uurile-anda\/hoone-tatari-56b\/tatari-56b-ruum-210\/","url":"https:\/\/roosi.ee\/uurile-anda\/hoone-tatari-56b\/tatari-56b-ruum-210\/","name":"TATARI 56b ruum 210 - Roosi","isPartOf":{"@id":"https:\/\/roosi.ee\/#website"},"datePublished":"2022-12-16T05:19:36+00:00","dateModified":"2026-03-26T11:39:41+00:00","breadcrumb":{"@id":"https:\/\/roosi.ee\/uurile-anda\/hoone-tatari-56b\/tatari-56b-ruum-210\/#breadcrumb"},"inLanguage":"en-GB","potentialAction":[{"@type":"ReadAction","target":["https:\/\/roosi.ee\/uurile-anda\/hoone-tatari-56b\/tatari-56b-ruum-210\/"]}]},{"@type":"BreadcrumbList","@id":"https:\/\/roosi.ee\/uurile-anda\/hoone-tatari-56b\/tatari-56b-ruum-210\/#breadcrumb","itemListElement":[{"@type":"ListItem","position":1,"name":"Avaleht","item":"https:\/\/roosi.ee\/"},{"@type":"ListItem","position":2,"name":"\u00dc\u00fcrile anda","item":"https:\/\/roosi.ee\/uurile-anda\/"},{"@type":"ListItem","position":3,"name":"HOONE TATARI 56b","item":"https:\/\/roosi.ee\/uurile-anda\/hoone-tatari-56b\/"},{"@type":"ListItem","position":4,"name":"TATARI 56b ruum 210"}]},{"@type":"WebSite","@id":"https:\/\/roosi.ee\/#website","url":"https:\/\/roosi.ee\/","name":"Roosi","description":"","potentialAction":[{"@type":"SearchAction","target":{"@type":"EntryPoint","urlTemplate":"https:\/\/roosi.ee\/?s={search_term_string}"},"query-input":"required name=search_term_string"}],"inLanguage":"en-GB"}]}},"_links":{"self":[{"href":"https:\/\/roosi.ee\/en\/wp-json\/wp\/v2\/pages\/567","targetHints":{"allow":["GET"]}}],"collection":[{"href":"https:\/\/roosi.ee\/en\/wp-json\/wp\/v2\/pages"}],"about":[{"href":"https:\/\/roosi.ee\/en\/wp-json\/wp\/v2\/types\/page"}],"author":[{"embeddable":true,"href":"https:\/\/roosi.ee\/en\/wp-json\/wp\/v2\/users\/1"}],"replies":[{"embeddable":true,"href":"https:\/\/roosi.ee\/en\/wp-json\/wp\/v2\/comments?post=567"}],"version-history":[{"count":8,"href":"https:\/\/roosi.ee\/en\/wp-json\/wp\/v2\/pages\/567\/revisions"}],"predecessor-version":[{"id":1402,"href":"https:\/\/roosi.ee\/en\/wp-json\/wp\/v2\/pages\/567\/revisions\/1402"}],"up":[{"embeddable":true,"href":"https:\/\/roosi.ee\/en\/wp-json\/wp\/v2\/pages\/194"}],"wp:attachment":[{"href":"https:\/\/roosi.ee\/en\/wp-json\/wp\/v2\/media?parent=567"}],"curies":[{"name":"wp","href":"https:\/\/api.w.org\/{rel}","templated":true}]}}