{"id":396,"date":"2022-12-08T06:45:59","date_gmt":"2022-12-08T06:45:59","guid":{"rendered":"https:\/\/wp.roosi.ee\/?page_id=396"},"modified":"2022-12-13T11:07:42","modified_gmt":"2022-12-13T11:07:42","slug":"pildigalerii","status":"publish","type":"page","link":"https:\/\/roosi.ee\/en\/hooned\/hoone-tatari-58a\/pildigalerii\/","title":{"rendered":"Gallery"},"content":{"rendered":"<style>\/*! elementor - v3.9.0 - 06-12-2022 *\/<br \/>.elementor-image-gallery .gallery-item{display:inline-block;text-align:center;vertical-align:top;width:100%;max-width:100%;margin:0 auto}.elementor-image-gallery .gallery-item img{margin:0 auto}.elementor-image-gallery .gallery-item .gallery-caption{margin:0}.elementor-image-gallery figure img{display:block}.elementor-image-gallery figure figcaption{width:100%}.gallery-spacing-custom .elementor-image-gallery .gallery-icon{padding:0}@media (min-width:768px){.elementor-image-gallery .gallery-columns-2 .gallery-item{max-width:50%}.elementor-image-gallery .gallery-columns-3 .gallery-item{max-width:33.33%}.elementor-image-gallery .gallery-columns-4 .gallery-item{max-width:25%}.elementor-image-gallery .gallery-columns-5 .gallery-item{max-width:20%}.elementor-image-gallery .gallery-columns-6 .gallery-item{max-width:16.666%}.elementor-image-gallery .gallery-columns-7 .gallery-item{max-width:14.28%}.elementor-image-gallery .gallery-columns-8 .gallery-item{max-width:12.5%}.elementor-image-gallery .gallery-columns-9 .gallery-item{max-width:11.11%}.elementor-image-gallery .gallery-columns-10 .gallery-item{max-width:10%}}@media (min-width:480px) and (max-width:767px){.elementor-image-gallery .gallery.gallery-columns-2 .gallery-item,.elementor-image-gallery .gallery.gallery-columns-3 .gallery-item,.elementor-image-gallery .gallery.gallery-columns-4 .gallery-item,.elementor-image-gallery .gallery.gallery-columns-5 .gallery-item,.elementor-image-gallery .gallery.gallery-columns-6 .gallery-item,.elementor-image-gallery .gallery.gallery-columns-7 .gallery-item,.elementor-image-gallery .gallery.gallery-columns-8 .gallery-item,.elementor-image-gallery .gallery.gallery-columns-9 .gallery-item,.elementor-image-gallery .gallery.gallery-columns-10 .gallery-item{max-width:50%}}@media (max-width:479px){.elementor-image-gallery .gallery.gallery-columns-2 .gallery-item,.elementor-image-gallery .gallery.gallery-columns-3 .gallery-item,.elementor-image-gallery .gallery.gallery-columns-4 .gallery-item,.elementor-image-gallery .gallery.gallery-columns-5 .gallery-item,.elementor-image-gallery .gallery.gallery-columns-6 .gallery-item,.elementor-image-gallery .gallery.gallery-columns-7 .gallery-item,.elementor-image-gallery .gallery.gallery-columns-8 .gallery-item,.elementor-image-gallery .gallery.gallery-columns-9 .gallery-item,.elementor-image-gallery .gallery.gallery-columns-10 .gallery-item{max-width:100%}}<\/style>\n<figure class=\"gallery-item\"><a href=\"https:\/\/roosi.ee\/wp-content\/uploads\/2022\/12\/tatari-58a-1.jpg\" data-elementor-open-lightbox=\"yes\" data-elementor-lightbox-slideshow=\"dec872a\" data-elementor-lightbox-title=\"tatari-58a-1\"><img loading=\"lazy\" decoding=\"async\" src=\"https:\/\/roosi.ee\/wp-content\/uploads\/2022\/12\/tatari-58a-1-435x487.jpg\" alt=\"\" width=\"435\" height=\"487\" aria-describedby=\"gallery-1-398\" \/><\/a><figcaption id=\"gallery-1-398\" class=\"wp-caption-text gallery-caption\">Second floor rent space (room no 201 on floor plan)<\/figcaption><\/figure>\n<figure class=\"gallery-item\"><a href=\"https:\/\/roosi.ee\/wp-content\/uploads\/2022\/12\/tatari-58a-2.jpg\" data-elementor-open-lightbox=\"yes\" data-elementor-lightbox-slideshow=\"dec872a\" data-elementor-lightbox-title=\"tatari-58a-2\"><img loading=\"lazy\" decoding=\"async\" src=\"https:\/\/roosi.ee\/wp-content\/uploads\/2022\/12\/tatari-58a-2-435x487.jpg\" alt=\"\" width=\"435\" height=\"487\" aria-describedby=\"gallery-1-399\" \/><\/a><figcaption id=\"gallery-1-399\" class=\"wp-caption-text gallery-caption\">Second floor rent space (room no 201 on floor plan)<\/figcaption><\/figure>\n<figure class=\"gallery-item\"><a href=\"https:\/\/roosi.ee\/wp-content\/uploads\/2022\/12\/tatari-58a-3.jpg\" data-elementor-open-lightbox=\"yes\" data-elementor-lightbox-slideshow=\"dec872a\" data-elementor-lightbox-title=\"tatari-58a-3\"><img loading=\"lazy\" decoding=\"async\" src=\"https:\/\/roosi.ee\/wp-content\/uploads\/2022\/12\/tatari-58a-3-435x487.jpg\" alt=\"\" width=\"435\" height=\"487\" aria-describedby=\"gallery-1-400\" \/><\/a><figcaption id=\"gallery-1-400\" class=\"wp-caption-text gallery-caption\">Second floor room no 209<\/figcaption><\/figure>\n<figure class=\"gallery-item\"><a href=\"https:\/\/roosi.ee\/wp-content\/uploads\/2022\/12\/tatari-58a-4.jpg\" data-elementor-open-lightbox=\"yes\" data-elementor-lightbox-slideshow=\"dec872a\" data-elementor-lightbox-title=\"tatari-58a-4\"><img loading=\"lazy\" decoding=\"async\" src=\"https:\/\/roosi.ee\/wp-content\/uploads\/2022\/12\/tatari-58a-4-435x487.jpg\" alt=\"\" width=\"435\" height=\"487\" aria-describedby=\"gallery-1-401\" \/><\/a><figcaption id=\"gallery-1-401\" class=\"wp-caption-text gallery-caption\">Second floor room no 206<\/figcaption><\/figure>\n<figure class=\"gallery-item\"><a href=\"https:\/\/roosi.ee\/wp-content\/uploads\/2022\/12\/tatari-58a-5.jpg\" data-elementor-open-lightbox=\"yes\" data-elementor-lightbox-slideshow=\"dec872a\" data-elementor-lightbox-title=\"tatari-58a-5\"><img loading=\"lazy\" decoding=\"async\" src=\"https:\/\/roosi.ee\/wp-content\/uploads\/2022\/12\/tatari-58a-5-435x487.jpg\" alt=\"\" width=\"435\" height=\"487\" aria-describedby=\"gallery-1-402\" \/><\/a><figcaption id=\"gallery-1-402\" class=\"wp-caption-text gallery-caption\">Second floor corridor<\/figcaption><\/figure>\n<figure class=\"gallery-item\"><a href=\"https:\/\/roosi.ee\/wp-content\/uploads\/2022\/12\/tatari-58a-6.jpg\" data-elementor-open-lightbox=\"yes\" data-elementor-lightbox-slideshow=\"dec872a\" data-elementor-lightbox-title=\"tatari-58a-6\"><img loading=\"lazy\" decoding=\"async\" src=\"https:\/\/roosi.ee\/wp-content\/uploads\/2022\/12\/tatari-58a-6-435x487.jpg\" alt=\"\" width=\"435\" height=\"487\" aria-describedby=\"gallery-1-403\" \/><\/a><figcaption id=\"gallery-1-403\" class=\"wp-caption-text gallery-caption\">Hallway<\/figcaption><\/figure>\n<figure class=\"gallery-item\"><a href=\"https:\/\/roosi.ee\/wp-content\/uploads\/2022\/12\/tatari-58a-7.jpg\" data-elementor-open-lightbox=\"yes\" data-elementor-lightbox-slideshow=\"dec872a\" data-elementor-lightbox-title=\"tatari-58a-7\"><img loading=\"lazy\" decoding=\"async\" src=\"https:\/\/roosi.ee\/wp-content\/uploads\/2022\/12\/tatari-58a-7-435x487.jpg\" alt=\"\" width=\"435\" height=\"487\" aria-describedby=\"gallery-1-404\" \/><\/a><figcaption id=\"gallery-1-404\" class=\"wp-caption-text gallery-caption\">Shooting range in basement (room no 002)<\/figcaption><\/figure>\n<figure class=\"gallery-item\"><a href=\"https:\/\/roosi.ee\/wp-content\/uploads\/2022\/12\/tatari-58a-8.jpg\" data-elementor-open-lightbox=\"yes\" data-elementor-lightbox-slideshow=\"dec872a\" data-elementor-lightbox-title=\"tatari-58a-8\"><img loading=\"lazy\" decoding=\"async\" src=\"https:\/\/roosi.ee\/wp-content\/uploads\/2022\/12\/tatari-58a-8-435x487.jpg\" alt=\"\" width=\"435\" height=\"487\" aria-describedby=\"gallery-1-405\" \/><\/a><figcaption id=\"gallery-1-405\" class=\"wp-caption-text gallery-caption\">View of the building facade<\/figcaption><\/figure>","protected":false},"excerpt":{"rendered":"<p>Teisel korrusel asuv \u00fc\u00fcripind (plaanil ruum nr 201) Teisel korrusel asuv \u00fc\u00fcripind (plaanil ruum nr 201) Teisel korrusel asuv \u00fc\u00fcripind (ruumiplaanil ruum nr 209) Teisel korrusel asuv \u00fc\u00fcripind (ruumiplaanil ruum nr 206) Teise korruse koridor Vaade trepikojale Keldrikorrusel asuva lasketiiru ruum (plaanil ruum nr 002) Vaade hoone fassaadile<\/p>","protected":false},"author":1,"featured_media":0,"parent":159,"menu_order":10,"comment_status":"closed","ping_status":"closed","template":"","meta":{"footnotes":""},"class_list":["post-396","page","type-page","status-publish","hentry"],"acf":[],"yoast_head":"<!-- This site is optimized with the Yoast SEO plugin v19.11 - https:\/\/yoast.com\/wordpress\/plugins\/seo\/ -->\n<title>Pildigalerii - Roosi<\/title>\n<meta name=\"robots\" content=\"index, follow, max-snippet:-1, max-image-preview:large, max-video-preview:-1\" \/>\n<link rel=\"canonical\" href=\"https:\/\/roosi.ee\/en\/hooned\/hoone-tatari-58a\/pildigalerii\/\" \/>\n<meta property=\"og:locale\" content=\"en_GB\" \/>\n<meta property=\"og:type\" content=\"article\" \/>\n<meta property=\"og:title\" content=\"Pildigalerii - Roosi\" \/>\n<meta property=\"og:description\" content=\"Teisel korrusel asuv \u00fc\u00fcripind (plaanil ruum nr 201) Teisel korrusel asuv \u00fc\u00fcripind (plaanil ruum nr 201) Teisel korrusel asuv \u00fc\u00fcripind (ruumiplaanil ruum nr 209) Teisel korrusel asuv \u00fc\u00fcripind (ruumiplaanil ruum nr 206) Teise korruse koridor Vaade trepikojale Keldrikorrusel asuva lasketiiru ruum (plaanil ruum nr 002) Vaade hoone fassaadile\" \/>\n<meta property=\"og:url\" content=\"https:\/\/roosi.ee\/en\/hooned\/hoone-tatari-58a\/pildigalerii\/\" \/>\n<meta property=\"og:site_name\" content=\"Roosi\" \/>\n<meta property=\"article:modified_time\" content=\"2022-12-13T11:07:42+00:00\" \/>\n<meta property=\"og:image\" content=\"https:\/\/roosi.ee\/wp-content\/uploads\/2022\/12\/tatari-58a-1-435x487.jpg\" \/>\n<meta name=\"twitter:card\" content=\"summary_large_image\" \/>\n<meta name=\"twitter:label1\" content=\"Estimated reading time\" \/>\n\t<meta name=\"twitter:data1\" content=\"2 minutes\" \/>\n<script type=\"application\/ld+json\" class=\"yoast-schema-graph\">{\"@context\":\"https:\/\/schema.org\",\"@graph\":[{\"@type\":\"WebPage\",\"@id\":\"https:\/\/roosi.ee\/hooned\/hoone-tatari-58a\/pildigalerii\/\",\"url\":\"https:\/\/roosi.ee\/hooned\/hoone-tatari-58a\/pildigalerii\/\",\"name\":\"Pildigalerii - Roosi\",\"isPartOf\":{\"@id\":\"https:\/\/roosi.ee\/#website\"},\"datePublished\":\"2022-12-08T06:45:59+00:00\",\"dateModified\":\"2022-12-13T11:07:42+00:00\",\"breadcrumb\":{\"@id\":\"https:\/\/roosi.ee\/hooned\/hoone-tatari-58a\/pildigalerii\/#breadcrumb\"},\"inLanguage\":\"en-GB\",\"potentialAction\":[{\"@type\":\"ReadAction\",\"target\":[\"https:\/\/roosi.ee\/hooned\/hoone-tatari-58a\/pildigalerii\/\"]}]},{\"@type\":\"BreadcrumbList\",\"@id\":\"https:\/\/roosi.ee\/hooned\/hoone-tatari-58a\/pildigalerii\/#breadcrumb\",\"itemListElement\":[{\"@type\":\"ListItem\",\"position\":1,\"name\":\"Avaleht\",\"item\":\"https:\/\/roosi.ee\/\"},{\"@type\":\"ListItem\",\"position\":2,\"name\":\"Hooned\",\"item\":\"https:\/\/roosi.ee\/hooned\/\"},{\"@type\":\"ListItem\",\"position\":3,\"name\":\"HOONE TATARI 58a\",\"item\":\"https:\/\/roosi.ee\/hooned\/hoone-tatari-58a\/\"},{\"@type\":\"ListItem\",\"position\":4,\"name\":\"Pildigalerii\"}]},{\"@type\":\"WebSite\",\"@id\":\"https:\/\/roosi.ee\/#website\",\"url\":\"https:\/\/roosi.ee\/\",\"name\":\"Roosi\",\"description\":\"\",\"potentialAction\":[{\"@type\":\"SearchAction\",\"target\":{\"@type\":\"EntryPoint\",\"urlTemplate\":\"https:\/\/roosi.ee\/?s={search_term_string}\"},\"query-input\":\"required name=search_term_string\"}],\"inLanguage\":\"en-GB\"}]}<\/script>\n<!-- \/ Yoast SEO plugin. -->","yoast_head_json":{"title":"Pildigalerii - Roosi","robots":{"index":"index","follow":"follow","max-snippet":"max-snippet:-1","max-image-preview":"max-image-preview:large","max-video-preview":"max-video-preview:-1"},"canonical":"https:\/\/roosi.ee\/en\/hooned\/hoone-tatari-58a\/pildigalerii\/","og_locale":"en_GB","og_type":"article","og_title":"Pildigalerii - Roosi","og_description":"Teisel korrusel asuv \u00fc\u00fcripind (plaanil ruum nr 201) Teisel korrusel asuv \u00fc\u00fcripind (plaanil ruum nr 201) Teisel korrusel asuv \u00fc\u00fcripind (ruumiplaanil ruum nr 209) Teisel korrusel asuv \u00fc\u00fcripind (ruumiplaanil ruum nr 206) Teise korruse koridor Vaade trepikojale Keldrikorrusel asuva lasketiiru ruum (plaanil ruum nr 002) Vaade hoone fassaadile","og_url":"https:\/\/roosi.ee\/en\/hooned\/hoone-tatari-58a\/pildigalerii\/","og_site_name":"Roosi","article_modified_time":"2022-12-13T11:07:42+00:00","og_image":[{"url":"https:\/\/roosi.ee\/wp-content\/uploads\/2022\/12\/tatari-58a-1-435x487.jpg"}],"twitter_card":"summary_large_image","twitter_misc":{"Estimated reading time":"2 minutes"},"schema":{"@context":"https:\/\/schema.org","@graph":[{"@type":"WebPage","@id":"https:\/\/roosi.ee\/hooned\/hoone-tatari-58a\/pildigalerii\/","url":"https:\/\/roosi.ee\/hooned\/hoone-tatari-58a\/pildigalerii\/","name":"Pildigalerii - Roosi","isPartOf":{"@id":"https:\/\/roosi.ee\/#website"},"datePublished":"2022-12-08T06:45:59+00:00","dateModified":"2022-12-13T11:07:42+00:00","breadcrumb":{"@id":"https:\/\/roosi.ee\/hooned\/hoone-tatari-58a\/pildigalerii\/#breadcrumb"},"inLanguage":"en-GB","potentialAction":[{"@type":"ReadAction","target":["https:\/\/roosi.ee\/hooned\/hoone-tatari-58a\/pildigalerii\/"]}]},{"@type":"BreadcrumbList","@id":"https:\/\/roosi.ee\/hooned\/hoone-tatari-58a\/pildigalerii\/#breadcrumb","itemListElement":[{"@type":"ListItem","position":1,"name":"Avaleht","item":"https:\/\/roosi.ee\/"},{"@type":"ListItem","position":2,"name":"Hooned","item":"https:\/\/roosi.ee\/hooned\/"},{"@type":"ListItem","position":3,"name":"HOONE TATARI 58a","item":"https:\/\/roosi.ee\/hooned\/hoone-tatari-58a\/"},{"@type":"ListItem","position":4,"name":"Pildigalerii"}]},{"@type":"WebSite","@id":"https:\/\/roosi.ee\/#website","url":"https:\/\/roosi.ee\/","name":"Roosi","description":"","potentialAction":[{"@type":"SearchAction","target":{"@type":"EntryPoint","urlTemplate":"https:\/\/roosi.ee\/?s={search_term_string}"},"query-input":"required name=search_term_string"}],"inLanguage":"en-GB"}]}},"_links":{"self":[{"href":"https:\/\/roosi.ee\/en\/wp-json\/wp\/v2\/pages\/396","targetHints":{"allow":["GET"]}}],"collection":[{"href":"https:\/\/roosi.ee\/en\/wp-json\/wp\/v2\/pages"}],"about":[{"href":"https:\/\/roosi.ee\/en\/wp-json\/wp\/v2\/types\/page"}],"author":[{"embeddable":true,"href":"https:\/\/roosi.ee\/en\/wp-json\/wp\/v2\/users\/1"}],"replies":[{"embeddable":true,"href":"https:\/\/roosi.ee\/en\/wp-json\/wp\/v2\/comments?post=396"}],"version-history":[{"count":7,"href":"https:\/\/roosi.ee\/en\/wp-json\/wp\/v2\/pages\/396\/revisions"}],"predecessor-version":[{"id":485,"href":"https:\/\/roosi.ee\/en\/wp-json\/wp\/v2\/pages\/396\/revisions\/485"}],"up":[{"embeddable":true,"href":"https:\/\/roosi.ee\/en\/wp-json\/wp\/v2\/pages\/159"}],"wp:attachment":[{"href":"https:\/\/roosi.ee\/en\/wp-json\/wp\/v2\/media?parent=396"}],"curies":[{"name":"wp","href":"https:\/\/api.w.org\/{rel}","templated":true}]}}