{"id":371,"date":"2022-12-08T06:35:51","date_gmt":"2022-12-08T06:35:51","guid":{"rendered":"https:\/\/wp.roosi.ee\/?page_id=371"},"modified":"2022-12-13T10:50:30","modified_gmt":"2022-12-13T10:50:30","slug":"pildigalerii","status":"publish","type":"page","link":"https:\/\/roosi.ee\/en\/hooned\/hoone-tatari-58\/pildigalerii\/","title":{"rendered":"Gallery"},"content":{"rendered":"<style>\/*! elementor - v3.9.0 - 06-12-2022 *\/<br \/>.elementor-image-gallery .gallery-item{display:inline-block;text-align:center;vertical-align:top;width:100%;max-width:100%;margin:0 auto}.elementor-image-gallery .gallery-item img{margin:0 auto}.elementor-image-gallery .gallery-item .gallery-caption{margin:0}.elementor-image-gallery figure img{display:block}.elementor-image-gallery figure figcaption{width:100%}.gallery-spacing-custom .elementor-image-gallery .gallery-icon{padding:0}@media (min-width:768px){.elementor-image-gallery .gallery-columns-2 .gallery-item{max-width:50%}.elementor-image-gallery .gallery-columns-3 .gallery-item{max-width:33.33%}.elementor-image-gallery .gallery-columns-4 .gallery-item{max-width:25%}.elementor-image-gallery .gallery-columns-5 .gallery-item{max-width:20%}.elementor-image-gallery .gallery-columns-6 .gallery-item{max-width:16.666%}.elementor-image-gallery .gallery-columns-7 .gallery-item{max-width:14.28%}.elementor-image-gallery .gallery-columns-8 .gallery-item{max-width:12.5%}.elementor-image-gallery .gallery-columns-9 .gallery-item{max-width:11.11%}.elementor-image-gallery .gallery-columns-10 .gallery-item{max-width:10%}}@media (min-width:480px) and (max-width:767px){.elementor-image-gallery .gallery.gallery-columns-2 .gallery-item,.elementor-image-gallery .gallery.gallery-columns-3 .gallery-item,.elementor-image-gallery .gallery.gallery-columns-4 .gallery-item,.elementor-image-gallery .gallery.gallery-columns-5 .gallery-item,.elementor-image-gallery .gallery.gallery-columns-6 .gallery-item,.elementor-image-gallery .gallery.gallery-columns-7 .gallery-item,.elementor-image-gallery .gallery.gallery-columns-8 .gallery-item,.elementor-image-gallery .gallery.gallery-columns-9 .gallery-item,.elementor-image-gallery .gallery.gallery-columns-10 .gallery-item{max-width:50%}}@media (max-width:479px){.elementor-image-gallery .gallery.gallery-columns-2 .gallery-item,.elementor-image-gallery .gallery.gallery-columns-3 .gallery-item,.elementor-image-gallery .gallery.gallery-columns-4 .gallery-item,.elementor-image-gallery .gallery.gallery-columns-5 .gallery-item,.elementor-image-gallery .gallery.gallery-columns-6 .gallery-item,.elementor-image-gallery .gallery.gallery-columns-7 .gallery-item,.elementor-image-gallery .gallery.gallery-columns-8 .gallery-item,.elementor-image-gallery .gallery.gallery-columns-9 .gallery-item,.elementor-image-gallery .gallery.gallery-columns-10 .gallery-item{max-width:100%}}<\/style>\n<figure class=\"gallery-item\"><a href=\"https:\/\/roosi.ee\/wp-content\/uploads\/2022\/12\/tatari-58-1.jpg\" data-elementor-open-lightbox=\"yes\" data-elementor-lightbox-slideshow=\"09398c9\" data-elementor-lightbox-title=\"tatari-58-1\"><img loading=\"lazy\" decoding=\"async\" src=\"https:\/\/roosi.ee\/wp-content\/uploads\/2022\/12\/tatari-58-1-435x487.jpg\" alt=\"\" width=\"435\" height=\"487\" aria-describedby=\"gallery-1-374\" \/><\/a><figcaption id=\"gallery-1-374\" class=\"wp-caption-text gallery-caption\">First floor lobby<\/figcaption><\/figure>\n<figure class=\"gallery-item\"><a href=\"https:\/\/roosi.ee\/wp-content\/uploads\/2022\/12\/tatari-58-2.jpg\" data-elementor-open-lightbox=\"yes\" data-elementor-lightbox-slideshow=\"09398c9\" data-elementor-lightbox-title=\"tatari-58-2\"><img loading=\"lazy\" decoding=\"async\" src=\"https:\/\/roosi.ee\/wp-content\/uploads\/2022\/12\/tatari-58-2-435x487.jpg\" alt=\"\" width=\"435\" height=\"487\" aria-describedby=\"gallery-1-375\" \/><\/a><figcaption id=\"gallery-1-375\" class=\"wp-caption-text gallery-caption\">First floor corridor<\/figcaption><\/figure>\n<figure class=\"gallery-item\"><a href=\"https:\/\/roosi.ee\/wp-content\/uploads\/2022\/12\/tatari-58-3.jpg\" data-elementor-open-lightbox=\"yes\" data-elementor-lightbox-slideshow=\"09398c9\" data-elementor-lightbox-title=\"tatari-58-3\"><img loading=\"lazy\" decoding=\"async\" src=\"https:\/\/roosi.ee\/wp-content\/uploads\/2022\/12\/P1140256-scaled.jpg\" alt=\"\" width=\"435\" height=\"487\" aria-describedby=\"gallery-1-376\" \/><\/a><figcaption id=\"gallery-1-376\" class=\"wp-caption-text gallery-caption\">First floor biggest room<\/figcaption><\/figure>\n<figure class=\"gallery-item\"><a href=\"https:\/\/roosi.ee\/wp-content\/uploads\/2022\/12\/tatari-58-4.jpg\" data-elementor-open-lightbox=\"yes\" data-elementor-lightbox-slideshow=\"09398c9\" data-elementor-lightbox-title=\"tatari-58-4\"><img loading=\"lazy\" decoding=\"async\" src=\"https:\/\/roosi.ee\/wp-content\/uploads\/2022\/12\/P1140243-scaled.jpg\" alt=\"\" width=\"435\" height=\"487\" aria-describedby=\"gallery-1-377\" \/><\/a><figcaption id=\"gallery-1-377\" class=\"wp-caption-text gallery-caption\">Vaade hoone suurimale saalile teiselt poolt<\/figcaption><\/figure>\n<figure class=\"gallery-item\"><a href=\"https:\/\/roosi.ee\/wp-content\/uploads\/2022\/12\/tatari-58-5.jpg\" data-elementor-open-lightbox=\"yes\" data-elementor-lightbox-slideshow=\"09398c9\" data-elementor-lightbox-title=\"tatari-58-5\"><img loading=\"lazy\" decoding=\"async\" src=\"https:\/\/roosi.ee\/wp-content\/uploads\/2022\/12\/tatari-58-5-435x487.jpg\" alt=\"\" width=\"435\" height=\"487\" aria-describedby=\"gallery-1-378\" \/><\/a><figcaption id=\"gallery-1-378\" class=\"wp-caption-text gallery-caption\">First floor commercial rent space<\/figcaption><\/figure>\n<figure class=\"gallery-item\"><a href=\"https:\/\/roosi.ee\/wp-content\/uploads\/2022\/12\/tatari-58-6.jpg\" data-elementor-open-lightbox=\"yes\" data-elementor-lightbox-slideshow=\"09398c9\" data-elementor-lightbox-title=\"tatari-58-6\"><img loading=\"lazy\" decoding=\"async\" src=\"https:\/\/roosi.ee\/wp-content\/uploads\/2022\/12\/tatari-58-6-435x487.jpg\" alt=\"\" width=\"435\" height=\"487\" aria-describedby=\"gallery-1-379\" \/><\/a><figcaption id=\"gallery-1-379\" class=\"wp-caption-text gallery-caption\">Meeting room on first floor<\/figcaption><\/figure>\n<figure class=\"gallery-item\"><a href=\"https:\/\/roosi.ee\/wp-content\/uploads\/2022\/12\/tatari-58-7.jpg\" data-elementor-open-lightbox=\"yes\" data-elementor-lightbox-slideshow=\"09398c9\" data-elementor-lightbox-title=\"tatari-58-7\"><img loading=\"lazy\" decoding=\"async\" src=\"https:\/\/roosi.ee\/wp-content\/uploads\/2022\/12\/tatari-58-7-435x475.jpg\" alt=\"\" width=\"435\" height=\"475\" aria-describedby=\"gallery-1-380\" \/><\/a><figcaption id=\"gallery-1-380\" class=\"wp-caption-text gallery-caption\">Inside view of the studio room<\/figcaption><\/figure>\n<figure class=\"gallery-item\"><a href=\"https:\/\/roosi.ee\/wp-content\/uploads\/2022\/12\/tatari-58-8.jpg\" data-elementor-open-lightbox=\"yes\" data-elementor-lightbox-slideshow=\"09398c9\" data-elementor-lightbox-title=\"tatari-58-8\"><img loading=\"lazy\" decoding=\"async\" src=\"https:\/\/roosi.ee\/wp-content\/uploads\/2022\/12\/tatari-58-8-435x487.jpg\" alt=\"\" width=\"435\" height=\"487\" aria-describedby=\"gallery-1-381\" \/><\/a><figcaption id=\"gallery-1-381\" class=\"wp-caption-text gallery-caption\">First floor room no 109<\/figcaption><\/figure>\n<figure class=\"gallery-item\"><a href=\"https:\/\/roosi.ee\/wp-content\/uploads\/2022\/12\/tatari-58-9.jpg\" data-elementor-open-lightbox=\"yes\" data-elementor-lightbox-slideshow=\"09398c9\" data-elementor-lightbox-title=\"tatari-58-9\"><img loading=\"lazy\" decoding=\"async\" src=\"https:\/\/roosi.ee\/wp-content\/uploads\/2022\/12\/tatari-58-9-435x487.jpg\" alt=\"\" width=\"435\" height=\"487\" aria-describedby=\"gallery-1-382\" \/><\/a><figcaption id=\"gallery-1-382\" class=\"wp-caption-text gallery-caption\">First floor room no 109<\/figcaption><\/figure>\n<figure class=\"gallery-item\"><a href=\"https:\/\/roosi.ee\/wp-content\/uploads\/2022\/12\/tatari-58-10.jpg\" data-elementor-open-lightbox=\"yes\" data-elementor-lightbox-slideshow=\"09398c9\" data-elementor-lightbox-title=\"tatari-58-10\"><img loading=\"lazy\" decoding=\"async\" src=\"https:\/\/roosi.ee\/wp-content\/uploads\/2022\/12\/tatari-58-10-435x487.jpg\" alt=\"\" width=\"435\" height=\"487\" aria-describedby=\"gallery-1-383\" \/><\/a><figcaption id=\"gallery-1-383\" class=\"wp-caption-text gallery-caption\">First floor room no 139<\/figcaption><\/figure>\n<figure class=\"gallery-item\"><a href=\"https:\/\/roosi.ee\/wp-content\/uploads\/2022\/12\/tatari-58-11.jpg\" data-elementor-open-lightbox=\"yes\" data-elementor-lightbox-slideshow=\"09398c9\" data-elementor-lightbox-title=\"tatari-58-11\"><img loading=\"lazy\" decoding=\"async\" src=\"https:\/\/roosi.ee\/wp-content\/uploads\/2022\/12\/tatari-58-11-435x487.jpg\" alt=\"\" width=\"435\" height=\"487\" aria-describedby=\"gallery-1-384\" \/><\/a><figcaption id=\"gallery-1-384\" class=\"wp-caption-text gallery-caption\">First floor room no 139<\/figcaption><\/figure>\n<figure class=\"gallery-item\"><a href=\"https:\/\/roosi.ee\/wp-content\/uploads\/2022\/12\/tatari-58-12.jpg\" data-elementor-open-lightbox=\"yes\" data-elementor-lightbox-slideshow=\"09398c9\" data-elementor-lightbox-title=\"tatari-58-12\"><img loading=\"lazy\" decoding=\"async\" src=\"https:\/\/roosi.ee\/wp-content\/uploads\/2022\/12\/tatari-58-12-435x487.jpg\" alt=\"\" width=\"435\" height=\"487\" aria-describedby=\"gallery-1-385\" \/><\/a><figcaption id=\"gallery-1-385\" class=\"wp-caption-text gallery-caption\">Second floor hall<\/figcaption><\/figure>\n<figure class=\"gallery-item\"><a href=\"https:\/\/roosi.ee\/wp-content\/uploads\/2022\/12\/tatari-58-13.jpg\" data-elementor-open-lightbox=\"yes\" data-elementor-lightbox-slideshow=\"09398c9\" data-elementor-lightbox-title=\"tatari-58-13\"><img loading=\"lazy\" decoding=\"async\" src=\"https:\/\/roosi.ee\/wp-content\/uploads\/2022\/12\/tatari-58-13-435x487.jpg\" alt=\"\" width=\"435\" height=\"487\" aria-describedby=\"gallery-1-386\" \/><\/a><figcaption id=\"gallery-1-386\" class=\"wp-caption-text gallery-caption\">Second floor corridor<\/figcaption><\/figure>\n<figure class=\"gallery-item\"><a href=\"https:\/\/roosi.ee\/wp-content\/uploads\/2022\/12\/tatari-58-14.jpg\" data-elementor-open-lightbox=\"yes\" data-elementor-lightbox-slideshow=\"09398c9\" data-elementor-lightbox-title=\"tatari-58-14\"><img loading=\"lazy\" decoding=\"async\" src=\"https:\/\/roosi.ee\/wp-content\/uploads\/2022\/12\/tatari-58-14-435x487.jpg\" alt=\"\" width=\"435\" height=\"487\" aria-describedby=\"gallery-1-387\" \/><\/a><figcaption id=\"gallery-1-387\" class=\"wp-caption-text gallery-caption\">Second floor communal space<\/figcaption><\/figure>\n<figure class=\"gallery-item\"><a href=\"https:\/\/roosi.ee\/wp-content\/uploads\/2022\/12\/tatari-58-15.jpg\" data-elementor-open-lightbox=\"yes\" data-elementor-lightbox-slideshow=\"09398c9\" data-elementor-lightbox-title=\"tatari-58-15\"><img loading=\"lazy\" decoding=\"async\" src=\"https:\/\/roosi.ee\/wp-content\/uploads\/2022\/12\/tatari-58-15-435x487.jpg\" alt=\"\" width=\"435\" height=\"487\" aria-describedby=\"gallery-1-388\" \/><\/a><figcaption id=\"gallery-1-388\" class=\"wp-caption-text gallery-caption\">First floor B entrance lobby<\/figcaption><\/figure>\n<figure class=\"gallery-item\"><a href=\"https:\/\/roosi.ee\/wp-content\/uploads\/2022\/12\/tatari-58-16.jpg\" data-elementor-open-lightbox=\"yes\" data-elementor-lightbox-slideshow=\"09398c9\" data-elementor-lightbox-title=\"tatari-58-16\"><img loading=\"lazy\" decoding=\"async\" src=\"https:\/\/roosi.ee\/wp-content\/uploads\/2022\/12\/tatari-58-16-435x487.jpg\" alt=\"\" width=\"435\" height=\"487\" aria-describedby=\"gallery-1-389\" \/><\/a><figcaption id=\"gallery-1-389\" class=\"wp-caption-text gallery-caption\">Storage room on ground zero<\/figcaption><\/figure>\n<figure class=\"gallery-item\"><a href=\"https:\/\/roosi.ee\/wp-content\/uploads\/2022\/12\/tatari-58-17.jpg\" data-elementor-open-lightbox=\"yes\" data-elementor-lightbox-slideshow=\"09398c9\" data-elementor-lightbox-title=\"tatari-58-17\"><img loading=\"lazy\" decoding=\"async\" src=\"https:\/\/roosi.ee\/wp-content\/uploads\/2022\/12\/tatari-58-17-435x487.jpg\" alt=\"\" width=\"435\" height=\"487\" aria-describedby=\"gallery-1-390\" \/><\/a><figcaption id=\"gallery-1-390\" class=\"wp-caption-text gallery-caption\">View to the back entrance<\/figcaption><\/figure>\n<figure class=\"gallery-item\"><a href=\"https:\/\/roosi.ee\/wp-content\/uploads\/2022\/12\/tatari-58-18.jpg\" data-elementor-open-lightbox=\"yes\" data-elementor-lightbox-slideshow=\"09398c9\" data-elementor-lightbox-title=\"tatari-58-18\"><img loading=\"lazy\" decoding=\"async\" src=\"https:\/\/roosi.ee\/wp-content\/uploads\/2022\/12\/tatari-58-18-435x487.jpg\" alt=\"\" width=\"435\" height=\"487\" aria-describedby=\"gallery-1-391\" \/><\/a><figcaption id=\"gallery-1-391\" class=\"wp-caption-text gallery-caption\">View of the building facade<\/figcaption><\/figure>\n<figure class=\"gallery-item\"><a href=\"https:\/\/roosi.ee\/wp-content\/uploads\/2022\/12\/tatari-58-19.jpg\" data-elementor-open-lightbox=\"yes\" data-elementor-lightbox-slideshow=\"09398c9\" data-elementor-lightbox-title=\"tatari-58-19\"><img loading=\"lazy\" decoding=\"async\" src=\"https:\/\/roosi.ee\/wp-content\/uploads\/2022\/12\/tatari-58-19-435x487.jpg\" alt=\"\" width=\"435\" height=\"487\" aria-describedby=\"gallery-1-392\" \/><\/a><figcaption id=\"gallery-1-392\" class=\"wp-caption-text gallery-caption\">View to the building A entrance facade<\/figcaption><\/figure>","protected":false},"excerpt":{"rendered":"<p>Esimesel korrusel asuv fuajee vaatega hoone A sissep\u00e4\u00e4sule Esimese korruse koridor Esimesel korrusel asuv hoone suurim saal Vaade hoone suurimale saalile teiselt poolt Esimesel korrusel asuv galeriipind Esimesel korrusel asuv koosolekuruum Ruumipinna sisevaade. Ruumid sobivad v\u00e4ike tootmisele, klubitegevusele, stuudiole, lao- v\u00f5i toitlustuspinnale. Esimesel korrusel asuv renoveeritud b\u00fcroopind (109) Esimesel korrusel asuv renoveeritud b\u00fcroopind (109) Esimesel [&hellip;]<\/p>","protected":false},"author":1,"featured_media":0,"parent":148,"menu_order":8,"comment_status":"closed","ping_status":"closed","template":"","meta":{"footnotes":""},"class_list":["post-371","page","type-page","status-publish","hentry"],"acf":[],"yoast_head":"<!-- This site is optimized with the Yoast SEO plugin v19.11 - https:\/\/yoast.com\/wordpress\/plugins\/seo\/ -->\n<title>Pildigalerii - Roosi<\/title>\n<meta name=\"robots\" content=\"index, follow, max-snippet:-1, max-image-preview:large, max-video-preview:-1\" \/>\n<link rel=\"canonical\" href=\"https:\/\/roosi.ee\/en\/hooned\/hoone-tatari-58\/pildigalerii\/\" \/>\n<meta property=\"og:locale\" content=\"en_GB\" \/>\n<meta property=\"og:type\" content=\"article\" \/>\n<meta property=\"og:title\" content=\"Pildigalerii - Roosi\" \/>\n<meta property=\"og:description\" content=\"Esimesel korrusel asuv fuajee vaatega hoone A sissep\u00e4\u00e4sule Esimese korruse koridor Esimesel korrusel asuv hoone suurim saal Vaade hoone suurimale saalile teiselt poolt Esimesel korrusel asuv galeriipind Esimesel korrusel asuv koosolekuruum Ruumipinna sisevaade. Ruumid sobivad v\u00e4ike tootmisele, klubitegevusele, stuudiole, lao- v\u00f5i toitlustuspinnale. Esimesel korrusel asuv renoveeritud b\u00fcroopind (109) Esimesel korrusel asuv renoveeritud b\u00fcroopind (109) Esimesel [&hellip;]\" \/>\n<meta property=\"og:url\" content=\"https:\/\/roosi.ee\/en\/hooned\/hoone-tatari-58\/pildigalerii\/\" \/>\n<meta property=\"og:site_name\" content=\"Roosi\" \/>\n<meta property=\"article:modified_time\" content=\"2022-12-13T10:50:30+00:00\" \/>\n<meta property=\"og:image\" content=\"https:\/\/roosi.ee\/wp-content\/uploads\/2022\/12\/tatari-58-1-435x487.jpg\" \/>\n<meta name=\"twitter:card\" content=\"summary_large_image\" \/>\n<meta name=\"twitter:label1\" content=\"Estimated reading time\" \/>\n\t<meta name=\"twitter:data1\" content=\"5 minutes\" \/>\n<script type=\"application\/ld+json\" class=\"yoast-schema-graph\">{\"@context\":\"https:\/\/schema.org\",\"@graph\":[{\"@type\":\"WebPage\",\"@id\":\"https:\/\/roosi.ee\/hooned\/hoone-tatari-58\/pildigalerii\/\",\"url\":\"https:\/\/roosi.ee\/hooned\/hoone-tatari-58\/pildigalerii\/\",\"name\":\"Pildigalerii - Roosi\",\"isPartOf\":{\"@id\":\"https:\/\/roosi.ee\/#website\"},\"datePublished\":\"2022-12-08T06:35:51+00:00\",\"dateModified\":\"2022-12-13T10:50:30+00:00\",\"breadcrumb\":{\"@id\":\"https:\/\/roosi.ee\/hooned\/hoone-tatari-58\/pildigalerii\/#breadcrumb\"},\"inLanguage\":\"en-GB\",\"potentialAction\":[{\"@type\":\"ReadAction\",\"target\":[\"https:\/\/roosi.ee\/hooned\/hoone-tatari-58\/pildigalerii\/\"]}]},{\"@type\":\"BreadcrumbList\",\"@id\":\"https:\/\/roosi.ee\/hooned\/hoone-tatari-58\/pildigalerii\/#breadcrumb\",\"itemListElement\":[{\"@type\":\"ListItem\",\"position\":1,\"name\":\"Avaleht\",\"item\":\"https:\/\/roosi.ee\/\"},{\"@type\":\"ListItem\",\"position\":2,\"name\":\"Hooned\",\"item\":\"https:\/\/roosi.ee\/hooned\/\"},{\"@type\":\"ListItem\",\"position\":3,\"name\":\"HOONE TATARI 58\",\"item\":\"https:\/\/roosi.ee\/hooned\/hoone-tatari-58\/\"},{\"@type\":\"ListItem\",\"position\":4,\"name\":\"Pildigalerii\"}]},{\"@type\":\"WebSite\",\"@id\":\"https:\/\/roosi.ee\/#website\",\"url\":\"https:\/\/roosi.ee\/\",\"name\":\"Roosi\",\"description\":\"\",\"potentialAction\":[{\"@type\":\"SearchAction\",\"target\":{\"@type\":\"EntryPoint\",\"urlTemplate\":\"https:\/\/roosi.ee\/?s={search_term_string}\"},\"query-input\":\"required name=search_term_string\"}],\"inLanguage\":\"en-GB\"}]}<\/script>\n<!-- \/ Yoast SEO plugin. -->","yoast_head_json":{"title":"Pildigalerii - Roosi","robots":{"index":"index","follow":"follow","max-snippet":"max-snippet:-1","max-image-preview":"max-image-preview:large","max-video-preview":"max-video-preview:-1"},"canonical":"https:\/\/roosi.ee\/en\/hooned\/hoone-tatari-58\/pildigalerii\/","og_locale":"en_GB","og_type":"article","og_title":"Pildigalerii - Roosi","og_description":"Esimesel korrusel asuv fuajee vaatega hoone A sissep\u00e4\u00e4sule Esimese korruse koridor Esimesel korrusel asuv hoone suurim saal Vaade hoone suurimale saalile teiselt poolt Esimesel korrusel asuv galeriipind Esimesel korrusel asuv koosolekuruum Ruumipinna sisevaade. Ruumid sobivad v\u00e4ike tootmisele, klubitegevusele, stuudiole, lao- v\u00f5i toitlustuspinnale. Esimesel korrusel asuv renoveeritud b\u00fcroopind (109) Esimesel korrusel asuv renoveeritud b\u00fcroopind (109) Esimesel [&hellip;]","og_url":"https:\/\/roosi.ee\/en\/hooned\/hoone-tatari-58\/pildigalerii\/","og_site_name":"Roosi","article_modified_time":"2022-12-13T10:50:30+00:00","og_image":[{"url":"https:\/\/roosi.ee\/wp-content\/uploads\/2022\/12\/tatari-58-1-435x487.jpg"}],"twitter_card":"summary_large_image","twitter_misc":{"Estimated reading time":"5 minutes"},"schema":{"@context":"https:\/\/schema.org","@graph":[{"@type":"WebPage","@id":"https:\/\/roosi.ee\/hooned\/hoone-tatari-58\/pildigalerii\/","url":"https:\/\/roosi.ee\/hooned\/hoone-tatari-58\/pildigalerii\/","name":"Pildigalerii - Roosi","isPartOf":{"@id":"https:\/\/roosi.ee\/#website"},"datePublished":"2022-12-08T06:35:51+00:00","dateModified":"2022-12-13T10:50:30+00:00","breadcrumb":{"@id":"https:\/\/roosi.ee\/hooned\/hoone-tatari-58\/pildigalerii\/#breadcrumb"},"inLanguage":"en-GB","potentialAction":[{"@type":"ReadAction","target":["https:\/\/roosi.ee\/hooned\/hoone-tatari-58\/pildigalerii\/"]}]},{"@type":"BreadcrumbList","@id":"https:\/\/roosi.ee\/hooned\/hoone-tatari-58\/pildigalerii\/#breadcrumb","itemListElement":[{"@type":"ListItem","position":1,"name":"Avaleht","item":"https:\/\/roosi.ee\/"},{"@type":"ListItem","position":2,"name":"Hooned","item":"https:\/\/roosi.ee\/hooned\/"},{"@type":"ListItem","position":3,"name":"HOONE TATARI 58","item":"https:\/\/roosi.ee\/hooned\/hoone-tatari-58\/"},{"@type":"ListItem","position":4,"name":"Pildigalerii"}]},{"@type":"WebSite","@id":"https:\/\/roosi.ee\/#website","url":"https:\/\/roosi.ee\/","name":"Roosi","description":"","potentialAction":[{"@type":"SearchAction","target":{"@type":"EntryPoint","urlTemplate":"https:\/\/roosi.ee\/?s={search_term_string}"},"query-input":"required name=search_term_string"}],"inLanguage":"en-GB"}]}},"_links":{"self":[{"href":"https:\/\/roosi.ee\/en\/wp-json\/wp\/v2\/pages\/371","targetHints":{"allow":["GET"]}}],"collection":[{"href":"https:\/\/roosi.ee\/en\/wp-json\/wp\/v2\/pages"}],"about":[{"href":"https:\/\/roosi.ee\/en\/wp-json\/wp\/v2\/types\/page"}],"author":[{"embeddable":true,"href":"https:\/\/roosi.ee\/en\/wp-json\/wp\/v2\/users\/1"}],"replies":[{"embeddable":true,"href":"https:\/\/roosi.ee\/en\/wp-json\/wp\/v2\/comments?post=371"}],"version-history":[{"count":8,"href":"https:\/\/roosi.ee\/en\/wp-json\/wp\/v2\/pages\/371\/revisions"}],"predecessor-version":[{"id":482,"href":"https:\/\/roosi.ee\/en\/wp-json\/wp\/v2\/pages\/371\/revisions\/482"}],"up":[{"embeddable":true,"href":"https:\/\/roosi.ee\/en\/wp-json\/wp\/v2\/pages\/148"}],"wp:attachment":[{"href":"https:\/\/roosi.ee\/en\/wp-json\/wp\/v2\/media?parent=371"}],"curies":[{"name":"wp","href":"https:\/\/api.w.org\/{rel}","templated":true}]}}