{"id":351,"date":"2022-12-07T15:50:27","date_gmt":"2022-12-07T15:50:27","guid":{"rendered":"https:\/\/wp.roosi.ee\/?page_id=351"},"modified":"2022-12-07T15:53:51","modified_gmt":"2022-12-07T15:53:51","slug":"pildigalerii","status":"publish","type":"page","link":"https:\/\/roosi.ee\/en\/hooned\/hoone-tatari-56b\/pildigalerii\/","title":{"rendered":"Gallery"},"content":{"rendered":"<div data-elementor-type=\"wp-page\" data-elementor-id=\"351\" class=\"elementor elementor-351\">\n\t\t\t\t\t\t\t\t\t<section class=\"elementor-section elementor-top-section elementor-element elementor-element-92c8f46 elementor-section-boxed elementor-section-height-default elementor-section-height-default\" data-id=\"92c8f46\" data-element_type=\"section\">\n\t\t\t\t\t\t<div class=\"elementor-container elementor-column-gap-default\">\n\t\t\t\t\t<div class=\"elementor-column elementor-col-100 elementor-top-column elementor-element elementor-element-5660c5e\" data-id=\"5660c5e\" data-element_type=\"column\">\n\t\t\t<div class=\"elementor-widget-wrap elementor-element-populated\">\n\t\t\t\t\t\t\t\t<div class=\"elementor-element elementor-element-252994f elementor-widget elementor-widget-image-gallery\" data-id=\"252994f\" data-element_type=\"widget\" data-widget_type=\"image-gallery.default\">\n\t\t\t\t<div class=\"elementor-widget-container\">\n\t\t\t<style>\/*! elementor - v3.9.0 - 06-12-2022 *\/\n.elementor-image-gallery .gallery-item{display:inline-block;text-align:center;vertical-align:top;width:100%;max-width:100%;margin:0 auto}.elementor-image-gallery .gallery-item img{margin:0 auto}.elementor-image-gallery .gallery-item .gallery-caption{margin:0}.elementor-image-gallery figure img{display:block}.elementor-image-gallery figure figcaption{width:100%}.gallery-spacing-custom .elementor-image-gallery .gallery-icon{padding:0}@media (min-width:768px){.elementor-image-gallery .gallery-columns-2 .gallery-item{max-width:50%}.elementor-image-gallery .gallery-columns-3 .gallery-item{max-width:33.33%}.elementor-image-gallery .gallery-columns-4 .gallery-item{max-width:25%}.elementor-image-gallery .gallery-columns-5 .gallery-item{max-width:20%}.elementor-image-gallery .gallery-columns-6 .gallery-item{max-width:16.666%}.elementor-image-gallery .gallery-columns-7 .gallery-item{max-width:14.28%}.elementor-image-gallery .gallery-columns-8 .gallery-item{max-width:12.5%}.elementor-image-gallery .gallery-columns-9 .gallery-item{max-width:11.11%}.elementor-image-gallery .gallery-columns-10 .gallery-item{max-width:10%}}@media (min-width:480px) and (max-width:767px){.elementor-image-gallery .gallery.gallery-columns-2 .gallery-item,.elementor-image-gallery .gallery.gallery-columns-3 .gallery-item,.elementor-image-gallery .gallery.gallery-columns-4 .gallery-item,.elementor-image-gallery .gallery.gallery-columns-5 .gallery-item,.elementor-image-gallery .gallery.gallery-columns-6 .gallery-item,.elementor-image-gallery .gallery.gallery-columns-7 .gallery-item,.elementor-image-gallery .gallery.gallery-columns-8 .gallery-item,.elementor-image-gallery .gallery.gallery-columns-9 .gallery-item,.elementor-image-gallery .gallery.gallery-columns-10 .gallery-item{max-width:50%}}@media (max-width:479px){.elementor-image-gallery .gallery.gallery-columns-2 .gallery-item,.elementor-image-gallery .gallery.gallery-columns-3 .gallery-item,.elementor-image-gallery .gallery.gallery-columns-4 .gallery-item,.elementor-image-gallery .gallery.gallery-columns-5 .gallery-item,.elementor-image-gallery .gallery.gallery-columns-6 .gallery-item,.elementor-image-gallery .gallery.gallery-columns-7 .gallery-item,.elementor-image-gallery .gallery.gallery-columns-8 .gallery-item,.elementor-image-gallery .gallery.gallery-columns-9 .gallery-item,.elementor-image-gallery .gallery.gallery-columns-10 .gallery-item{max-width:100%}}<\/style>\t\t<div class=\"elementor-image-gallery\">\n\t\t\t<div id='gallery-1' class='gallery galleryid-351 gallery-columns-3 gallery-size-portfolio'><figure class='gallery-item'>\n\t\t\t<div class='gallery-icon landscape'>\n\t\t\t\t<a data-elementor-open-lightbox=\"yes\" data-elementor-lightbox-slideshow=\"252994f\" data-elementor-lightbox-title=\"tatari56b-1\" e-action-hash=\"#elementor-action%3Aaction%3Dlightbox%26settings%3DeyJpZCI6MzUzLCJ1cmwiOiJodHRwczpcL1wvcm9vc2kuZWVcL3dwLWNvbnRlbnRcL3VwbG9hZHNcLzIwMjJcLzEyXC90YXRhcmk1NmItMS5qcGVnIiwic2xpZGVzaG93IjoiMjUyOTk0ZiJ9\" href='https:\/\/roosi.ee\/wp-content\/uploads\/2022\/12\/tatari56b-1.jpeg'><img loading=\"lazy\" decoding=\"async\" width=\"435\" height=\"487\" src=\"https:\/\/roosi.ee\/wp-content\/uploads\/2022\/12\/tatari56b-1-435x487.jpeg\" class=\"attachment-portfolio size-portfolio\" alt=\"\" aria-describedby=\"gallery-1-353\" \/><\/a>\n\t\t\t<\/div>\n\t\t\t\t<figcaption class='wp-caption-text gallery-caption' id='gallery-1-353'>\n\t\t\t\tFirst floor commercial space\n\t\t\t\t<\/figcaption><\/figure><figure class='gallery-item'>\n\t\t\t<div class='gallery-icon landscape'>\n\t\t\t\t<a data-elementor-open-lightbox=\"yes\" data-elementor-lightbox-slideshow=\"252994f\" data-elementor-lightbox-title=\"tatari56b-2\" e-action-hash=\"#elementor-action%3Aaction%3Dlightbox%26settings%3DeyJpZCI6MzU0LCJ1cmwiOiJodHRwczpcL1wvcm9vc2kuZWVcL3dwLWNvbnRlbnRcL3VwbG9hZHNcLzIwMjJcLzEyXC90YXRhcmk1NmItMi5qcGVnIiwic2xpZGVzaG93IjoiMjUyOTk0ZiJ9\" href='https:\/\/roosi.ee\/wp-content\/uploads\/2022\/12\/tatari56b-2.jpeg'><img loading=\"lazy\" decoding=\"async\" width=\"435\" height=\"487\" src=\"https:\/\/roosi.ee\/wp-content\/uploads\/2022\/12\/tatari56b-2-435x487.jpeg\" class=\"attachment-portfolio size-portfolio\" alt=\"\" aria-describedby=\"gallery-1-354\" \/><\/a>\n\t\t\t<\/div>\n\t\t\t\t<figcaption class='wp-caption-text gallery-caption' id='gallery-1-354'>\n\t\t\t\tFirst floor commercial space\n\t\t\t\t<\/figcaption><\/figure><figure class='gallery-item'>\n\t\t\t<div class='gallery-icon landscape'>\n\t\t\t\t<a data-elementor-open-lightbox=\"yes\" data-elementor-lightbox-slideshow=\"252994f\" data-elementor-lightbox-title=\"tatari56b-3\" e-action-hash=\"#elementor-action%3Aaction%3Dlightbox%26settings%3DeyJpZCI6MzU1LCJ1cmwiOiJodHRwczpcL1wvcm9vc2kuZWVcL3dwLWNvbnRlbnRcL3VwbG9hZHNcLzIwMjJcLzEyXC90YXRhcmk1NmItMy5qcGVnIiwic2xpZGVzaG93IjoiMjUyOTk0ZiJ9\" href='https:\/\/roosi.ee\/wp-content\/uploads\/2022\/12\/tatari56b-3.jpeg'><img loading=\"lazy\" decoding=\"async\" width=\"435\" height=\"487\" src=\"https:\/\/roosi.ee\/wp-content\/uploads\/2022\/12\/tatari56b-3-435x487.jpeg\" class=\"attachment-portfolio size-portfolio\" alt=\"\" aria-describedby=\"gallery-1-355\" \/><\/a>\n\t\t\t<\/div>\n\t\t\t\t<figcaption class='wp-caption-text gallery-caption' id='gallery-1-355'>\n\t\t\t\tFirst floor room located in the back of the building\n\t\t\t\t<\/figcaption><\/figure><figure class='gallery-item'>\n\t\t\t<div class='gallery-icon landscape'>\n\t\t\t\t<a data-elementor-open-lightbox=\"yes\" data-elementor-lightbox-slideshow=\"252994f\" data-elementor-lightbox-title=\"tatari56b-4\" e-action-hash=\"#elementor-action%3Aaction%3Dlightbox%26settings%3DeyJpZCI6MzU2LCJ1cmwiOiJodHRwczpcL1wvcm9vc2kuZWVcL3dwLWNvbnRlbnRcL3VwbG9hZHNcLzIwMjJcLzEyXC90YXRhcmk1NmItNC5qcGVnIiwic2xpZGVzaG93IjoiMjUyOTk0ZiJ9\" href='https:\/\/roosi.ee\/wp-content\/uploads\/2022\/12\/tatari56b-4.jpeg'><img loading=\"lazy\" decoding=\"async\" width=\"435\" height=\"487\" src=\"https:\/\/roosi.ee\/wp-content\/uploads\/2022\/12\/tatari56b-4-435x487.jpeg\" class=\"attachment-portfolio size-portfolio\" alt=\"\" aria-describedby=\"gallery-1-356\" \/><\/a>\n\t\t\t<\/div>\n\t\t\t\t<figcaption class='wp-caption-text gallery-caption' id='gallery-1-356'>\n\t\t\t\tFirst floor room in the back of the building (room no 117 on the floor plan)\n\t\t\t\t<\/figcaption><\/figure><figure class='gallery-item'>\n\t\t\t<div class='gallery-icon landscape'>\n\t\t\t\t<a data-elementor-open-lightbox=\"yes\" data-elementor-lightbox-slideshow=\"252994f\" data-elementor-lightbox-title=\"tatari56b-5\" e-action-hash=\"#elementor-action%3Aaction%3Dlightbox%26settings%3DeyJpZCI6MzU3LCJ1cmwiOiJodHRwczpcL1wvcm9vc2kuZWVcL3dwLWNvbnRlbnRcL3VwbG9hZHNcLzIwMjJcLzEyXC90YXRhcmk1NmItNS5qcGVnIiwic2xpZGVzaG93IjoiMjUyOTk0ZiJ9\" href='https:\/\/roosi.ee\/wp-content\/uploads\/2022\/12\/tatari56b-5.jpeg'><img loading=\"lazy\" decoding=\"async\" width=\"435\" height=\"487\" src=\"https:\/\/roosi.ee\/wp-content\/uploads\/2022\/12\/tatari56b-5-435x487.jpeg\" class=\"attachment-portfolio size-portfolio\" alt=\"\" aria-describedby=\"gallery-1-357\" \/><\/a>\n\t\t\t<\/div>\n\t\t\t\t<figcaption class='wp-caption-text gallery-caption' id='gallery-1-357'>\n\t\t\t\tView from the lobby to the entrance\n\t\t\t\t<\/figcaption><\/figure><figure class='gallery-item'>\n\t\t\t<div class='gallery-icon landscape'>\n\t\t\t\t<a data-elementor-open-lightbox=\"yes\" data-elementor-lightbox-slideshow=\"252994f\" data-elementor-lightbox-title=\"tatari56b-6\" e-action-hash=\"#elementor-action%3Aaction%3Dlightbox%26settings%3DeyJpZCI6MzU4LCJ1cmwiOiJodHRwczpcL1wvcm9vc2kuZWVcL3dwLWNvbnRlbnRcL3VwbG9hZHNcLzIwMjJcLzEyXC90YXRhcmk1NmItNi5qcGVnIiwic2xpZGVzaG93IjoiMjUyOTk0ZiJ9\" href='https:\/\/roosi.ee\/wp-content\/uploads\/2022\/12\/tatari56b-6.jpeg'><img loading=\"lazy\" decoding=\"async\" width=\"435\" height=\"487\" src=\"https:\/\/roosi.ee\/wp-content\/uploads\/2022\/12\/tatari56b-6-435x487.jpeg\" class=\"attachment-portfolio size-portfolio\" alt=\"\" aria-describedby=\"gallery-1-358\" \/><\/a>\n\t\t\t<\/div>\n\t\t\t\t<figcaption class='wp-caption-text gallery-caption' id='gallery-1-358'>\n\t\t\t\tSecond floor office room\n\t\t\t\t<\/figcaption><\/figure><figure class='gallery-item'>\n\t\t\t<div class='gallery-icon landscape'>\n\t\t\t\t<a data-elementor-open-lightbox=\"yes\" data-elementor-lightbox-slideshow=\"252994f\" data-elementor-lightbox-title=\"tatari56b-7\" e-action-hash=\"#elementor-action%3Aaction%3Dlightbox%26settings%3DeyJpZCI6MzU5LCJ1cmwiOiJodHRwczpcL1wvcm9vc2kuZWVcL3dwLWNvbnRlbnRcL3VwbG9hZHNcLzIwMjJcLzEyXC90YXRhcmk1NmItNy5qcGVnIiwic2xpZGVzaG93IjoiMjUyOTk0ZiJ9\" href='https:\/\/roosi.ee\/wp-content\/uploads\/2022\/12\/tatari56b-7.jpeg'><img loading=\"lazy\" decoding=\"async\" width=\"435\" height=\"487\" src=\"https:\/\/roosi.ee\/wp-content\/uploads\/2022\/12\/tatari56b-7-435x487.jpeg\" class=\"attachment-portfolio size-portfolio\" alt=\"\" aria-describedby=\"gallery-1-359\" \/><\/a>\n\t\t\t<\/div>\n\t\t\t\t<figcaption class='wp-caption-text gallery-caption' id='gallery-1-359'>\n\t\t\t\tSecond floor room facing the yard (room no 209 on floor plan)\n\t\t\t\t<\/figcaption><\/figure><figure class='gallery-item'>\n\t\t\t<div class='gallery-icon landscape'>\n\t\t\t\t<a data-elementor-open-lightbox=\"yes\" data-elementor-lightbox-slideshow=\"252994f\" data-elementor-lightbox-title=\"tatari56b-8\" e-action-hash=\"#elementor-action%3Aaction%3Dlightbox%26settings%3DeyJpZCI6MzYwLCJ1cmwiOiJodHRwczpcL1wvcm9vc2kuZWVcL3dwLWNvbnRlbnRcL3VwbG9hZHNcLzIwMjJcLzEyXC90YXRhcmk1NmItOC5qcGVnIiwic2xpZGVzaG93IjoiMjUyOTk0ZiJ9\" href='https:\/\/roosi.ee\/wp-content\/uploads\/2022\/12\/tatari56b-8.jpeg'><img loading=\"lazy\" decoding=\"async\" width=\"435\" height=\"487\" src=\"https:\/\/roosi.ee\/wp-content\/uploads\/2022\/12\/tatari56b-8-435x487.jpeg\" class=\"attachment-portfolio size-portfolio\" alt=\"\" aria-describedby=\"gallery-1-360\" \/><\/a>\n\t\t\t<\/div>\n\t\t\t\t<figcaption class='wp-caption-text gallery-caption' id='gallery-1-360'>\n\t\t\t\tSecond floor room facing Tatari street (room no 203 on floor plan)\n\t\t\t\t<\/figcaption><\/figure><figure class='gallery-item'>\n\t\t\t<div class='gallery-icon landscape'>\n\t\t\t\t<a data-elementor-open-lightbox=\"yes\" data-elementor-lightbox-slideshow=\"252994f\" data-elementor-lightbox-title=\"tatari56b-9\" e-action-hash=\"#elementor-action%3Aaction%3Dlightbox%26settings%3DeyJpZCI6MzYxLCJ1cmwiOiJodHRwczpcL1wvcm9vc2kuZWVcL3dwLWNvbnRlbnRcL3VwbG9hZHNcLzIwMjJcLzEyXC90YXRhcmk1NmItOS5qcGVnIiwic2xpZGVzaG93IjoiMjUyOTk0ZiJ9\" href='https:\/\/roosi.ee\/wp-content\/uploads\/2022\/12\/tatari56b-9.jpeg'><img loading=\"lazy\" decoding=\"async\" width=\"435\" height=\"487\" src=\"https:\/\/roosi.ee\/wp-content\/uploads\/2022\/12\/tatari56b-9-435x487.jpeg\" class=\"attachment-portfolio size-portfolio\" alt=\"\" aria-describedby=\"gallery-1-361\" \/><\/a>\n\t\t\t<\/div>\n\t\t\t\t<figcaption class='wp-caption-text gallery-caption' id='gallery-1-361'>\n\t\t\t\tSecond floor corridor\n\t\t\t\t<\/figcaption><\/figure><figure class='gallery-item'>\n\t\t\t<div class='gallery-icon landscape'>\n\t\t\t\t<a data-elementor-open-lightbox=\"yes\" data-elementor-lightbox-slideshow=\"252994f\" data-elementor-lightbox-title=\"tatari56b-10\" e-action-hash=\"#elementor-action%3Aaction%3Dlightbox%26settings%3DeyJpZCI6MzYyLCJ1cmwiOiJodHRwczpcL1wvcm9vc2kuZWVcL3dwLWNvbnRlbnRcL3VwbG9hZHNcLzIwMjJcLzEyXC90YXRhcmk1NmItMTAuanBlZyIsInNsaWRlc2hvdyI6IjI1Mjk5NGYifQ%3D%3D\" href='https:\/\/roosi.ee\/wp-content\/uploads\/2022\/12\/tatari56b-10.jpeg'><img loading=\"lazy\" decoding=\"async\" width=\"435\" height=\"487\" src=\"https:\/\/roosi.ee\/wp-content\/uploads\/2022\/12\/tatari56b-10-435x487.jpeg\" class=\"attachment-portfolio size-portfolio\" alt=\"\" aria-describedby=\"gallery-1-362\" \/><\/a>\n\t\t\t<\/div>\n\t\t\t\t<figcaption class='wp-caption-text gallery-caption' id='gallery-1-362'>\n\t\t\t\tInside parking on the second floor\n\t\t\t\t<\/figcaption><\/figure><figure class='gallery-item'>\n\t\t\t<div class='gallery-icon landscape'>\n\t\t\t\t<a data-elementor-open-lightbox=\"yes\" data-elementor-lightbox-slideshow=\"252994f\" data-elementor-lightbox-title=\"tatari56b-11\" e-action-hash=\"#elementor-action%3Aaction%3Dlightbox%26settings%3DeyJpZCI6MzYzLCJ1cmwiOiJodHRwczpcL1wvcm9vc2kuZWVcL3dwLWNvbnRlbnRcL3VwbG9hZHNcLzIwMjJcLzEyXC90YXRhcmk1NmItMTEuanBlZyIsInNsaWRlc2hvdyI6IjI1Mjk5NGYifQ%3D%3D\" href='https:\/\/roosi.ee\/wp-content\/uploads\/2022\/12\/tatari56b-11.jpeg'><img loading=\"lazy\" decoding=\"async\" width=\"435\" height=\"487\" src=\"https:\/\/roosi.ee\/wp-content\/uploads\/2022\/12\/tatari56b-11-435x487.jpeg\" class=\"attachment-portfolio size-portfolio\" alt=\"\" aria-describedby=\"gallery-1-363\" \/><\/a>\n\t\t\t<\/div>\n\t\t\t\t<figcaption class='wp-caption-text gallery-caption' id='gallery-1-363'>\n\t\t\t\tEntrance to the parking building\n\t\t\t\t<\/figcaption><\/figure><figure class='gallery-item'>\n\t\t\t<div class='gallery-icon landscape'>\n\t\t\t\t<a data-elementor-open-lightbox=\"yes\" data-elementor-lightbox-slideshow=\"252994f\" data-elementor-lightbox-title=\"tatari56b-12\" e-action-hash=\"#elementor-action%3Aaction%3Dlightbox%26settings%3DeyJpZCI6MzY0LCJ1cmwiOiJodHRwczpcL1wvcm9vc2kuZWVcL3dwLWNvbnRlbnRcL3VwbG9hZHNcLzIwMjJcLzEyXC90YXRhcmk1NmItMTIuanBlZyIsInNsaWRlc2hvdyI6IjI1Mjk5NGYifQ%3D%3D\" href='https:\/\/roosi.ee\/wp-content\/uploads\/2022\/12\/tatari56b-12.jpeg'><img loading=\"lazy\" decoding=\"async\" width=\"435\" height=\"487\" src=\"https:\/\/roosi.ee\/wp-content\/uploads\/2022\/12\/tatari56b-12-435x487.jpeg\" class=\"attachment-portfolio size-portfolio\" alt=\"\" aria-describedby=\"gallery-1-364\" \/><\/a>\n\t\t\t<\/div>\n\t\t\t\t<figcaption class='wp-caption-text gallery-caption' id='gallery-1-364'>\n\t\t\t\tBuilding facade from the yard\n\t\t\t\t<\/figcaption><\/figure><figure class='gallery-item'>\n\t\t\t<div class='gallery-icon landscape'>\n\t\t\t\t<a data-elementor-open-lightbox=\"yes\" data-elementor-lightbox-slideshow=\"252994f\" data-elementor-lightbox-title=\"tatari56b-13\" e-action-hash=\"#elementor-action%3Aaction%3Dlightbox%26settings%3DeyJpZCI6MzY1LCJ1cmwiOiJodHRwczpcL1wvcm9vc2kuZWVcL3dwLWNvbnRlbnRcL3VwbG9hZHNcLzIwMjJcLzEyXC90YXRhcmk1NmItMTMuanBlZyIsInNsaWRlc2hvdyI6IjI1Mjk5NGYifQ%3D%3D\" href='https:\/\/roosi.ee\/wp-content\/uploads\/2022\/12\/tatari56b-13.jpeg'><img loading=\"lazy\" decoding=\"async\" width=\"435\" height=\"487\" src=\"https:\/\/roosi.ee\/wp-content\/uploads\/2022\/12\/tatari56b-13-435x487.jpeg\" class=\"attachment-portfolio size-portfolio\" alt=\"\" aria-describedby=\"gallery-1-365\" \/><\/a>\n\t\t\t<\/div>\n\t\t\t\t<figcaption class='wp-caption-text gallery-caption' id='gallery-1-365'>\n\t\t\t\tBuilding facade from the yard\n\t\t\t\t<\/figcaption><\/figure><figure class='gallery-item'>\n\t\t\t<div class='gallery-icon landscape'>\n\t\t\t\t<a data-elementor-open-lightbox=\"yes\" data-elementor-lightbox-slideshow=\"252994f\" data-elementor-lightbox-title=\"tatari56b-14\" e-action-hash=\"#elementor-action%3Aaction%3Dlightbox%26settings%3DeyJpZCI6MzY2LCJ1cmwiOiJodHRwczpcL1wvcm9vc2kuZWVcL3dwLWNvbnRlbnRcL3VwbG9hZHNcLzIwMjJcLzEyXC90YXRhcmk1NmItMTQuanBlZyIsInNsaWRlc2hvdyI6IjI1Mjk5NGYifQ%3D%3D\" href='https:\/\/roosi.ee\/wp-content\/uploads\/2022\/12\/tatari56b-14.jpeg'><img loading=\"lazy\" decoding=\"async\" width=\"435\" height=\"487\" src=\"https:\/\/roosi.ee\/wp-content\/uploads\/2022\/12\/tatari56b-14-435x487.jpeg\" class=\"attachment-portfolio size-portfolio\" alt=\"\" aria-describedby=\"gallery-1-366\" \/><\/a>\n\t\t\t<\/div>\n\t\t\t\t<figcaption class='wp-caption-text gallery-caption' id='gallery-1-366'>\n\t\t\t\tBuilding facade from Tatari street\n\t\t\t\t<\/figcaption><\/figure>\n\t\t<\/div>\n\t\t<\/div>\n\t\t\t\t<\/div>\n\t\t\t\t<\/div>\n\t\t\t\t\t<\/div>\n\t\t<\/div>\n\t\t\t\t\t\t\t<\/div>\n\t\t<\/section>\n\t\t\t\t\t\t\t<\/div>","protected":false},"excerpt":{"rendered":"<p>Esimesel korrusel asuvad Koopia Niini &#038; Rauam ruumid Esimesel korrusel asuv koopiakeskuse \u00fcks ruumidest Esimesel korrusel, hoone tagatiivas asuv \u00fc\u00fcripind Esimesel korrusel, hoone tagatiivas asuv \u00fc\u00fcripind (korruseplaanil ruum nr 117) Trepikojast vaade v\u00e4llisuksele Teisel korrusel asuv kontor Teise korruse \u00fc\u00fcripind vaatega sisehoovile (korruseplaanil ruum nr 209) Teise korruse \u00fc\u00fcripind vaatega Tatari t\u00e4navale(korruseplaanil ruum nr 203) [&hellip;]<\/p>","protected":false},"author":1,"featured_media":0,"parent":130,"menu_order":6,"comment_status":"closed","ping_status":"closed","template":"","meta":{"footnotes":""},"class_list":["post-351","page","type-page","status-publish","hentry"],"acf":[],"yoast_head":"<!-- This site is optimized with the Yoast SEO plugin v19.11 - https:\/\/yoast.com\/wordpress\/plugins\/seo\/ -->\n<title>Pildigalerii - Roosi<\/title>\n<meta name=\"robots\" content=\"index, follow, max-snippet:-1, max-image-preview:large, max-video-preview:-1\" \/>\n<link rel=\"canonical\" href=\"https:\/\/roosi.ee\/en\/hooned\/hoone-tatari-56b\/pildigalerii\/\" \/>\n<meta property=\"og:locale\" content=\"en_GB\" \/>\n<meta property=\"og:type\" content=\"article\" \/>\n<meta property=\"og:title\" content=\"Pildigalerii - Roosi\" \/>\n<meta property=\"og:description\" content=\"Esimesel korrusel asuvad Koopia Niini &#038; Rauam ruumid Esimesel korrusel asuv koopiakeskuse \u00fcks ruumidest Esimesel korrusel, hoone tagatiivas asuv \u00fc\u00fcripind Esimesel korrusel, hoone tagatiivas asuv \u00fc\u00fcripind (korruseplaanil ruum nr 117) Trepikojast vaade v\u00e4llisuksele Teisel korrusel asuv kontor Teise korruse \u00fc\u00fcripind vaatega sisehoovile (korruseplaanil ruum nr 209) Teise korruse \u00fc\u00fcripind vaatega Tatari t\u00e4navale(korruseplaanil ruum nr 203) [&hellip;]\" \/>\n<meta property=\"og:url\" content=\"https:\/\/roosi.ee\/en\/hooned\/hoone-tatari-56b\/pildigalerii\/\" \/>\n<meta property=\"og:site_name\" content=\"Roosi\" \/>\n<meta property=\"article:modified_time\" content=\"2022-12-07T15:53:51+00:00\" \/>\n<meta property=\"og:image\" content=\"https:\/\/roosi.ee\/wp-content\/uploads\/2022\/12\/tatari56b-1-435x487.jpeg\" \/>\n<meta name=\"twitter:card\" content=\"summary_large_image\" \/>\n<meta name=\"twitter:label1\" content=\"Estimated reading time\" \/>\n\t<meta name=\"twitter:data1\" content=\"4 minutes\" \/>\n<script type=\"application\/ld+json\" class=\"yoast-schema-graph\">{\"@context\":\"https:\/\/schema.org\",\"@graph\":[{\"@type\":\"WebPage\",\"@id\":\"https:\/\/roosi.ee\/hooned\/hoone-tatari-56b\/pildigalerii\/\",\"url\":\"https:\/\/roosi.ee\/hooned\/hoone-tatari-56b\/pildigalerii\/\",\"name\":\"Pildigalerii - Roosi\",\"isPartOf\":{\"@id\":\"https:\/\/roosi.ee\/#website\"},\"datePublished\":\"2022-12-07T15:50:27+00:00\",\"dateModified\":\"2022-12-07T15:53:51+00:00\",\"breadcrumb\":{\"@id\":\"https:\/\/roosi.ee\/hooned\/hoone-tatari-56b\/pildigalerii\/#breadcrumb\"},\"inLanguage\":\"en-GB\",\"potentialAction\":[{\"@type\":\"ReadAction\",\"target\":[\"https:\/\/roosi.ee\/hooned\/hoone-tatari-56b\/pildigalerii\/\"]}]},{\"@type\":\"BreadcrumbList\",\"@id\":\"https:\/\/roosi.ee\/hooned\/hoone-tatari-56b\/pildigalerii\/#breadcrumb\",\"itemListElement\":[{\"@type\":\"ListItem\",\"position\":1,\"name\":\"Avaleht\",\"item\":\"https:\/\/roosi.ee\/\"},{\"@type\":\"ListItem\",\"position\":2,\"name\":\"Hooned\",\"item\":\"https:\/\/roosi.ee\/hooned\/\"},{\"@type\":\"ListItem\",\"position\":3,\"name\":\"HOONE TATARI 56b\",\"item\":\"https:\/\/roosi.ee\/hooned\/hoone-tatari-56b\/\"},{\"@type\":\"ListItem\",\"position\":4,\"name\":\"Pildigalerii\"}]},{\"@type\":\"WebSite\",\"@id\":\"https:\/\/roosi.ee\/#website\",\"url\":\"https:\/\/roosi.ee\/\",\"name\":\"Roosi\",\"description\":\"\",\"potentialAction\":[{\"@type\":\"SearchAction\",\"target\":{\"@type\":\"EntryPoint\",\"urlTemplate\":\"https:\/\/roosi.ee\/?s={search_term_string}\"},\"query-input\":\"required name=search_term_string\"}],\"inLanguage\":\"en-GB\"}]}<\/script>\n<!-- \/ Yoast SEO plugin. -->","yoast_head_json":{"title":"Pildigalerii - Roosi","robots":{"index":"index","follow":"follow","max-snippet":"max-snippet:-1","max-image-preview":"max-image-preview:large","max-video-preview":"max-video-preview:-1"},"canonical":"https:\/\/roosi.ee\/en\/hooned\/hoone-tatari-56b\/pildigalerii\/","og_locale":"en_GB","og_type":"article","og_title":"Pildigalerii - Roosi","og_description":"Esimesel korrusel asuvad Koopia Niini &#038; Rauam ruumid Esimesel korrusel asuv koopiakeskuse \u00fcks ruumidest Esimesel korrusel, hoone tagatiivas asuv \u00fc\u00fcripind Esimesel korrusel, hoone tagatiivas asuv \u00fc\u00fcripind (korruseplaanil ruum nr 117) Trepikojast vaade v\u00e4llisuksele Teisel korrusel asuv kontor Teise korruse \u00fc\u00fcripind vaatega sisehoovile (korruseplaanil ruum nr 209) Teise korruse \u00fc\u00fcripind vaatega Tatari t\u00e4navale(korruseplaanil ruum nr 203) [&hellip;]","og_url":"https:\/\/roosi.ee\/en\/hooned\/hoone-tatari-56b\/pildigalerii\/","og_site_name":"Roosi","article_modified_time":"2022-12-07T15:53:51+00:00","og_image":[{"url":"https:\/\/roosi.ee\/wp-content\/uploads\/2022\/12\/tatari56b-1-435x487.jpeg"}],"twitter_card":"summary_large_image","twitter_misc":{"Estimated reading time":"4 minutes"},"schema":{"@context":"https:\/\/schema.org","@graph":[{"@type":"WebPage","@id":"https:\/\/roosi.ee\/hooned\/hoone-tatari-56b\/pildigalerii\/","url":"https:\/\/roosi.ee\/hooned\/hoone-tatari-56b\/pildigalerii\/","name":"Pildigalerii - Roosi","isPartOf":{"@id":"https:\/\/roosi.ee\/#website"},"datePublished":"2022-12-07T15:50:27+00:00","dateModified":"2022-12-07T15:53:51+00:00","breadcrumb":{"@id":"https:\/\/roosi.ee\/hooned\/hoone-tatari-56b\/pildigalerii\/#breadcrumb"},"inLanguage":"en-GB","potentialAction":[{"@type":"ReadAction","target":["https:\/\/roosi.ee\/hooned\/hoone-tatari-56b\/pildigalerii\/"]}]},{"@type":"BreadcrumbList","@id":"https:\/\/roosi.ee\/hooned\/hoone-tatari-56b\/pildigalerii\/#breadcrumb","itemListElement":[{"@type":"ListItem","position":1,"name":"Avaleht","item":"https:\/\/roosi.ee\/"},{"@type":"ListItem","position":2,"name":"Hooned","item":"https:\/\/roosi.ee\/hooned\/"},{"@type":"ListItem","position":3,"name":"HOONE TATARI 56b","item":"https:\/\/roosi.ee\/hooned\/hoone-tatari-56b\/"},{"@type":"ListItem","position":4,"name":"Pildigalerii"}]},{"@type":"WebSite","@id":"https:\/\/roosi.ee\/#website","url":"https:\/\/roosi.ee\/","name":"Roosi","description":"","potentialAction":[{"@type":"SearchAction","target":{"@type":"EntryPoint","urlTemplate":"https:\/\/roosi.ee\/?s={search_term_string}"},"query-input":"required name=search_term_string"}],"inLanguage":"en-GB"}]}},"_links":{"self":[{"href":"https:\/\/roosi.ee\/en\/wp-json\/wp\/v2\/pages\/351","targetHints":{"allow":["GET"]}}],"collection":[{"href":"https:\/\/roosi.ee\/en\/wp-json\/wp\/v2\/pages"}],"about":[{"href":"https:\/\/roosi.ee\/en\/wp-json\/wp\/v2\/types\/page"}],"author":[{"embeddable":true,"href":"https:\/\/roosi.ee\/en\/wp-json\/wp\/v2\/users\/1"}],"replies":[{"embeddable":true,"href":"https:\/\/roosi.ee\/en\/wp-json\/wp\/v2\/comments?post=351"}],"version-history":[{"count":4,"href":"https:\/\/roosi.ee\/en\/wp-json\/wp\/v2\/pages\/351\/revisions"}],"predecessor-version":[{"id":370,"href":"https:\/\/roosi.ee\/en\/wp-json\/wp\/v2\/pages\/351\/revisions\/370"}],"up":[{"embeddable":true,"href":"https:\/\/roosi.ee\/en\/wp-json\/wp\/v2\/pages\/130"}],"wp:attachment":[{"href":"https:\/\/roosi.ee\/en\/wp-json\/wp\/v2\/media?parent=351"}],"curies":[{"name":"wp","href":"https:\/\/api.w.org\/{rel}","templated":true}]}}