{"id":23,"date":"2022-12-06T13:05:50","date_gmt":"2022-12-06T13:05:50","guid":{"rendered":"https:\/\/wp.roosi.ee\/?page_id=23"},"modified":"2025-02-26T10:28:29","modified_gmt":"2025-02-26T10:28:29","slug":"kinnistud","status":"publish","type":"page","link":"https:\/\/roosi.ee\/en\/kinnistud\/","title":{"rendered":"Real Estate"},"content":{"rendered":"<p>Roosi O\u00dc is owning 5 real estate objects:<\/p>\n<ul>\n<li style=\"list-style-type: none;\">\n<ul>\n<li><a href=\"https:\/\/roosi.ee\/en\/kinnistud\/tatari-56-info\/\">Tatari 56<\/a><\/li>\n<li><a href=\"https:\/\/roosi.ee\/en\/kinnistud\/tatari-58-info\/\">Tatari 56b<\/a><\/li>\n<li><a href=\"https:\/\/roosi.ee\/en\/kinnistud\/tatari-47-vana-louna-2-info\/\">Tatari 56c<\/a><\/li>\n<li><a href=\"https:\/\/roosi.ee\/en\/kinnistud\/tatari-56b-info\/\">Tatari 58<\/a><\/li>\n<li><a href=\"https:\/\/roosi.ee\/en\/kinnistud\/tatari-58a-info\/\">Tatari 58a<\/a><\/li>\n<\/ul>\n<\/li>\n<\/ul>\n<p>&nbsp;<\/p>\n<p>The properties are located in Tallinn central city district in the heart of Tallinn`s financial district (in-between  the main headquarters of Swedbank on Liivalaia st. and the newly built Estonian Statistics Department house located on Vana-L\u00f5una).<\/p>\n<p>The plots accumulated area is totaling to 11650 square meters. There are four buildings located on the separate plots:<\/p>\n<ul>\n<li><a href=\"https:\/\/roosi.ee\/en\/hooned\/hoone-tatari-56\/\">Tatari 56 - office building<\/a><\/li>\n<li><a href=\"https:\/\/roosi.ee\/en\/hooned\/hoone-tatari-56b\/\">Tatari 56b - office building with inside parking<\/a><\/li>\n<li><a href=\"https:\/\/roosi.ee\/en\/hooned\/hoone-tatari-58\/\">Tatari 58 - commercial building<\/a><\/li>\n<li><a href=\"https:\/\/roosi.ee\/en\/hooned\/hoone-tatari-58a\/\">Tatari 58a - commercial building<\/a><\/li>\n<\/ul>\n<p>The rest of the grounds surrounding Tatari 56, Tatari 56b, Tatari 58 and Tatari 58a  are used as a parking area for 110  cars.<\/p>\n<figure class=\"gallery-item\"><a href=\"https:\/\/roosi.ee\/wp-content\/uploads\/2022\/12\/1.jpeg\" data-elementor-open-lightbox=\"yes\" data-elementor-lightbox-slideshow=\"73cb933\" data-elementor-lightbox-title=\"1\"><img loading=\"lazy\" decoding=\"async\" src=\"https:\/\/roosi.ee\/wp-content\/uploads\/2022\/12\/1-435x487.jpeg\" alt=\"\" width=\"435\" height=\"487\" \/><\/a><\/figure>\n<figure class=\"gallery-item\"><a href=\"https:\/\/roosi.ee\/wp-content\/uploads\/2022\/12\/2.jpg\" data-elementor-open-lightbox=\"yes\" data-elementor-lightbox-slideshow=\"73cb933\" data-elementor-lightbox-title=\"2\"><img loading=\"lazy\" decoding=\"async\" src=\"https:\/\/roosi.ee\/wp-content\/uploads\/2022\/12\/2-435x487.jpg\" alt=\"\" width=\"435\" height=\"487\" \/><\/a><\/figure>","protected":false},"excerpt":{"rendered":"<p>Roosi O\u00dc omab 5 kinnistut: Tatari 56 Tatari 56b Tatari 56c Tatari 58 Tatari 58a &nbsp; Kinnistud asuvad Tallinna kesklinnas Liivalaia t\u00e4nava Swedbank peahoone ja Vana-L\u00f5una t\u00e4nava uue Eesti Statistikahoone vahele j\u00e4\u00e4val alal. Kinnistute kogupindala on kokku 11650 ruutmeetrit, millel asub neli hoonet: Tatari 56 &#8211;\u00a0b\u00fcroohoone Tatari 56b &#8211;\u00a0\u00e4rihoone parkimismajaga Tatari 58 &#8211;\u00a0\u00e4rihoone Tatari 58a [&hellip;]<\/p>","protected":false},"author":1,"featured_media":0,"parent":0,"menu_order":14,"comment_status":"closed","ping_status":"closed","template":"","meta":{"footnotes":""},"class_list":["post-23","page","type-page","status-publish","hentry"],"acf":[],"yoast_head":"<!-- This site is optimized with the Yoast SEO plugin v19.11 - https:\/\/yoast.com\/wordpress\/plugins\/seo\/ -->\n<title>Kinnistud - Roosi<\/title>\n<meta name=\"robots\" content=\"index, follow, max-snippet:-1, max-image-preview:large, max-video-preview:-1\" \/>\n<link rel=\"canonical\" href=\"https:\/\/roosi.ee\/en\/kinnistud\/\" \/>\n<meta property=\"og:locale\" content=\"en_GB\" \/>\n<meta property=\"og:type\" content=\"article\" \/>\n<meta property=\"og:title\" content=\"Kinnistud - Roosi\" \/>\n<meta property=\"og:description\" content=\"Roosi O\u00dc omab 5 kinnistut: Tatari 56 Tatari 56b Tatari 56c Tatari 58 Tatari 58a &nbsp; Kinnistud asuvad Tallinna kesklinnas Liivalaia t\u00e4nava Swedbank peahoone ja Vana-L\u00f5una t\u00e4nava uue Eesti Statistikahoone vahele j\u00e4\u00e4val alal. Kinnistute kogupindala on kokku 11650 ruutmeetrit, millel asub neli hoonet: Tatari 56 &#8211;\u00a0b\u00fcroohoone Tatari 56b &#8211;\u00a0\u00e4rihoone parkimismajaga Tatari 58 &#8211;\u00a0\u00e4rihoone Tatari 58a [&hellip;]\" \/>\n<meta property=\"og:url\" content=\"https:\/\/roosi.ee\/en\/kinnistud\/\" \/>\n<meta property=\"og:site_name\" content=\"Roosi\" \/>\n<meta property=\"article:modified_time\" content=\"2025-02-26T10:28:29+00:00\" \/>\n<meta property=\"og:image\" content=\"https:\/\/roosi.ee\/wp-content\/uploads\/2022\/12\/1-435x487.jpeg\" \/>\n<meta name=\"twitter:card\" content=\"summary_large_image\" \/>\n<meta name=\"twitter:label1\" content=\"Estimated reading time\" \/>\n\t<meta name=\"twitter:data1\" content=\"1 minute\" \/>\n<script type=\"application\/ld+json\" class=\"yoast-schema-graph\">{\"@context\":\"https:\/\/schema.org\",\"@graph\":[{\"@type\":\"WebPage\",\"@id\":\"https:\/\/roosi.ee\/kinnistud\/\",\"url\":\"https:\/\/roosi.ee\/kinnistud\/\",\"name\":\"Kinnistud - Roosi\",\"isPartOf\":{\"@id\":\"https:\/\/roosi.ee\/#website\"},\"datePublished\":\"2022-12-06T13:05:50+00:00\",\"dateModified\":\"2025-02-26T10:28:29+00:00\",\"breadcrumb\":{\"@id\":\"https:\/\/roosi.ee\/kinnistud\/#breadcrumb\"},\"inLanguage\":\"en-GB\",\"potentialAction\":[{\"@type\":\"ReadAction\",\"target\":[\"https:\/\/roosi.ee\/kinnistud\/\"]}]},{\"@type\":\"BreadcrumbList\",\"@id\":\"https:\/\/roosi.ee\/kinnistud\/#breadcrumb\",\"itemListElement\":[{\"@type\":\"ListItem\",\"position\":1,\"name\":\"Avaleht\",\"item\":\"https:\/\/roosi.ee\/\"},{\"@type\":\"ListItem\",\"position\":2,\"name\":\"Kinnistud\"}]},{\"@type\":\"WebSite\",\"@id\":\"https:\/\/roosi.ee\/#website\",\"url\":\"https:\/\/roosi.ee\/\",\"name\":\"Roosi\",\"description\":\"\",\"potentialAction\":[{\"@type\":\"SearchAction\",\"target\":{\"@type\":\"EntryPoint\",\"urlTemplate\":\"https:\/\/roosi.ee\/?s={search_term_string}\"},\"query-input\":\"required name=search_term_string\"}],\"inLanguage\":\"en-GB\"}]}<\/script>\n<!-- \/ Yoast SEO plugin. -->","yoast_head_json":{"title":"Kinnistud - Roosi","robots":{"index":"index","follow":"follow","max-snippet":"max-snippet:-1","max-image-preview":"max-image-preview:large","max-video-preview":"max-video-preview:-1"},"canonical":"https:\/\/roosi.ee\/en\/kinnistud\/","og_locale":"en_GB","og_type":"article","og_title":"Kinnistud - Roosi","og_description":"Roosi O\u00dc omab 5 kinnistut: Tatari 56 Tatari 56b Tatari 56c Tatari 58 Tatari 58a &nbsp; Kinnistud asuvad Tallinna kesklinnas Liivalaia t\u00e4nava Swedbank peahoone ja Vana-L\u00f5una t\u00e4nava uue Eesti Statistikahoone vahele j\u00e4\u00e4val alal. Kinnistute kogupindala on kokku 11650 ruutmeetrit, millel asub neli hoonet: Tatari 56 &#8211;\u00a0b\u00fcroohoone Tatari 56b &#8211;\u00a0\u00e4rihoone parkimismajaga Tatari 58 &#8211;\u00a0\u00e4rihoone Tatari 58a [&hellip;]","og_url":"https:\/\/roosi.ee\/en\/kinnistud\/","og_site_name":"Roosi","article_modified_time":"2025-02-26T10:28:29+00:00","og_image":[{"url":"https:\/\/roosi.ee\/wp-content\/uploads\/2022\/12\/1-435x487.jpeg"}],"twitter_card":"summary_large_image","twitter_misc":{"Estimated reading time":"1 minute"},"schema":{"@context":"https:\/\/schema.org","@graph":[{"@type":"WebPage","@id":"https:\/\/roosi.ee\/kinnistud\/","url":"https:\/\/roosi.ee\/kinnistud\/","name":"Kinnistud - Roosi","isPartOf":{"@id":"https:\/\/roosi.ee\/#website"},"datePublished":"2022-12-06T13:05:50+00:00","dateModified":"2025-02-26T10:28:29+00:00","breadcrumb":{"@id":"https:\/\/roosi.ee\/kinnistud\/#breadcrumb"},"inLanguage":"en-GB","potentialAction":[{"@type":"ReadAction","target":["https:\/\/roosi.ee\/kinnistud\/"]}]},{"@type":"BreadcrumbList","@id":"https:\/\/roosi.ee\/kinnistud\/#breadcrumb","itemListElement":[{"@type":"ListItem","position":1,"name":"Avaleht","item":"https:\/\/roosi.ee\/"},{"@type":"ListItem","position":2,"name":"Kinnistud"}]},{"@type":"WebSite","@id":"https:\/\/roosi.ee\/#website","url":"https:\/\/roosi.ee\/","name":"Roosi","description":"","potentialAction":[{"@type":"SearchAction","target":{"@type":"EntryPoint","urlTemplate":"https:\/\/roosi.ee\/?s={search_term_string}"},"query-input":"required name=search_term_string"}],"inLanguage":"en-GB"}]}},"_links":{"self":[{"href":"https:\/\/roosi.ee\/en\/wp-json\/wp\/v2\/pages\/23","targetHints":{"allow":["GET"]}}],"collection":[{"href":"https:\/\/roosi.ee\/en\/wp-json\/wp\/v2\/pages"}],"about":[{"href":"https:\/\/roosi.ee\/en\/wp-json\/wp\/v2\/types\/page"}],"author":[{"embeddable":true,"href":"https:\/\/roosi.ee\/en\/wp-json\/wp\/v2\/users\/1"}],"replies":[{"embeddable":true,"href":"https:\/\/roosi.ee\/en\/wp-json\/wp\/v2\/comments?post=23"}],"version-history":[{"count":23,"href":"https:\/\/roosi.ee\/en\/wp-json\/wp\/v2\/pages\/23\/revisions"}],"predecessor-version":[{"id":1395,"href":"https:\/\/roosi.ee\/en\/wp-json\/wp\/v2\/pages\/23\/revisions\/1395"}],"wp:attachment":[{"href":"https:\/\/roosi.ee\/en\/wp-json\/wp\/v2\/media?parent=23"}],"curies":[{"name":"wp","href":"https:\/\/api.w.org\/{rel}","templated":true}]}}