{"id":213,"date":"2022-12-06T18:08:45","date_gmt":"2022-12-06T18:08:45","guid":{"rendered":"https:\/\/wp.roosi.ee\/?page_id=213"},"modified":"2026-03-26T11:42:11","modified_gmt":"2026-03-26T11:42:11","slug":"hoone-tatari-58a","status":"publish","type":"page","link":"https:\/\/roosi.ee\/en\/uurile-anda\/hoone-tatari-58a\/","title":{"rendered":"BUILDING TATARI 58a"},"content":{"rendered":"<p>View\u00a0<a href=\"https:\/\/roosi.ee\/en\/hooned\/hoone-tatari-58a\/pildigalerii\/\" target=\"_blank\" rel=\"noopener\">gallery<\/a><\/p>\n<table border=\"1\" cellspacing=\"0\" cellpadding=\"0\" align=\"center\">\n<tbody>\n<tr>\n<td width=\"75\" height=\"25\"><strong>BUILDING TATARI 58a<\/strong><\/td>\n<td width=\"107\"><strong>Room nr.<\/strong><\/td>\n<td width=\"64\"><strong>\u00a0m2\u00a0<\/strong><\/td>\n<td width=\"89\"><strong>Price\/m2<\/strong><\/td>\n<td width=\"103\"><strong>EUR +KM<\/strong><\/td>\n<\/tr>\n<tr>\n<td rowspan=\"3\" height=\"60\"><strong>basement<\/strong><\/td>\n<td style=\"text-align: center;\">002, 012, 011, 013, 014<\/td>\n<td style=\"text-align: center;\">156,5<\/td>\n<td style=\"text-align: center;\" colspan=\"2\"><em>rented out<\/em><\/td>\n<\/tr>\n<tr>\n<td style=\"text-align: center;\" height=\"20\">003<\/td>\n<td style=\"text-align: center;\">12,7<\/td>\n<td style=\"text-align: center;\" colspan=\"2\"><em>rented out<\/em><\/td>\n<\/tr>\n<tr>\n<td style=\"text-align: center;\" height=\"20\">007-010<\/td>\n<td style=\"text-align: center;\">113,6<\/td>\n<td style=\"text-align: center;\" colspan=\"2\"><em>rented out<\/em><\/td>\n<\/tr>\n<tr>\n<td style=\"text-align: center;\" rowspan=\"11\" height=\"200\"><strong>I floor<\/strong><\/td>\n<td style=\"text-align: center;\">101<\/td>\n<td style=\"text-align: center;\">65,7<\/td>\n<td style=\"text-align: center;\" colspan=\"2\"><em>rented out<\/em><\/td>\n<\/tr>\n<tr>\n<td style=\"text-align: center;\" height=\"20\">102<\/td>\n<td style=\"text-align: center;\">67,6<\/td>\n<td style=\"text-align: center;\" colspan=\"2\"><em>rented out<\/em><\/td>\n<\/tr>\n<tr>\n<td style=\"text-align: center;\" height=\"20\">103<\/td>\n<td style=\"text-align: center;\">67,6<\/td>\n<td style=\"text-align: center;\" colspan=\"2\"><em>rented out<\/em><\/td>\n<\/tr>\n<tr>\n<td style=\"text-align: center;\" height=\"20\">104<\/td>\n<td style=\"text-align: center;\">67,6<\/td>\n<td style=\"text-align: center;\" colspan=\"2\"><em>rented out<\/em><\/td>\n<\/tr>\n<tr>\n<td style=\"text-align: center;\" height=\"20\">105<\/td>\n<td style=\"text-align: center;\">67,4<\/td>\n<td style=\"text-align: center;\" colspan=\"2\"><em>rented out<\/em><\/td>\n<\/tr>\n<tr>\n<td style=\"text-align: center;\" height=\"20\"><strong>106<\/strong><\/td>\n<td style=\"text-align: center;\"><strong>67,2<\/strong><\/td>\n<td style=\"text-align: center;\" colspan=\"2\"><strong><em>5,65\u20ac\/m2\u00a0 \u00a0 \u00a0 380\u20ac<\/em><\/strong><\/td>\n<\/tr>\n<tr>\n<td style=\"text-align: center;\" height=\"20\">109<\/td>\n<td style=\"text-align: center;\">14,08<\/td>\n<td style=\"text-align: center;\" colspan=\"2\"><span class=\"pildiallkiri\"><em>rented out<\/em><\/span><\/td>\n<\/tr>\n<tr>\n<td style=\"text-align: center;\" height=\"20\">112<\/td>\n<td style=\"text-align: center;\">13,6<\/td>\n<td style=\"text-align: center;\" colspan=\"2\"><em>rented out<\/em><\/td>\n<\/tr>\n<tr>\n<td style=\"text-align: center;\" height=\"20\">113<\/td>\n<td style=\"text-align: center;\">16,0<\/td>\n<td style=\"text-align: center;\" colspan=\"2\"><em>rented out<\/em><\/td>\n<\/tr>\n<tr>\n<td style=\"text-align: center;\" height=\"20\">122<\/td>\n<td style=\"text-align: center;\">8,4<\/td>\n<td style=\"text-align: center;\" colspan=\"2\"><em>rented out<\/em><\/td>\n<\/tr>\n<tr>\n<td style=\"text-align: center;\" height=\"20\">\u00a0115-114<\/td>\n<td style=\"text-align: center;\">88,8<\/td>\n<td style=\"text-align: center;\" colspan=\"2\"><em>rented out<\/em><\/td>\n<\/tr>\n<tr>\n<td style=\"text-align: center;\" rowspan=\"7\" height=\"140\"><strong>II floor<\/strong><\/td>\n<td style=\"text-align: center;\">201<\/td>\n<td style=\"text-align: center;\">413,9<\/td>\n<td style=\"text-align: center;\" colspan=\"2\"><em>rented out<\/em><\/td>\n<\/tr>\n<tr>\n<td style=\"text-align: center;\" height=\"20\">204<\/td>\n<td style=\"text-align: center;\">12,8<\/td>\n<td style=\"text-align: center;\" colspan=\"2\"><em><span class=\"autor\"><span class=\"pildiallkiri\">rented out<\/span><\/span><\/em><\/td>\n<\/tr>\n<tr>\n<td style=\"text-align: center;\" height=\"20\">205<\/td>\n<td style=\"text-align: center;\">11,3<\/td>\n<td style=\"text-align: center;\" colspan=\"2\"><em>rented out<\/em><\/td>\n<\/tr>\n<tr>\n<td style=\"text-align: center;\" height=\"20\">206<\/td>\n<td style=\"text-align: center;\">13,9<\/td>\n<td style=\"text-align: center;\" colspan=\"2\"><em>rented out<\/em><\/td>\n<\/tr>\n<tr>\n<td style=\"text-align: center;\" height=\"20\">207<\/td>\n<td style=\"text-align: center;\">15,9<\/td>\n<td style=\"text-align: center;\" colspan=\"2\"><em>rented out<\/em><\/td>\n<\/tr>\n<tr>\n<td style=\"text-align: center;\" height=\"20\">208<\/td>\n<td style=\"text-align: center;\">33,5<\/td>\n<td style=\"text-align: center;\" colspan=\"2\"><em>rented out<\/em><\/td>\n<\/tr>\n<tr>\n<td style=\"text-align: center;\" height=\"20\">209<\/td>\n<td style=\"text-align: center;\">33,5<\/td>\n<td style=\"text-align: center;\" colspan=\"2\"><em>rented out<\/em><\/td>\n<\/tr>\n<tr>\n<td style=\"text-align: center;\" colspan=\"5\" width=\"438\" height=\"55\"><strong>To the above room square meters-  additional charging space of 10% should be added for the usage of public areas by the tenant\u00a0<\/strong><\/td>\n<\/tr>\n<\/tbody>\n<\/table>","protected":false},"excerpt":{"rendered":"<p>Vaata ka\u00a0pildigaleriid HOONE TATARI 58a Ruum nr. \u00a0m2\u00a0 Hind\/m2 EUR +KM keldrikorrus 002, 012, 011, 013, 014 156,5 v\u00e4lja \u00fc\u00fcritud 003 12,7 v\u00e4lja \u00fc\u00fcritud 007-010 113,6 v\u00e4lja \u00fc\u00fcritud I korrus 101 65,7 v\u00e4lja \u00fc\u00fcritud 102 67,6 v\u00e4lja \u00fc\u00fcritud 103 67,6 v\u00e4lja \u00fc\u00fcritud 104 67,6 v\u00e4lja \u00fc\u00fcritud 105 67,4 v\u00e4lja \u00fc\u00fcritud 106 67,2 5,65\u20ac\/m2\u00a0 \u00a0 \u00a0 [&hellip;]<\/p>","protected":false},"author":1,"featured_media":0,"parent":27,"menu_order":86,"comment_status":"closed","ping_status":"closed","template":"","meta":{"footnotes":""},"class_list":["post-213","page","type-page","status-publish","hentry"],"acf":[],"yoast_head":"<!-- This site is optimized with the Yoast SEO plugin v19.11 - https:\/\/yoast.com\/wordpress\/plugins\/seo\/ -->\n<title>HOONE TATARI 58a - Roosi<\/title>\n<meta name=\"robots\" content=\"index, follow, max-snippet:-1, max-image-preview:large, max-video-preview:-1\" \/>\n<link rel=\"canonical\" href=\"https:\/\/roosi.ee\/en\/uurile-anda\/hoone-tatari-58a\/\" \/>\n<meta property=\"og:locale\" content=\"en_GB\" \/>\n<meta property=\"og:type\" content=\"article\" \/>\n<meta property=\"og:title\" content=\"HOONE TATARI 58a - Roosi\" \/>\n<meta property=\"og:description\" content=\"Vaata ka\u00a0pildigaleriid HOONE TATARI 58a Ruum nr. \u00a0m2\u00a0 Hind\/m2 EUR +KM keldrikorrus 002, 012, 011, 013, 014 156,5 v\u00e4lja \u00fc\u00fcritud 003 12,7 v\u00e4lja \u00fc\u00fcritud 007-010 113,6 v\u00e4lja \u00fc\u00fcritud I korrus 101 65,7 v\u00e4lja \u00fc\u00fcritud 102 67,6 v\u00e4lja \u00fc\u00fcritud 103 67,6 v\u00e4lja \u00fc\u00fcritud 104 67,6 v\u00e4lja \u00fc\u00fcritud 105 67,4 v\u00e4lja \u00fc\u00fcritud 106 67,2 5,65\u20ac\/m2\u00a0 \u00a0 \u00a0 [&hellip;]\" \/>\n<meta property=\"og:url\" content=\"https:\/\/roosi.ee\/en\/uurile-anda\/hoone-tatari-58a\/\" \/>\n<meta property=\"og:site_name\" content=\"Roosi\" \/>\n<meta property=\"article:modified_time\" content=\"2026-03-26T11:42:11+00:00\" \/>\n<meta name=\"twitter:card\" content=\"summary_large_image\" \/>\n<meta name=\"twitter:label1\" content=\"Estimated reading time\" \/>\n\t<meta name=\"twitter:data1\" content=\"1 minute\" \/>\n<script type=\"application\/ld+json\" class=\"yoast-schema-graph\">{\"@context\":\"https:\/\/schema.org\",\"@graph\":[{\"@type\":\"WebPage\",\"@id\":\"https:\/\/roosi.ee\/uurile-anda\/hoone-tatari-58a\/\",\"url\":\"https:\/\/roosi.ee\/uurile-anda\/hoone-tatari-58a\/\",\"name\":\"HOONE TATARI 58a - Roosi\",\"isPartOf\":{\"@id\":\"https:\/\/roosi.ee\/#website\"},\"datePublished\":\"2022-12-06T18:08:45+00:00\",\"dateModified\":\"2026-03-26T11:42:11+00:00\",\"breadcrumb\":{\"@id\":\"https:\/\/roosi.ee\/uurile-anda\/hoone-tatari-58a\/#breadcrumb\"},\"inLanguage\":\"en-GB\",\"potentialAction\":[{\"@type\":\"ReadAction\",\"target\":[\"https:\/\/roosi.ee\/uurile-anda\/hoone-tatari-58a\/\"]}]},{\"@type\":\"BreadcrumbList\",\"@id\":\"https:\/\/roosi.ee\/uurile-anda\/hoone-tatari-58a\/#breadcrumb\",\"itemListElement\":[{\"@type\":\"ListItem\",\"position\":1,\"name\":\"Avaleht\",\"item\":\"https:\/\/roosi.ee\/\"},{\"@type\":\"ListItem\",\"position\":2,\"name\":\"\u00dc\u00fcrile anda\",\"item\":\"https:\/\/roosi.ee\/uurile-anda\/\"},{\"@type\":\"ListItem\",\"position\":3,\"name\":\"HOONE TATARI 58a\"}]},{\"@type\":\"WebSite\",\"@id\":\"https:\/\/roosi.ee\/#website\",\"url\":\"https:\/\/roosi.ee\/\",\"name\":\"Roosi\",\"description\":\"\",\"potentialAction\":[{\"@type\":\"SearchAction\",\"target\":{\"@type\":\"EntryPoint\",\"urlTemplate\":\"https:\/\/roosi.ee\/?s={search_term_string}\"},\"query-input\":\"required name=search_term_string\"}],\"inLanguage\":\"en-GB\"}]}<\/script>\n<!-- \/ Yoast SEO plugin. -->","yoast_head_json":{"title":"HOONE TATARI 58a - Roosi","robots":{"index":"index","follow":"follow","max-snippet":"max-snippet:-1","max-image-preview":"max-image-preview:large","max-video-preview":"max-video-preview:-1"},"canonical":"https:\/\/roosi.ee\/en\/uurile-anda\/hoone-tatari-58a\/","og_locale":"en_GB","og_type":"article","og_title":"HOONE TATARI 58a - Roosi","og_description":"Vaata ka\u00a0pildigaleriid HOONE TATARI 58a Ruum nr. \u00a0m2\u00a0 Hind\/m2 EUR +KM keldrikorrus 002, 012, 011, 013, 014 156,5 v\u00e4lja \u00fc\u00fcritud 003 12,7 v\u00e4lja \u00fc\u00fcritud 007-010 113,6 v\u00e4lja \u00fc\u00fcritud I korrus 101 65,7 v\u00e4lja \u00fc\u00fcritud 102 67,6 v\u00e4lja \u00fc\u00fcritud 103 67,6 v\u00e4lja \u00fc\u00fcritud 104 67,6 v\u00e4lja \u00fc\u00fcritud 105 67,4 v\u00e4lja \u00fc\u00fcritud 106 67,2 5,65\u20ac\/m2\u00a0 \u00a0 \u00a0 [&hellip;]","og_url":"https:\/\/roosi.ee\/en\/uurile-anda\/hoone-tatari-58a\/","og_site_name":"Roosi","article_modified_time":"2026-03-26T11:42:11+00:00","twitter_card":"summary_large_image","twitter_misc":{"Estimated reading time":"1 minute"},"schema":{"@context":"https:\/\/schema.org","@graph":[{"@type":"WebPage","@id":"https:\/\/roosi.ee\/uurile-anda\/hoone-tatari-58a\/","url":"https:\/\/roosi.ee\/uurile-anda\/hoone-tatari-58a\/","name":"HOONE TATARI 58a - Roosi","isPartOf":{"@id":"https:\/\/roosi.ee\/#website"},"datePublished":"2022-12-06T18:08:45+00:00","dateModified":"2026-03-26T11:42:11+00:00","breadcrumb":{"@id":"https:\/\/roosi.ee\/uurile-anda\/hoone-tatari-58a\/#breadcrumb"},"inLanguage":"en-GB","potentialAction":[{"@type":"ReadAction","target":["https:\/\/roosi.ee\/uurile-anda\/hoone-tatari-58a\/"]}]},{"@type":"BreadcrumbList","@id":"https:\/\/roosi.ee\/uurile-anda\/hoone-tatari-58a\/#breadcrumb","itemListElement":[{"@type":"ListItem","position":1,"name":"Avaleht","item":"https:\/\/roosi.ee\/"},{"@type":"ListItem","position":2,"name":"\u00dc\u00fcrile anda","item":"https:\/\/roosi.ee\/uurile-anda\/"},{"@type":"ListItem","position":3,"name":"HOONE TATARI 58a"}]},{"@type":"WebSite","@id":"https:\/\/roosi.ee\/#website","url":"https:\/\/roosi.ee\/","name":"Roosi","description":"","potentialAction":[{"@type":"SearchAction","target":{"@type":"EntryPoint","urlTemplate":"https:\/\/roosi.ee\/?s={search_term_string}"},"query-input":"required name=search_term_string"}],"inLanguage":"en-GB"}]}},"_links":{"self":[{"href":"https:\/\/roosi.ee\/en\/wp-json\/wp\/v2\/pages\/213","targetHints":{"allow":["GET"]}}],"collection":[{"href":"https:\/\/roosi.ee\/en\/wp-json\/wp\/v2\/pages"}],"about":[{"href":"https:\/\/roosi.ee\/en\/wp-json\/wp\/v2\/types\/page"}],"author":[{"embeddable":true,"href":"https:\/\/roosi.ee\/en\/wp-json\/wp\/v2\/users\/1"}],"replies":[{"embeddable":true,"href":"https:\/\/roosi.ee\/en\/wp-json\/wp\/v2\/comments?post=213"}],"version-history":[{"count":19,"href":"https:\/\/roosi.ee\/en\/wp-json\/wp\/v2\/pages\/213\/revisions"}],"predecessor-version":[{"id":1467,"href":"https:\/\/roosi.ee\/en\/wp-json\/wp\/v2\/pages\/213\/revisions\/1467"}],"up":[{"embeddable":true,"href":"https:\/\/roosi.ee\/en\/wp-json\/wp\/v2\/pages\/27"}],"wp:attachment":[{"href":"https:\/\/roosi.ee\/en\/wp-json\/wp\/v2\/media?parent=213"}],"curies":[{"name":"wp","href":"https:\/\/api.w.org\/{rel}","templated":true}]}}