{"id":211,"date":"2022-12-06T18:05:59","date_gmt":"2022-12-06T18:05:59","guid":{"rendered":"https:\/\/wp.roosi.ee\/?page_id=211"},"modified":"2026-03-26T11:46:42","modified_gmt":"2026-03-26T11:46:42","slug":"hoone-tatari-58","status":"publish","type":"page","link":"https:\/\/roosi.ee\/en\/uurile-anda\/hoone-tatari-58\/","title":{"rendered":"BUILDING TATARI 58"},"content":{"rendered":"<p>View\u00a0<a href=\"https:\/\/roosi.ee\/en\/hooned\/hoone-tatari-58\/pildigalerii\/\" target=\"_blank\" rel=\"noopener\">gallery<\/a><\/p>\n<table border=\"1\" cellspacing=\"0\" cellpadding=\"0\" align=\"center\">\n<tbody>\n<tr>\n<td width=\"94\" height=\"25\"><strong>BUILDING TATARI 58<\/strong><\/td>\n<td width=\"146\"><strong>Room nr.<\/strong><\/td>\n<td width=\"68\"><strong>\u00a0m2\u00a0<\/strong><\/td>\n<td colspan=\"2\" width=\"81\"><strong>Price\/m2<\/strong><\/td>\n<td colspan=\"3\" width=\"68\"><span class=\"sissejuhatus alapealkiri\"><strong><span class=\"sissejuhatus\">EUR+KM<\/span><\/strong><\/span><\/td>\n<\/tr>\n<tr>\n<td rowspan=\"7\" height=\"100\"><strong>basement<\/strong><\/td>\n<td style=\"text-align: center;\">008-019<\/td>\n<td style=\"text-align: center;\">500,9<\/td>\n<td style=\"text-align: center;\" colspan=\"5\"><em>rented out<\/em><\/td>\n<\/tr>\n<tr>\n<td style=\"text-align: center;\" height=\"20\">017-019<\/td>\n<td style=\"text-align: center;\">108,2<\/td>\n<td style=\"text-align: center;\" colspan=\"5\"><span class=\"pildiallkiri\"><em>rented out<\/em><\/span><\/td>\n<\/tr>\n<tr>\n<td style=\"text-align: center;\" height=\"20\">020-023<\/td>\n<td style=\"text-align: center;\">120,2<\/td>\n<td style=\"text-align: center;\" colspan=\"5\"><em>rented out<\/em><\/td>\n<\/tr>\n<tr>\n<td style=\"text-align: center;\" height=\"20\">024, 026, 029<\/td>\n<td style=\"text-align: center;\">332,3<\/td>\n<td style=\"text-align: center;\" colspan=\"5\"><em>rented out<\/em><\/td>\n<\/tr>\n<tr>\n<td style=\"text-align: center;\" height=\"20\">030-035<\/td>\n<td style=\"text-align: center;\">300,9<\/td>\n<td style=\"text-align: center;\" colspan=\"5\"><em>rented out<\/em><\/td>\n<\/tr>\n<tr>\n<td style=\"text-align: center;\" height=\"20\">038<\/td>\n<td style=\"text-align: center;\">12<\/td>\n<td style=\"text-align: center;\" colspan=\"5\"><em>rented out<\/em><span class=\"sissejuhatus pealkiri\"><span class=\"pildiallkiri\"><br \/>\n<\/span><\/span><\/td>\n<\/tr>\n<tr>\n<td style=\"text-align: center;\" height=\"20\">040 -044<\/td>\n<td style=\"text-align: center;\">35,4<\/td>\n<td style=\"text-align: center;\" colspan=\"5\"><em>rented out<\/em><\/td>\n<\/tr>\n<tr>\n<td style=\"text-align: center;\" height=\"20\"><strong>street level<\/strong><\/td>\n<td style=\"text-align: center;\">045-051<\/td>\n<td style=\"text-align: center;\">37,0<\/td>\n<td style=\"text-align: center;\" colspan=\"5\"><em>rented out<\/em><\/td>\n<\/tr>\n<tr>\n<td style=\"text-align: center;\" rowspan=\"15\" height=\"280\"><strong>I floor<\/strong><\/td>\n<td style=\"text-align: center;\">106<\/td>\n<td style=\"text-align: center;\">13,5<\/td>\n<td style=\"text-align: center;\" colspan=\"5\"><em>rented out<\/em><\/td>\n<\/tr>\n<tr>\n<td style=\"text-align: center;\" height=\"20\">108<\/td>\n<td style=\"text-align: center;\">31,7<\/td>\n<td style=\"text-align: center;\" colspan=\"5\"><em>rented out<\/em><\/td>\n<\/tr>\n<tr>\n<td style=\"text-align: center;\" height=\"20\">109<\/td>\n<td style=\"text-align: center;\">16,8<\/td>\n<td style=\"text-align: center;\" colspan=\"5\"><em>rented out<\/em><\/td>\n<\/tr>\n<tr>\n<td style=\"text-align: center;\" height=\"20\">110-113<\/td>\n<td style=\"text-align: center;\">31,6<\/td>\n<td style=\"text-align: center;\" colspan=\"5\"><em>rented out<\/em><\/td>\n<\/tr>\n<tr>\n<td style=\"text-align: center;\" height=\"20\">116<\/td>\n<td style=\"text-align: center;\">14,8<\/td>\n<td style=\"text-align: center;\" colspan=\"5\"><em>rented out<\/em><\/td>\n<\/tr>\n<tr>\n<td style=\"text-align: center;\" height=\"20\">121<\/td>\n<td style=\"text-align: center;\">10,8<\/td>\n<td style=\"text-align: center;\" colspan=\"5\"><span class=\"pildiallkiri\"><em>rented out<\/em><\/span><\/td>\n<\/tr>\n<tr>\n<td style=\"text-align: center;\" height=\"20\"><strong><a href=\"https:\/\/roosi.ee\/en\/uurile-anda\/hoone-tatari-58\/tatari-58-ruumid-122-132\/\">122-132<\/a><\/strong><\/td>\n<td style=\"text-align: center;\"><strong>532,3<\/strong><\/td>\n<td style=\"text-align: center;\" colspan=\"5\"><strong><em>4,88\u00a0 \u00a0 \u00a02600<\/em><\/strong><\/td>\n<\/tr>\n<tr>\n<td style=\"text-align: center;\" height=\"20\">133, 176<\/td>\n<td style=\"text-align: center;\">713,35<\/td>\n<td style=\"text-align: center;\" colspan=\"5\"><em>rented out<\/em><\/td>\n<\/tr>\n<tr>\n<td style=\"text-align: center;\" height=\"20\">137- 143<\/td>\n<td style=\"text-align: center;\">93,6<\/td>\n<td style=\"text-align: center;\" colspan=\"5\"><em>rented out<\/em><\/td>\n<\/tr>\n<tr>\n<td style=\"text-align: center;\" height=\"20\">144<\/td>\n<td style=\"text-align: center;\">67,7<\/td>\n<td style=\"text-align: center;\" colspan=\"5\"><em>rented out<\/em><\/td>\n<\/tr>\n<tr>\n<td style=\"text-align: center;\" height=\"20\">145<\/td>\n<td style=\"text-align: center;\">61,2<\/td>\n<td style=\"text-align: center;\" colspan=\"5\"><em>rented out<\/em><\/td>\n<\/tr>\n<tr>\n<td style=\"text-align: center;\" height=\"20\">146<\/td>\n<td style=\"text-align: center;\">69,9<\/td>\n<td style=\"text-align: center;\" colspan=\"5\"><em>rented out<\/em><\/td>\n<\/tr>\n<tr>\n<td style=\"text-align: center;\" height=\"20\">147 &#8211; 150<\/td>\n<td style=\"text-align: center;\">141,9<\/td>\n<td style=\"text-align: center;\" colspan=\"5\"><em>rented out<\/em><\/td>\n<\/tr>\n<tr>\n<td style=\"text-align: center;\" height=\"20\"><span class=\"alapealkiri sissejuhatus pildiallkiri\">151 &#8211; 162<\/span><\/td>\n<td style=\"text-align: center;\"><span class=\"pildiallkiri\">421,22<\/span><\/td>\n<td style=\"text-align: center;\" colspan=\"5\"><span class=\"pildiallkiri\"><em>rented out<\/em><\/span><\/td>\n<\/tr>\n<tr>\n<td style=\"text-align: center;\" height=\"20\">166-173<\/td>\n<td style=\"text-align: center;\">104,5<\/td>\n<td style=\"text-align: center;\" colspan=\"5\"><em><span class=\"pildiallkiri\">rented out<\/span><\/em><\/td>\n<\/tr>\n<tr>\n<td style=\"text-align: center;\" rowspan=\"4\" height=\"81\"><strong>II floor<\/strong><\/td>\n<td style=\"text-align: center;\">202<\/td>\n<td style=\"text-align: center;\">16,4<\/td>\n<td style=\"text-align: center;\" colspan=\"5\"><em>rented out<\/em><\/td>\n<\/tr>\n<tr>\n<td style=\"text-align: center;\" height=\"20\">203-222<\/td>\n<td style=\"text-align: center;\">412,2<\/td>\n<td style=\"text-align: center;\" colspan=\"5\"><em>rented out<\/em><\/td>\n<\/tr>\n<tr>\n<td style=\"text-align: center;\" height=\"20\">227-229<\/td>\n<td style=\"text-align: center;\">200<\/td>\n<td style=\"text-align: center;\" colspan=\"5\"><em>rented out<\/em><\/td>\n<\/tr>\n<tr>\n<td style=\"text-align: center;\" height=\"20\">232<\/td>\n<td style=\"text-align: center;\">9,9<\/td>\n<td style=\"text-align: center;\" colspan=\"5\"><span class=\"pildiallkiri\"><em>rented out<\/em><\/span><\/td>\n<\/tr>\n<tr>\n<td style=\"text-align: center;\" colspan=\"8\" width=\"457\" height=\"59\">\u00a0To the above office room square meters-  additional charging space of 10% should be added for the usage of public areas by the tenant.<\/td>\n<\/tr>\n<\/tbody>\n<\/table>","protected":false},"excerpt":{"rendered":"<p>Vaata ka\u00a0pildigaleriid HOONE TATARI 58 Ruum nr. \u00a0m2\u00a0 Hind\/m2 EUR+KM keldrikorrus 008-019 500,9 v\u00e4lja \u00fc\u00fcritud 017-019 108,2 v\u00e4lja \u00fc\u00fcritud 020-023 120,2 v\u00e4lja \u00fc\u00fcritud 024, 026, 029 332,3 v\u00e4lja \u00fc\u00fcritud 030-035 300,9 v\u00e4lja \u00fc\u00fcritud 038 12 v\u00e4lja \u00fc\u00fcritud 040 -044 35,4 v\u00e4lja \u00fc\u00fcritud t\u00e4nava tasand 045-051 37,0 v\u00e4lja \u00fc\u00fcritud I korrus 106 13,5 v\u00e4lja \u00fc\u00fcritud 108 [&hellip;]<\/p>","protected":false},"author":1,"featured_media":0,"parent":27,"menu_order":59,"comment_status":"closed","ping_status":"closed","template":"","meta":{"footnotes":""},"class_list":["post-211","page","type-page","status-publish","hentry"],"acf":[],"yoast_head":"<!-- This site is optimized with the Yoast SEO plugin v19.11 - https:\/\/yoast.com\/wordpress\/plugins\/seo\/ -->\n<title>HOONE TATARI 58 - Roosi<\/title>\n<meta name=\"robots\" content=\"index, follow, max-snippet:-1, max-image-preview:large, max-video-preview:-1\" \/>\n<link rel=\"canonical\" href=\"https:\/\/roosi.ee\/en\/uurile-anda\/hoone-tatari-58\/\" \/>\n<meta property=\"og:locale\" content=\"en_GB\" \/>\n<meta property=\"og:type\" content=\"article\" \/>\n<meta property=\"og:title\" content=\"HOONE TATARI 58 - Roosi\" \/>\n<meta property=\"og:description\" content=\"Vaata ka\u00a0pildigaleriid HOONE TATARI 58 Ruum nr. \u00a0m2\u00a0 Hind\/m2 EUR+KM keldrikorrus 008-019 500,9 v\u00e4lja \u00fc\u00fcritud 017-019 108,2 v\u00e4lja \u00fc\u00fcritud 020-023 120,2 v\u00e4lja \u00fc\u00fcritud 024, 026, 029 332,3 v\u00e4lja \u00fc\u00fcritud 030-035 300,9 v\u00e4lja \u00fc\u00fcritud 038 12 v\u00e4lja \u00fc\u00fcritud 040 -044 35,4 v\u00e4lja \u00fc\u00fcritud t\u00e4nava tasand 045-051 37,0 v\u00e4lja \u00fc\u00fcritud I korrus 106 13,5 v\u00e4lja \u00fc\u00fcritud 108 [&hellip;]\" \/>\n<meta property=\"og:url\" content=\"https:\/\/roosi.ee\/en\/uurile-anda\/hoone-tatari-58\/\" \/>\n<meta property=\"og:site_name\" content=\"Roosi\" \/>\n<meta property=\"article:modified_time\" content=\"2026-03-26T11:46:42+00:00\" \/>\n<meta name=\"twitter:card\" content=\"summary_large_image\" \/>\n<meta name=\"twitter:label1\" content=\"Estimated reading time\" \/>\n\t<meta name=\"twitter:data1\" content=\"1 minute\" \/>\n<script type=\"application\/ld+json\" class=\"yoast-schema-graph\">{\"@context\":\"https:\/\/schema.org\",\"@graph\":[{\"@type\":\"WebPage\",\"@id\":\"https:\/\/roosi.ee\/uurile-anda\/hoone-tatari-58\/\",\"url\":\"https:\/\/roosi.ee\/uurile-anda\/hoone-tatari-58\/\",\"name\":\"HOONE TATARI 58 - Roosi\",\"isPartOf\":{\"@id\":\"https:\/\/roosi.ee\/#website\"},\"datePublished\":\"2022-12-06T18:05:59+00:00\",\"dateModified\":\"2026-03-26T11:46:42+00:00\",\"breadcrumb\":{\"@id\":\"https:\/\/roosi.ee\/uurile-anda\/hoone-tatari-58\/#breadcrumb\"},\"inLanguage\":\"en-GB\",\"potentialAction\":[{\"@type\":\"ReadAction\",\"target\":[\"https:\/\/roosi.ee\/uurile-anda\/hoone-tatari-58\/\"]}]},{\"@type\":\"BreadcrumbList\",\"@id\":\"https:\/\/roosi.ee\/uurile-anda\/hoone-tatari-58\/#breadcrumb\",\"itemListElement\":[{\"@type\":\"ListItem\",\"position\":1,\"name\":\"Avaleht\",\"item\":\"https:\/\/roosi.ee\/\"},{\"@type\":\"ListItem\",\"position\":2,\"name\":\"\u00dc\u00fcrile anda\",\"item\":\"https:\/\/roosi.ee\/uurile-anda\/\"},{\"@type\":\"ListItem\",\"position\":3,\"name\":\"HOONE TATARI 58\"}]},{\"@type\":\"WebSite\",\"@id\":\"https:\/\/roosi.ee\/#website\",\"url\":\"https:\/\/roosi.ee\/\",\"name\":\"Roosi\",\"description\":\"\",\"potentialAction\":[{\"@type\":\"SearchAction\",\"target\":{\"@type\":\"EntryPoint\",\"urlTemplate\":\"https:\/\/roosi.ee\/?s={search_term_string}\"},\"query-input\":\"required name=search_term_string\"}],\"inLanguage\":\"en-GB\"}]}<\/script>\n<!-- \/ Yoast SEO plugin. -->","yoast_head_json":{"title":"HOONE TATARI 58 - Roosi","robots":{"index":"index","follow":"follow","max-snippet":"max-snippet:-1","max-image-preview":"max-image-preview:large","max-video-preview":"max-video-preview:-1"},"canonical":"https:\/\/roosi.ee\/en\/uurile-anda\/hoone-tatari-58\/","og_locale":"en_GB","og_type":"article","og_title":"HOONE TATARI 58 - Roosi","og_description":"Vaata ka\u00a0pildigaleriid HOONE TATARI 58 Ruum nr. \u00a0m2\u00a0 Hind\/m2 EUR+KM keldrikorrus 008-019 500,9 v\u00e4lja \u00fc\u00fcritud 017-019 108,2 v\u00e4lja \u00fc\u00fcritud 020-023 120,2 v\u00e4lja \u00fc\u00fcritud 024, 026, 029 332,3 v\u00e4lja \u00fc\u00fcritud 030-035 300,9 v\u00e4lja \u00fc\u00fcritud 038 12 v\u00e4lja \u00fc\u00fcritud 040 -044 35,4 v\u00e4lja \u00fc\u00fcritud t\u00e4nava tasand 045-051 37,0 v\u00e4lja \u00fc\u00fcritud I korrus 106 13,5 v\u00e4lja \u00fc\u00fcritud 108 [&hellip;]","og_url":"https:\/\/roosi.ee\/en\/uurile-anda\/hoone-tatari-58\/","og_site_name":"Roosi","article_modified_time":"2026-03-26T11:46:42+00:00","twitter_card":"summary_large_image","twitter_misc":{"Estimated reading time":"1 minute"},"schema":{"@context":"https:\/\/schema.org","@graph":[{"@type":"WebPage","@id":"https:\/\/roosi.ee\/uurile-anda\/hoone-tatari-58\/","url":"https:\/\/roosi.ee\/uurile-anda\/hoone-tatari-58\/","name":"HOONE TATARI 58 - Roosi","isPartOf":{"@id":"https:\/\/roosi.ee\/#website"},"datePublished":"2022-12-06T18:05:59+00:00","dateModified":"2026-03-26T11:46:42+00:00","breadcrumb":{"@id":"https:\/\/roosi.ee\/uurile-anda\/hoone-tatari-58\/#breadcrumb"},"inLanguage":"en-GB","potentialAction":[{"@type":"ReadAction","target":["https:\/\/roosi.ee\/uurile-anda\/hoone-tatari-58\/"]}]},{"@type":"BreadcrumbList","@id":"https:\/\/roosi.ee\/uurile-anda\/hoone-tatari-58\/#breadcrumb","itemListElement":[{"@type":"ListItem","position":1,"name":"Avaleht","item":"https:\/\/roosi.ee\/"},{"@type":"ListItem","position":2,"name":"\u00dc\u00fcrile anda","item":"https:\/\/roosi.ee\/uurile-anda\/"},{"@type":"ListItem","position":3,"name":"HOONE TATARI 58"}]},{"@type":"WebSite","@id":"https:\/\/roosi.ee\/#website","url":"https:\/\/roosi.ee\/","name":"Roosi","description":"","potentialAction":[{"@type":"SearchAction","target":{"@type":"EntryPoint","urlTemplate":"https:\/\/roosi.ee\/?s={search_term_string}"},"query-input":"required name=search_term_string"}],"inLanguage":"en-GB"}]}},"_links":{"self":[{"href":"https:\/\/roosi.ee\/en\/wp-json\/wp\/v2\/pages\/211","targetHints":{"allow":["GET"]}}],"collection":[{"href":"https:\/\/roosi.ee\/en\/wp-json\/wp\/v2\/pages"}],"about":[{"href":"https:\/\/roosi.ee\/en\/wp-json\/wp\/v2\/types\/page"}],"author":[{"embeddable":true,"href":"https:\/\/roosi.ee\/en\/wp-json\/wp\/v2\/users\/1"}],"replies":[{"embeddable":true,"href":"https:\/\/roosi.ee\/en\/wp-json\/wp\/v2\/comments?post=211"}],"version-history":[{"count":34,"href":"https:\/\/roosi.ee\/en\/wp-json\/wp\/v2\/pages\/211\/revisions"}],"predecessor-version":[{"id":1470,"href":"https:\/\/roosi.ee\/en\/wp-json\/wp\/v2\/pages\/211\/revisions\/1470"}],"up":[{"embeddable":true,"href":"https:\/\/roosi.ee\/en\/wp-json\/wp\/v2\/pages\/27"}],"wp:attachment":[{"href":"https:\/\/roosi.ee\/en\/wp-json\/wp\/v2\/media?parent=211"}],"curies":[{"name":"wp","href":"https:\/\/api.w.org\/{rel}","templated":true}]}}