{"id":194,"date":"2022-12-06T17:51:17","date_gmt":"2022-12-06T17:51:17","guid":{"rendered":"https:\/\/wp.roosi.ee\/?page_id=194"},"modified":"2026-03-26T11:45:30","modified_gmt":"2026-03-26T11:45:30","slug":"hoone-tatari-56b","status":"publish","type":"page","link":"https:\/\/roosi.ee\/en\/uurile-anda\/hoone-tatari-56b\/","title":{"rendered":"BUILDING TATARI 56b"},"content":{"rendered":"<p>View\u00a0<a href=\"https:\/\/roosi.ee\/en\/hooned\/hoone-tatari-56b\/pildigalerii\/\" target=\"_blank\" rel=\"noopener\">gallery<\/a><\/p>\n<table width=\"528\" cellspacing=\"0\" cellpadding=\"0\">\n<tbody>\n<tr>\n<td class=\"sisutekst\">\n<div>\n<table border=\"1\" cellspacing=\"0\" cellpadding=\"0\" align=\"center\">\n<colgroup>\n<col width=\"94\" \/>\n<col width=\"188\" \/>\n<col width=\"68\" \/>\n<col width=\"89\" \/>\n<col width=\"85\" \/><\/colgroup>\n<tbody>\n<tr>\n<td width=\"94\" height=\"20\"><strong>BUILDING TATARI 56b<\/strong><\/td>\n<td width=\"188\"><strong>Room nr.<\/strong><\/td>\n<td width=\"68\"><strong>\u00a0m2\u00a0<\/strong><\/td>\n<td width=\"89\"><strong>Price\/m2<\/strong><\/td>\n<td width=\"85\"><strong>EUR +KM<\/strong><\/td>\n<\/tr>\n<tr>\n<td rowspan=\"5\" height=\"100\"><strong>I floor<\/strong><\/td>\n<td style=\"text-align: center;\">102<\/td>\n<td style=\"text-align: center;\">21,8<\/td>\n<td style=\"text-align: center;\" colspan=\"2\"><em>rented out<\/em><\/td>\n<\/tr>\n<tr>\n<td style=\"text-align: center;\" height=\"20\">103<\/td>\n<td style=\"text-align: center;\">23,3<\/td>\n<td style=\"text-align: center;\" colspan=\"2\"><em>rented out<\/em><\/td>\n<\/tr>\n<tr>\n<td style=\"text-align: center;\" height=\"20\">106-109, 111-115<\/td>\n<td style=\"text-align: center;\">514,2<\/td>\n<td style=\"text-align: center;\" colspan=\"2\"><em>rented out<\/em><\/td>\n<\/tr>\n<tr>\n<td style=\"text-align: center;\" height=\"20\">116-123, 125-126<\/td>\n<td style=\"text-align: center;\">197,75<\/td>\n<td style=\"text-align: center;\" colspan=\"2\"><em>rented out<\/em><\/td>\n<\/tr>\n<tr>\n<td style=\"text-align: center;\" height=\"20\">110<\/td>\n<td style=\"text-align: center;\">539,8<\/td>\n<td style=\"text-align: center;\" colspan=\"2\"><em>rented out<\/em><\/td>\n<\/tr>\n<tr>\n<td rowspan=\"6\" height=\"120\"><strong>II\u00a0floor<\/strong><\/td>\n<td style=\"text-align: center;\">201<\/td>\n<td style=\"text-align: center;\">42,6<\/td>\n<td style=\"text-align: center;\" colspan=\"2\"><em>rented out<\/em><\/td>\n<\/tr>\n<tr>\n<td style=\"text-align: center;\" height=\"20\">203<\/td>\n<td style=\"text-align: center;\">25,2<\/td>\n<td style=\"text-align: center;\" colspan=\"2\"><em>rented out<\/em><\/td>\n<\/tr>\n<tr>\n<td style=\"text-align: center;\" height=\"20\">204<\/td>\n<td style=\"text-align: center;\">11,6<\/td>\n<td style=\"text-align: center;\" colspan=\"2\"><em>rented out<\/em><\/td>\n<\/tr>\n<tr>\n<td style=\"text-align: center;\" height=\"20\">209<\/td>\n<td style=\"text-align: center;\">18,5<\/td>\n<td style=\"text-align: center;\" colspan=\"2\"><em>rented out<\/em><\/td>\n<\/tr>\n<tr>\n<td style=\"text-align: center;\" height=\"20\"><strong><a href=\"https:\/\/roosi.ee\/en\/uurile-anda\/hoone-tatari-56b\/tatari-56b-ruum-210\/\">210<\/a><\/strong><\/td>\n<td style=\"text-align: center;\"><strong>15,9<\/strong><\/td>\n<td style=\"text-align: center;\" colspan=\"2\"><strong><em>8,58\u20ac\u00a0 \u00a0 136,42\u20ac<\/em><\/strong><\/td>\n<\/tr>\n<tr>\n<td style=\"text-align: center;\" height=\"20\">parking spaces<\/td>\n<td style=\"text-align: center;\">koht<\/td>\n<td style=\"text-align: center;\" colspan=\"2\"><em>rented out<\/em><\/td>\n<\/tr>\n<tr>\n<td height=\"20\"><\/td>\n<td style=\"text-align: center;\" colspan=\"4\"><strong>Rest of the premises rented out<\/strong><\/td>\n<\/tr>\n<\/tbody>\n<\/table>\n<\/div>\n<\/td>\n<\/tr>\n<tr>\n<td><\/td>\n<\/tr>\n<\/tbody>\n<\/table>\n<p>&nbsp;<\/p>\n<p>&nbsp;<\/p>","protected":false},"excerpt":{"rendered":"<p>Vaata ka\u00a0pildigaleriid HOONE TATARI 56b Ruum nr. \u00a0m2\u00a0 Hind\/m2 EUR +KM I korrus 102 21,8 v\u00e4lja \u00fc\u00fcritud 103 23,3 v\u00e4lja \u00fc\u00fcritud 106-109, 111-115 514,2 v\u00e4lja \u00fc\u00fcritud 116-123, 125-126 197,75 v\u00e4lja \u00fc\u00fcritud 110 539,8 v\u00e4lja \u00fc\u00fcritud II\u00a0 korrus 201 42,6 v\u00e4lja \u00fc\u00fcritud 203 25,2 v\u00e4lja \u00fc\u00fcritud 204 11,6 v\u00e4lja \u00fc\u00fcritud 209 18,5 v\u00e4lja \u00fc\u00fcritud 210 15,9 [&hellip;]<\/p>","protected":false},"author":1,"featured_media":0,"parent":27,"menu_order":51,"comment_status":"closed","ping_status":"closed","template":"","meta":{"footnotes":""},"class_list":["post-194","page","type-page","status-publish","hentry"],"acf":[],"yoast_head":"<!-- This site is optimized with the Yoast SEO plugin v19.11 - https:\/\/yoast.com\/wordpress\/plugins\/seo\/ -->\n<title>HOONE TATARI 56b - Roosi<\/title>\n<meta name=\"robots\" content=\"index, follow, max-snippet:-1, max-image-preview:large, max-video-preview:-1\" \/>\n<link rel=\"canonical\" href=\"https:\/\/roosi.ee\/en\/uurile-anda\/hoone-tatari-56b\/\" \/>\n<meta property=\"og:locale\" content=\"en_GB\" \/>\n<meta property=\"og:type\" content=\"article\" \/>\n<meta property=\"og:title\" content=\"HOONE TATARI 56b - Roosi\" \/>\n<meta property=\"og:description\" content=\"Vaata ka\u00a0pildigaleriid HOONE TATARI 56b Ruum nr. \u00a0m2\u00a0 Hind\/m2 EUR +KM I korrus 102 21,8 v\u00e4lja \u00fc\u00fcritud 103 23,3 v\u00e4lja \u00fc\u00fcritud 106-109, 111-115 514,2 v\u00e4lja \u00fc\u00fcritud 116-123, 125-126 197,75 v\u00e4lja \u00fc\u00fcritud 110 539,8 v\u00e4lja \u00fc\u00fcritud II\u00a0 korrus 201 42,6 v\u00e4lja \u00fc\u00fcritud 203 25,2 v\u00e4lja \u00fc\u00fcritud 204 11,6 v\u00e4lja \u00fc\u00fcritud 209 18,5 v\u00e4lja \u00fc\u00fcritud 210 15,9 [&hellip;]\" \/>\n<meta property=\"og:url\" content=\"https:\/\/roosi.ee\/en\/uurile-anda\/hoone-tatari-56b\/\" \/>\n<meta property=\"og:site_name\" content=\"Roosi\" \/>\n<meta property=\"article:modified_time\" content=\"2026-03-26T11:45:30+00:00\" \/>\n<meta name=\"twitter:card\" content=\"summary_large_image\" \/>\n<meta name=\"twitter:label1\" content=\"Estimated reading time\" \/>\n\t<meta name=\"twitter:data1\" content=\"1 minute\" \/>\n<script type=\"application\/ld+json\" class=\"yoast-schema-graph\">{\"@context\":\"https:\/\/schema.org\",\"@graph\":[{\"@type\":\"WebPage\",\"@id\":\"https:\/\/roosi.ee\/uurile-anda\/hoone-tatari-56b\/\",\"url\":\"https:\/\/roosi.ee\/uurile-anda\/hoone-tatari-56b\/\",\"name\":\"HOONE TATARI 56b - Roosi\",\"isPartOf\":{\"@id\":\"https:\/\/roosi.ee\/#website\"},\"datePublished\":\"2022-12-06T17:51:17+00:00\",\"dateModified\":\"2026-03-26T11:45:30+00:00\",\"breadcrumb\":{\"@id\":\"https:\/\/roosi.ee\/uurile-anda\/hoone-tatari-56b\/#breadcrumb\"},\"inLanguage\":\"en-GB\",\"potentialAction\":[{\"@type\":\"ReadAction\",\"target\":[\"https:\/\/roosi.ee\/uurile-anda\/hoone-tatari-56b\/\"]}]},{\"@type\":\"BreadcrumbList\",\"@id\":\"https:\/\/roosi.ee\/uurile-anda\/hoone-tatari-56b\/#breadcrumb\",\"itemListElement\":[{\"@type\":\"ListItem\",\"position\":1,\"name\":\"Avaleht\",\"item\":\"https:\/\/roosi.ee\/\"},{\"@type\":\"ListItem\",\"position\":2,\"name\":\"\u00dc\u00fcrile anda\",\"item\":\"https:\/\/roosi.ee\/uurile-anda\/\"},{\"@type\":\"ListItem\",\"position\":3,\"name\":\"HOONE TATARI 56b\"}]},{\"@type\":\"WebSite\",\"@id\":\"https:\/\/roosi.ee\/#website\",\"url\":\"https:\/\/roosi.ee\/\",\"name\":\"Roosi\",\"description\":\"\",\"potentialAction\":[{\"@type\":\"SearchAction\",\"target\":{\"@type\":\"EntryPoint\",\"urlTemplate\":\"https:\/\/roosi.ee\/?s={search_term_string}\"},\"query-input\":\"required name=search_term_string\"}],\"inLanguage\":\"en-GB\"}]}<\/script>\n<!-- \/ Yoast SEO plugin. -->","yoast_head_json":{"title":"HOONE TATARI 56b - Roosi","robots":{"index":"index","follow":"follow","max-snippet":"max-snippet:-1","max-image-preview":"max-image-preview:large","max-video-preview":"max-video-preview:-1"},"canonical":"https:\/\/roosi.ee\/en\/uurile-anda\/hoone-tatari-56b\/","og_locale":"en_GB","og_type":"article","og_title":"HOONE TATARI 56b - Roosi","og_description":"Vaata ka\u00a0pildigaleriid HOONE TATARI 56b Ruum nr. \u00a0m2\u00a0 Hind\/m2 EUR +KM I korrus 102 21,8 v\u00e4lja \u00fc\u00fcritud 103 23,3 v\u00e4lja \u00fc\u00fcritud 106-109, 111-115 514,2 v\u00e4lja \u00fc\u00fcritud 116-123, 125-126 197,75 v\u00e4lja \u00fc\u00fcritud 110 539,8 v\u00e4lja \u00fc\u00fcritud II\u00a0 korrus 201 42,6 v\u00e4lja \u00fc\u00fcritud 203 25,2 v\u00e4lja \u00fc\u00fcritud 204 11,6 v\u00e4lja \u00fc\u00fcritud 209 18,5 v\u00e4lja \u00fc\u00fcritud 210 15,9 [&hellip;]","og_url":"https:\/\/roosi.ee\/en\/uurile-anda\/hoone-tatari-56b\/","og_site_name":"Roosi","article_modified_time":"2026-03-26T11:45:30+00:00","twitter_card":"summary_large_image","twitter_misc":{"Estimated reading time":"1 minute"},"schema":{"@context":"https:\/\/schema.org","@graph":[{"@type":"WebPage","@id":"https:\/\/roosi.ee\/uurile-anda\/hoone-tatari-56b\/","url":"https:\/\/roosi.ee\/uurile-anda\/hoone-tatari-56b\/","name":"HOONE TATARI 56b - Roosi","isPartOf":{"@id":"https:\/\/roosi.ee\/#website"},"datePublished":"2022-12-06T17:51:17+00:00","dateModified":"2026-03-26T11:45:30+00:00","breadcrumb":{"@id":"https:\/\/roosi.ee\/uurile-anda\/hoone-tatari-56b\/#breadcrumb"},"inLanguage":"en-GB","potentialAction":[{"@type":"ReadAction","target":["https:\/\/roosi.ee\/uurile-anda\/hoone-tatari-56b\/"]}]},{"@type":"BreadcrumbList","@id":"https:\/\/roosi.ee\/uurile-anda\/hoone-tatari-56b\/#breadcrumb","itemListElement":[{"@type":"ListItem","position":1,"name":"Avaleht","item":"https:\/\/roosi.ee\/"},{"@type":"ListItem","position":2,"name":"\u00dc\u00fcrile anda","item":"https:\/\/roosi.ee\/uurile-anda\/"},{"@type":"ListItem","position":3,"name":"HOONE TATARI 56b"}]},{"@type":"WebSite","@id":"https:\/\/roosi.ee\/#website","url":"https:\/\/roosi.ee\/","name":"Roosi","description":"","potentialAction":[{"@type":"SearchAction","target":{"@type":"EntryPoint","urlTemplate":"https:\/\/roosi.ee\/?s={search_term_string}"},"query-input":"required name=search_term_string"}],"inLanguage":"en-GB"}]}},"_links":{"self":[{"href":"https:\/\/roosi.ee\/en\/wp-json\/wp\/v2\/pages\/194","targetHints":{"allow":["GET"]}}],"collection":[{"href":"https:\/\/roosi.ee\/en\/wp-json\/wp\/v2\/pages"}],"about":[{"href":"https:\/\/roosi.ee\/en\/wp-json\/wp\/v2\/types\/page"}],"author":[{"embeddable":true,"href":"https:\/\/roosi.ee\/en\/wp-json\/wp\/v2\/users\/1"}],"replies":[{"embeddable":true,"href":"https:\/\/roosi.ee\/en\/wp-json\/wp\/v2\/comments?post=194"}],"version-history":[{"count":18,"href":"https:\/\/roosi.ee\/en\/wp-json\/wp\/v2\/pages\/194\/revisions"}],"predecessor-version":[{"id":1469,"href":"https:\/\/roosi.ee\/en\/wp-json\/wp\/v2\/pages\/194\/revisions\/1469"}],"up":[{"embeddable":true,"href":"https:\/\/roosi.ee\/en\/wp-json\/wp\/v2\/pages\/27"}],"wp:attachment":[{"href":"https:\/\/roosi.ee\/en\/wp-json\/wp\/v2\/media?parent=194"}],"curies":[{"name":"wp","href":"https:\/\/api.w.org\/{rel}","templated":true}]}}