{"id":180,"date":"2022-12-06T17:41:17","date_gmt":"2022-12-06T17:41:17","guid":{"rendered":"https:\/\/wp.roosi.ee\/?page_id=180"},"modified":"2026-03-26T11:44:16","modified_gmt":"2026-03-26T11:44:16","slug":"hoone-tatari-56","status":"publish","type":"page","link":"https:\/\/roosi.ee\/en\/uurile-anda\/hoone-tatari-56\/","title":{"rendered":"BUILDING TATARI 56"},"content":{"rendered":"<p>View\u00a0<a href=\"https:\/\/roosi.ee\/en\/hooned\/hoone-tatari-56\/pildigalerii\/\" target=\"_blank\" rel=\"noopener\">gallery<\/a><\/p>\n<table width=\"528\" cellspacing=\"0\" cellpadding=\"0\">\n<tbody>\n<tr>\n<td class=\"sisutekst\">&nbsp;<\/p>\n<table border=\"1\" cellspacing=\"0\" cellpadding=\"0\" align=\"center\">\n<tbody>\n<tr>\n<td width=\"94\" height=\"20\"><strong>BUILDING TATARI 56<\/strong><\/td>\n<td width=\"146\"><strong>Room nr.<\/strong><\/td>\n<td width=\"68\"><strong>\u00a0m2\u00a0<\/strong><\/td>\n<td width=\"81\"><strong>Price\/m2<\/strong><\/td>\n<td width=\"68\"><strong>EUR + KM<\/strong><\/td>\n<\/tr>\n<tr>\n<td rowspan=\"2\" height=\"20\">0 floor<\/td>\n<td style=\"text-align: center;\"><a href=\"https:\/\/roosi.ee\/en\/uurile-anda\/hoone-tatari-56\/tatari-56-ruumid-001-011\/\"><strong>001- 012<\/strong><\/a><\/td>\n<td style=\"text-align: center;\"><strong><em>147<\/em><\/strong><\/td>\n<td style=\"text-align: center;\" colspan=\"2\"><strong><em>\u00a0 \u00a0850,-<\/em><\/strong><\/td>\n<\/tr>\n<tr>\n<td style=\"text-align: center;\"><span class=\"\">013- 022<\/span><\/td>\n<td style=\"text-align: center;\"><span class=\"\">174<\/span><\/td>\n<td style=\"text-align: center;\"><i>v\u00e4lja\u00a0<\/i><\/td>\n<td style=\"text-align: center;\"><em>\u00fc\u00fcritud<\/em><\/td>\n<\/tr>\n<tr>\n<td rowspan=\"10\" height=\"200\"><strong>I\u00a0 floor<\/strong><\/td>\n<td style=\"text-align: center;\">103<\/td>\n<td style=\"text-align: center;\">14,4<\/td>\n<td style=\"text-align: center;\" colspan=\"2\"><em>rented out<\/em><\/td>\n<\/tr>\n<tr>\n<td style=\"text-align: center;\" height=\"20\">104<\/td>\n<td style=\"text-align: center;\">37,6<\/td>\n<td style=\"text-align: center;\" colspan=\"2\" width=\"149\"><em>rented out<\/em><\/td>\n<\/tr>\n<tr>\n<td style=\"text-align: center;\" height=\"20\">105<\/td>\n<td style=\"text-align: center;\">12,1<\/td>\n<td style=\"text-align: center;\" colspan=\"2\" width=\"149\"><em>rented out<\/em><\/td>\n<\/tr>\n<tr>\n<td style=\"text-align: center;\" height=\"20\">106<\/td>\n<td style=\"text-align: center;\">12,4<\/td>\n<td style=\"text-align: center;\" colspan=\"2\"><i>rented out<\/i><\/td>\n<\/tr>\n<tr>\n<td style=\"text-align: center;\" height=\"20\">107<\/td>\n<td style=\"text-align: center;\">8,2<\/td>\n<td style=\"text-align: center;\" colspan=\"2\"><em>rented out<\/em><\/td>\n<\/tr>\n<tr>\n<td style=\"text-align: center;\" height=\"20\">109+110<\/td>\n<td style=\"text-align: center;\">26,2<\/td>\n<td style=\"text-align: center;\" colspan=\"2\"><em>rented out<br \/>\n<\/em><\/td>\n<\/tr>\n<tr>\n<td style=\"text-align: center;\" height=\"20\">112<\/td>\n<td style=\"text-align: center;\">16,3<\/td>\n<td style=\"text-align: center;\" colspan=\"2\"><em>rented out<\/em><\/td>\n<\/tr>\n<tr>\n<td style=\"text-align: center;\" height=\"20\">113<\/td>\n<td style=\"text-align: center;\">16,1<\/td>\n<td style=\"text-align: center;\" colspan=\"2\"><em>rented out<\/em><\/td>\n<\/tr>\n<tr>\n<td style=\"text-align: center;\" height=\"20\">114<\/td>\n<td style=\"text-align: center;\">15,2<\/td>\n<td style=\"text-align: center;\" colspan=\"2\"><em>rented out<\/em><\/td>\n<\/tr>\n<tr>\n<td style=\"text-align: center;\" height=\"20\">115<\/td>\n<td style=\"text-align: center;\">20,7<\/td>\n<td style=\"text-align: center;\" colspan=\"2\"><em>rented out<\/em><\/td>\n<\/tr>\n<tr>\n<td rowspan=\"11\" height=\"180\"><strong>II\u00a0floor<\/strong><\/td>\n<td style=\"text-align: center;\">204<\/td>\n<td style=\"text-align: center;\">12,1<\/td>\n<td style=\"text-align: center;\" colspan=\"2\"><span class=\"\"><em>rented out<\/em><\/span><\/td>\n<\/tr>\n<tr>\n<td style=\"text-align: center;\">205<\/td>\n<td style=\"text-align: center;\">12,1<\/td>\n<td style=\"text-align: center;\" colspan=\"2\"><span class=\"\"><em>rented out<\/em><\/span><\/td>\n<\/tr>\n<tr>\n<td style=\"text-align: center;\" height=\"20\">206<\/td>\n<td style=\"text-align: center;\">12,2<\/td>\n<td style=\"text-align: center;\" colspan=\"2\"><em>rented out<\/em><\/td>\n<\/tr>\n<tr>\n<td style=\"text-align: center;\" height=\"20\">207<\/td>\n<td style=\"text-align: center;\">19,8<\/td>\n<td style=\"text-align: center;\" colspan=\"2\"><em>rented out<\/em><\/td>\n<\/tr>\n<tr>\n<td style=\"text-align: center;\" height=\"20\">208<\/td>\n<td style=\"text-align: center;\">20,1<\/td>\n<td style=\"text-align: center;\" colspan=\"2\"><i>rented out<\/i><\/td>\n<\/tr>\n<tr>\n<td style=\"text-align: center;\" height=\"20\">209<\/td>\n<td style=\"text-align: center;\">20,1<\/td>\n<td style=\"text-align: center;\" colspan=\"2\"><em>rented out<\/em><\/td>\n<\/tr>\n<tr>\n<td style=\"text-align: center;\" height=\"20\">210<\/td>\n<td style=\"text-align: center;\">20,7<\/td>\n<td style=\"text-align: center;\" colspan=\"2\"><em>rented out<\/em><\/td>\n<\/tr>\n<tr>\n<td style=\"text-align: center;\" height=\"20\">211<\/td>\n<td style=\"text-align: center;\">31,7<\/td>\n<td style=\"text-align: center;\" colspan=\"2\"><em>rented out<\/em><\/td>\n<\/tr>\n<tr>\n<td style=\"text-align: center;\" height=\"20\">212<\/td>\n<td style=\"text-align: center;\">15,2<\/td>\n<td style=\"text-align: center;\" colspan=\"2\"><em>rented out<\/em><\/td>\n<\/tr>\n<tr>\n<td style=\"text-align: center;\" height=\"20\"><a href=\"https:\/\/roosi.ee\/en\/uurile-anda\/hoone-tatari-56\/tatari-56-ruum-213\/\"><strong>213<\/strong><\/a><\/td>\n<td style=\"text-align: center;\"><strong>31,2<\/strong><\/td>\n<td style=\"text-align: center;\" colspan=\"2\"><strong><i>6,69\u20ac\u00a0 \u00a0 \u00a0 209,00\u20ac<\/i><\/strong><\/td>\n<\/tr>\n<tr>\n<td style=\"text-align: center;\" height=\"20\">214<\/td>\n<td style=\"text-align: center;\">15,4<\/td>\n<td style=\"text-align: center;\" colspan=\"2\"><em>rented out<\/em><\/td>\n<\/tr>\n<tr>\n<td rowspan=\"10\" height=\"200\"><strong>III\u00a0 floor<\/strong><\/td>\n<td style=\"text-align: center;\">303<\/td>\n<td style=\"text-align: center;\"><em>19,8<\/em><\/td>\n<td style=\"text-align: center;\" colspan=\"2\"><em>rented out<\/em><\/td>\n<\/tr>\n<tr>\n<td style=\"text-align: center;\" height=\"20\">304<\/td>\n<td style=\"text-align: center;\">19,5<\/td>\n<td style=\"text-align: center;\" colspan=\"2\"><em>\u00a0 rented out <\/em><\/td>\n<\/tr>\n<tr>\n<td style=\"text-align: center;\" height=\"20\">305<\/td>\n<td style=\"text-align: center;\">19,8<\/td>\n<td style=\"text-align: center;\" colspan=\"2\"><em>rented out<\/em><\/td>\n<\/tr>\n<tr>\n<td style=\"text-align: center;\" height=\"20\"><a href=\"https:\/\/roosi.ee\/en\/uurile-anda\/hoone-tatari-56\/tatari-56-ruum-306\/\"><strong>306<\/strong><\/a><\/td>\n<td style=\"text-align: center;\"><strong>19,7<\/strong><\/td>\n<td style=\"text-align: center;\" colspan=\"2\"><strong><em>7,44\u20ac\u00a0 \u00a0 146,57\u20ac<\/em><\/strong><\/td>\n<\/tr>\n<tr>\n<td style=\"text-align: center;\" height=\"20\">307<\/td>\n<td style=\"text-align: center;\">19,6<\/td>\n<td style=\"text-align: center;\"><em>v\u00e4lja\u00a0<\/em><\/td>\n<td style=\"text-align: center;\"><em>\u00fc\u00fcritud<\/em><\/td>\n<\/tr>\n<tr>\n<td style=\"text-align: center;\" height=\"20\">3<em>08<\/em><\/td>\n<td style=\"text-align: center;\"><em>19,6<\/em><\/td>\n<td style=\"text-align: center;\" colspan=\"2\"><em>rented out<\/em><\/td>\n<\/tr>\n<tr>\n<td style=\"text-align: center;\" height=\"20\">309<\/td>\n<td style=\"text-align: center;\">20,6<\/td>\n<td style=\"text-align: center;\" colspan=\"2\"><em>rented out<\/em><\/td>\n<\/tr>\n<tr>\n<td style=\"text-align: center;\" height=\"20\">310<\/td>\n<td style=\"text-align: center;\">57,2<\/td>\n<td style=\"text-align: center;\" colspan=\"2\"><em>rented out<\/em><\/td>\n<\/tr>\n<tr>\n<td style=\"text-align: center;\" height=\"20\">311<\/td>\n<td style=\"text-align: center;\">18,8<\/td>\n<td style=\"text-align: center;\" colspan=\"2\"><em>rented out<\/em><\/td>\n<\/tr>\n<tr>\n<td style=\"text-align: center;\" height=\"20\">312<\/td>\n<td style=\"text-align: center;\">37,9<\/td>\n<td style=\"text-align: center;\" colspan=\"2\"><em>rented out<\/em><\/td>\n<\/tr>\n<tr>\n<td style=\"text-align: center;\" colspan=\"5\" width=\"457\" height=\"58\"><strong>To the above room square meters-  additional charging space of 15% should be added for the usage of public areas by the tenant.\u00a0<\/strong><\/td>\n<\/tr>\n<tr>\n<td height=\"20\"><strong>IV floor<\/strong><\/td>\n<td style=\"text-align: center;\">401-418, 420-427<\/td>\n<td style=\"text-align: center;\">368,1<\/td>\n<td style=\"text-align: center;\" colspan=\"2\"><em>rented out<\/em><\/td>\n<\/tr>\n<\/tbody>\n<\/table>\n<\/td>\n<\/tr>\n<\/tbody>\n<\/table>\n<p><!--more--><\/p>","protected":false},"excerpt":{"rendered":"<p>Vaata ka\u00a0pildigaleriid &nbsp; HOONE TATARI 56 Ruum nr. \u00a0m2\u00a0 Hind\/m2 EUR + KM 0 korrus 001- 012 147 \u00a0 \u00a0850,- 013- 022 174 v\u00e4lja\u00a0 \u00fc\u00fcritud I\u00a0 korrus 103 14,4 v\u00e4lja \u00fc\u00fcritud 104 37,6 v\u00e4lja \u00fc\u00fcritud 105 12,1 v\u00e4lja \u00fc\u00fcritud 106 12,4 v\u00e4lja \u00fc\u00fcritud 107 8,2 v\u00e4lja \u00fc\u00fcritud 109+110 26,2 v\u00e4lja \u00fc\u00fcritud 112 16,3 v\u00e4lja \u00fc\u00fcritud [&hellip;]<\/p>","protected":false},"author":1,"featured_media":0,"parent":27,"menu_order":21,"comment_status":"closed","ping_status":"closed","template":"","meta":{"footnotes":""},"class_list":["post-180","page","type-page","status-publish","hentry"],"acf":[],"yoast_head":"<!-- This site is optimized with the Yoast SEO plugin v19.11 - https:\/\/yoast.com\/wordpress\/plugins\/seo\/ -->\n<title>HOONE TATARI 56 - Roosi<\/title>\n<meta name=\"robots\" content=\"index, follow, max-snippet:-1, max-image-preview:large, max-video-preview:-1\" \/>\n<link rel=\"canonical\" href=\"https:\/\/roosi.ee\/en\/uurile-anda\/hoone-tatari-56\/\" \/>\n<meta property=\"og:locale\" content=\"en_GB\" \/>\n<meta property=\"og:type\" content=\"article\" \/>\n<meta property=\"og:title\" content=\"HOONE TATARI 56 - Roosi\" \/>\n<meta property=\"og:description\" content=\"Vaata ka\u00a0pildigaleriid &nbsp; HOONE TATARI 56 Ruum nr. \u00a0m2\u00a0 Hind\/m2 EUR + KM 0 korrus 001- 012 147 \u00a0 \u00a0850,- 013- 022 174 v\u00e4lja\u00a0 \u00fc\u00fcritud I\u00a0 korrus 103 14,4 v\u00e4lja \u00fc\u00fcritud 104 37,6 v\u00e4lja \u00fc\u00fcritud 105 12,1 v\u00e4lja \u00fc\u00fcritud 106 12,4 v\u00e4lja \u00fc\u00fcritud 107 8,2 v\u00e4lja \u00fc\u00fcritud 109+110 26,2 v\u00e4lja \u00fc\u00fcritud 112 16,3 v\u00e4lja \u00fc\u00fcritud [&hellip;]\" \/>\n<meta property=\"og:url\" content=\"https:\/\/roosi.ee\/en\/uurile-anda\/hoone-tatari-56\/\" \/>\n<meta property=\"og:site_name\" content=\"Roosi\" \/>\n<meta property=\"article:modified_time\" content=\"2026-03-26T11:44:16+00:00\" \/>\n<meta name=\"twitter:card\" content=\"summary_large_image\" \/>\n<meta name=\"twitter:label1\" content=\"Estimated reading time\" \/>\n\t<meta name=\"twitter:data1\" content=\"1 minute\" \/>\n<script type=\"application\/ld+json\" class=\"yoast-schema-graph\">{\"@context\":\"https:\/\/schema.org\",\"@graph\":[{\"@type\":\"WebPage\",\"@id\":\"https:\/\/roosi.ee\/uurile-anda\/hoone-tatari-56\/\",\"url\":\"https:\/\/roosi.ee\/uurile-anda\/hoone-tatari-56\/\",\"name\":\"HOONE TATARI 56 - Roosi\",\"isPartOf\":{\"@id\":\"https:\/\/roosi.ee\/#website\"},\"datePublished\":\"2022-12-06T17:41:17+00:00\",\"dateModified\":\"2026-03-26T11:44:16+00:00\",\"breadcrumb\":{\"@id\":\"https:\/\/roosi.ee\/uurile-anda\/hoone-tatari-56\/#breadcrumb\"},\"inLanguage\":\"en-GB\",\"potentialAction\":[{\"@type\":\"ReadAction\",\"target\":[\"https:\/\/roosi.ee\/uurile-anda\/hoone-tatari-56\/\"]}]},{\"@type\":\"BreadcrumbList\",\"@id\":\"https:\/\/roosi.ee\/uurile-anda\/hoone-tatari-56\/#breadcrumb\",\"itemListElement\":[{\"@type\":\"ListItem\",\"position\":1,\"name\":\"Avaleht\",\"item\":\"https:\/\/roosi.ee\/\"},{\"@type\":\"ListItem\",\"position\":2,\"name\":\"\u00dc\u00fcrile anda\",\"item\":\"https:\/\/roosi.ee\/uurile-anda\/\"},{\"@type\":\"ListItem\",\"position\":3,\"name\":\"HOONE TATARI 56\"}]},{\"@type\":\"WebSite\",\"@id\":\"https:\/\/roosi.ee\/#website\",\"url\":\"https:\/\/roosi.ee\/\",\"name\":\"Roosi\",\"description\":\"\",\"potentialAction\":[{\"@type\":\"SearchAction\",\"target\":{\"@type\":\"EntryPoint\",\"urlTemplate\":\"https:\/\/roosi.ee\/?s={search_term_string}\"},\"query-input\":\"required name=search_term_string\"}],\"inLanguage\":\"en-GB\"}]}<\/script>\n<!-- \/ Yoast SEO plugin. -->","yoast_head_json":{"title":"HOONE TATARI 56 - Roosi","robots":{"index":"index","follow":"follow","max-snippet":"max-snippet:-1","max-image-preview":"max-image-preview:large","max-video-preview":"max-video-preview:-1"},"canonical":"https:\/\/roosi.ee\/en\/uurile-anda\/hoone-tatari-56\/","og_locale":"en_GB","og_type":"article","og_title":"HOONE TATARI 56 - Roosi","og_description":"Vaata ka\u00a0pildigaleriid &nbsp; HOONE TATARI 56 Ruum nr. \u00a0m2\u00a0 Hind\/m2 EUR + KM 0 korrus 001- 012 147 \u00a0 \u00a0850,- 013- 022 174 v\u00e4lja\u00a0 \u00fc\u00fcritud I\u00a0 korrus 103 14,4 v\u00e4lja \u00fc\u00fcritud 104 37,6 v\u00e4lja \u00fc\u00fcritud 105 12,1 v\u00e4lja \u00fc\u00fcritud 106 12,4 v\u00e4lja \u00fc\u00fcritud 107 8,2 v\u00e4lja \u00fc\u00fcritud 109+110 26,2 v\u00e4lja \u00fc\u00fcritud 112 16,3 v\u00e4lja \u00fc\u00fcritud [&hellip;]","og_url":"https:\/\/roosi.ee\/en\/uurile-anda\/hoone-tatari-56\/","og_site_name":"Roosi","article_modified_time":"2026-03-26T11:44:16+00:00","twitter_card":"summary_large_image","twitter_misc":{"Estimated reading time":"1 minute"},"schema":{"@context":"https:\/\/schema.org","@graph":[{"@type":"WebPage","@id":"https:\/\/roosi.ee\/uurile-anda\/hoone-tatari-56\/","url":"https:\/\/roosi.ee\/uurile-anda\/hoone-tatari-56\/","name":"HOONE TATARI 56 - Roosi","isPartOf":{"@id":"https:\/\/roosi.ee\/#website"},"datePublished":"2022-12-06T17:41:17+00:00","dateModified":"2026-03-26T11:44:16+00:00","breadcrumb":{"@id":"https:\/\/roosi.ee\/uurile-anda\/hoone-tatari-56\/#breadcrumb"},"inLanguage":"en-GB","potentialAction":[{"@type":"ReadAction","target":["https:\/\/roosi.ee\/uurile-anda\/hoone-tatari-56\/"]}]},{"@type":"BreadcrumbList","@id":"https:\/\/roosi.ee\/uurile-anda\/hoone-tatari-56\/#breadcrumb","itemListElement":[{"@type":"ListItem","position":1,"name":"Avaleht","item":"https:\/\/roosi.ee\/"},{"@type":"ListItem","position":2,"name":"\u00dc\u00fcrile anda","item":"https:\/\/roosi.ee\/uurile-anda\/"},{"@type":"ListItem","position":3,"name":"HOONE TATARI 56"}]},{"@type":"WebSite","@id":"https:\/\/roosi.ee\/#website","url":"https:\/\/roosi.ee\/","name":"Roosi","description":"","potentialAction":[{"@type":"SearchAction","target":{"@type":"EntryPoint","urlTemplate":"https:\/\/roosi.ee\/?s={search_term_string}"},"query-input":"required name=search_term_string"}],"inLanguage":"en-GB"}]}},"_links":{"self":[{"href":"https:\/\/roosi.ee\/en\/wp-json\/wp\/v2\/pages\/180","targetHints":{"allow":["GET"]}}],"collection":[{"href":"https:\/\/roosi.ee\/en\/wp-json\/wp\/v2\/pages"}],"about":[{"href":"https:\/\/roosi.ee\/en\/wp-json\/wp\/v2\/types\/page"}],"author":[{"embeddable":true,"href":"https:\/\/roosi.ee\/en\/wp-json\/wp\/v2\/users\/1"}],"replies":[{"embeddable":true,"href":"https:\/\/roosi.ee\/en\/wp-json\/wp\/v2\/comments?post=180"}],"version-history":[{"count":53,"href":"https:\/\/roosi.ee\/en\/wp-json\/wp\/v2\/pages\/180\/revisions"}],"predecessor-version":[{"id":1468,"href":"https:\/\/roosi.ee\/en\/wp-json\/wp\/v2\/pages\/180\/revisions\/1468"}],"up":[{"embeddable":true,"href":"https:\/\/roosi.ee\/en\/wp-json\/wp\/v2\/pages\/27"}],"wp:attachment":[{"href":"https:\/\/roosi.ee\/en\/wp-json\/wp\/v2\/media?parent=180"}],"curies":[{"name":"wp","href":"https:\/\/api.w.org\/{rel}","templated":true}]}}