{"id":159,"date":"2022-12-06T15:48:12","date_gmt":"2022-12-06T15:48:12","guid":{"rendered":"https:\/\/wp.roosi.ee\/?page_id=159"},"modified":"2022-12-08T07:22:15","modified_gmt":"2022-12-08T07:22:15","slug":"hoone-tatari-58a","status":"publish","type":"page","link":"https:\/\/roosi.ee\/en\/hooned\/hoone-tatari-58a\/","title":{"rendered":"BUILDING TATARI 58a"},"content":{"rendered":"<div data-elementor-type=\"wp-page\" data-elementor-id=\"159\" class=\"elementor elementor-159\">\n\t\t\t\t\t\t\t\t\t<section class=\"elementor-section elementor-top-section elementor-element elementor-element-35116c85 elementor-section-boxed elementor-section-height-default elementor-section-height-default\" data-id=\"35116c85\" data-element_type=\"section\">\n\t\t\t\t\t\t<div class=\"elementor-container elementor-column-gap-default\">\n\t\t\t\t\t<div class=\"elementor-column elementor-col-100 elementor-top-column elementor-element elementor-element-793cc6b3\" data-id=\"793cc6b3\" data-element_type=\"column\">\n\t\t\t<div class=\"elementor-widget-wrap elementor-element-populated\">\n\t\t\t\t\t\t\t\t<div class=\"elementor-element elementor-element-60f84af elementor-widget elementor-widget-image\" data-id=\"60f84af\" data-element_type=\"widget\" data-widget_type=\"image.default\">\n\t\t\t\t<div class=\"elementor-widget-container\">\n\t\t\t<style>\/*! elementor - v3.9.0 - 06-12-2022 *\/\n.elementor-widget-image{text-align:center}.elementor-widget-image a{display:inline-block}.elementor-widget-image a img[src$=\".svg\"]{width:48px}.elementor-widget-image img{vertical-align:middle;display:inline-block}<\/style>\t\t\t\t\t\t\t\t\t\t\t\t<img loading=\"lazy\" decoding=\"async\" width=\"520\" height=\"143\" src=\"https:\/\/roosi.ee\/wp-content\/uploads\/2022\/12\/HOONE-TATARI-58a.jpg\" class=\"attachment-large size-large wp-image-164\" alt=\"\" srcset=\"https:\/\/roosi.ee\/wp-content\/uploads\/2022\/12\/HOONE-TATARI-58a.jpg 520w, https:\/\/roosi.ee\/wp-content\/uploads\/2022\/12\/HOONE-TATARI-58a-300x83.jpg 300w\" sizes=\"auto, (max-width: 520px) 100vw, 520px\" \/>\t\t\t\t\t\t\t\t\t\t\t\t\t\t\t<\/div>\n\t\t\t\t<\/div>\n\t\t\t\t<div class=\"elementor-element elementor-element-6dc30655 elementor-widget elementor-widget-text-editor\" data-id=\"6dc30655\" data-element_type=\"widget\" data-widget_type=\"text-editor.default\">\n\t\t\t\t<div class=\"elementor-widget-container\">\n\t\t\t<style>\/*! elementor - v3.9.0 - 06-12-2022 *\/\n.elementor-widget-text-editor.elementor-drop-cap-view-stacked .elementor-drop-cap{background-color:#818a91;color:#fff}.elementor-widget-text-editor.elementor-drop-cap-view-framed .elementor-drop-cap{color:#818a91;border:3px solid;background-color:transparent}.elementor-widget-text-editor:not(.elementor-drop-cap-view-default) .elementor-drop-cap{margin-top:8px}.elementor-widget-text-editor:not(.elementor-drop-cap-view-default) .elementor-drop-cap-letter{width:1em;height:1em}.elementor-widget-text-editor .elementor-drop-cap{float:left;text-align:center;line-height:1;font-size:50px}.elementor-widget-text-editor .elementor-drop-cap-letter{display:inline-block}<\/style>\t\t\t\t<p class=\" translation-block\">Plot area:\u00a0\u00a0\u00a0\u00a01 467\u00a0m<sup>2<\/sup> of which\u00a0\u00a01 435\u00a0m<sup>2\u00a0<\/sup>covered by the building<br>Building:\u00a0\u00a0\u00a0\u00a0\u00a0\u00a0\u00a01\u00a0382,7\u00a0m<sup>2<br><\/sup>Number of floors:\u00a0\u00a0\u00a0\u00a0\u00a0\u00a0\u00a0\u00a0\u00a0 2 floors  + full basement<\/p><p><strong>Building general info<\/strong><\/p><p>The building net area is 1382,7 m\u00b2 (2 floors +basement). The building has gone through extensive renovation. On the 1st floor there are closed garages\/storage premises with separate entrances. On the 1st floor there are different office and storage areas. On the 2nd floor there are office spaces with different areas and a gym. In the basement there is a shooting range. All  entrances to the building are equipped with security locks. The building is in an modern condition.<\/p><p>\u00a0<\/p><p><strong>Systems overview<\/strong><\/p><p><strong>\u00a0<\/strong><\/p><p><strong>Heating system<\/strong><\/p><p>The building is heated with electrical heating - radiators and air heating pumps.<\/p><p><strong>Water and sewage system<\/strong><\/p><p>The building has working water and sewage pipelines which are connected to the city water and sewage system. The buidling has newly built public toilets on all 2 floors.<\/p><p><strong>Ventilation system<\/strong><\/p><p>The building has no forced ventilation systems in office areas. The shooting range has a forced ventilation system as also the toilets.<\/p><p><strong>Electricity  system<\/strong><\/p><p>The building has a main power switch of 100A. The electrical systems are all upgraded.All the rentable rooms have their own meter shield. All the wiring in the office part of the building is renewed.<\/p><p><strong>Communications and security system<\/strong><\/p><p>The building is conected to  all main communication service providers via light data cable. All the offices have the sockets for connecting to the communications lines.<\/p><p>Some premises in the building are connected to the security systems and  have also automatic fire detection system.<\/p><p>All the main doors of the building are from metal and the locks are equipped with anti-copy coding system. Some of the entrance doors are operating via distance key tablets.<\/p>\t\t\t\t\t\t<\/div>\n\t\t\t\t<\/div>\n\t\t\t\t\t<\/div>\n\t\t<\/div>\n\t\t\t\t\t\t\t<\/div>\n\t\t<\/section>\n\t\t\t\t\t\t\t<\/div>","protected":false},"excerpt":{"rendered":"<p>Kinnistu pindala:\u00a0\u00a0\u00a0\u00a01 467\u00a0m2, millest\u00a0\u00a01 435\u00a0m2\u00a0on ehituse alune maaHoone pindala:\u00a0\u00a0\u00a0\u00a0\u00a0\u00a0\u00a01\u00a0382,7\u00a0m2Korruselisus:\u00a0\u00a0\u00a0\u00a0\u00a0\u00a0\u00a0\u00a0\u00a0 2 korrust+hoone alune keldrikorrus Hoone \u00fcldinfo Hoone netopind on 1\u00a0382,7\u00a0m\u00b2\u00a0 (2 korrust+keldrikorrus). Hoone 1. korrusel asuvad eraldi sissep\u00e4\u00e4suga garaa\u017eiboksid\/laopinnad. Hoone 1. ja 2. korrusel\u00a0asuvad erinevate suurustega b\u00fcroopinnad. Lisaks eelnevale asub 2. korrusel ka \u00a0spordisaaliks kohandatud avar ruum. Hoone keldrikorrusel asub lasketiir. Hoone k\u00f5ik sissep\u00e4\u00e4sud on varustatud [&hellip;]<\/p>","protected":false},"author":1,"featured_media":0,"parent":25,"menu_order":9,"comment_status":"closed","ping_status":"closed","template":"","meta":{"footnotes":""},"class_list":["post-159","page","type-page","status-publish","hentry"],"acf":[],"yoast_head":"<!-- This site is optimized with the Yoast SEO plugin v19.11 - https:\/\/yoast.com\/wordpress\/plugins\/seo\/ -->\n<title>HOONE TATARI 58a - Roosi<\/title>\n<meta name=\"robots\" content=\"index, follow, max-snippet:-1, max-image-preview:large, max-video-preview:-1\" \/>\n<link rel=\"canonical\" href=\"https:\/\/roosi.ee\/en\/hooned\/hoone-tatari-58a\/\" \/>\n<meta property=\"og:locale\" content=\"en_GB\" \/>\n<meta property=\"og:type\" content=\"article\" \/>\n<meta property=\"og:title\" content=\"HOONE TATARI 58a - Roosi\" \/>\n<meta property=\"og:description\" content=\"Kinnistu pindala:\u00a0\u00a0\u00a0\u00a01 467\u00a0m2, millest\u00a0\u00a01 435\u00a0m2\u00a0on ehituse alune maaHoone pindala:\u00a0\u00a0\u00a0\u00a0\u00a0\u00a0\u00a01\u00a0382,7\u00a0m2Korruselisus:\u00a0\u00a0\u00a0\u00a0\u00a0\u00a0\u00a0\u00a0\u00a0 2 korrust+hoone alune keldrikorrus Hoone \u00fcldinfo Hoone netopind on 1\u00a0382,7\u00a0m\u00b2\u00a0 (2 korrust+keldrikorrus). Hoone 1. korrusel asuvad eraldi sissep\u00e4\u00e4suga garaa\u017eiboksid\/laopinnad. Hoone 1. ja 2. korrusel\u00a0asuvad erinevate suurustega b\u00fcroopinnad. Lisaks eelnevale asub 2. korrusel ka \u00a0spordisaaliks kohandatud avar ruum. Hoone keldrikorrusel asub lasketiir. Hoone k\u00f5ik sissep\u00e4\u00e4sud on varustatud [&hellip;]\" \/>\n<meta property=\"og:url\" content=\"https:\/\/roosi.ee\/en\/hooned\/hoone-tatari-58a\/\" \/>\n<meta property=\"og:site_name\" content=\"Roosi\" \/>\n<meta property=\"article:modified_time\" content=\"2022-12-08T07:22:15+00:00\" \/>\n<meta property=\"og:image\" content=\"https:\/\/roosi.ee\/wp-content\/uploads\/2022\/12\/HOONE-TATARI-58a.jpg\" \/>\n<meta name=\"twitter:card\" content=\"summary_large_image\" \/>\n<meta name=\"twitter:label1\" content=\"Estimated reading time\" \/>\n\t<meta name=\"twitter:data1\" content=\"2 minutes\" \/>\n<script type=\"application\/ld+json\" class=\"yoast-schema-graph\">{\"@context\":\"https:\/\/schema.org\",\"@graph\":[{\"@type\":\"WebPage\",\"@id\":\"https:\/\/roosi.ee\/hooned\/hoone-tatari-58a\/\",\"url\":\"https:\/\/roosi.ee\/hooned\/hoone-tatari-58a\/\",\"name\":\"HOONE TATARI 58a - Roosi\",\"isPartOf\":{\"@id\":\"https:\/\/roosi.ee\/#website\"},\"datePublished\":\"2022-12-06T15:48:12+00:00\",\"dateModified\":\"2022-12-08T07:22:15+00:00\",\"breadcrumb\":{\"@id\":\"https:\/\/roosi.ee\/hooned\/hoone-tatari-58a\/#breadcrumb\"},\"inLanguage\":\"en-GB\",\"potentialAction\":[{\"@type\":\"ReadAction\",\"target\":[\"https:\/\/roosi.ee\/hooned\/hoone-tatari-58a\/\"]}]},{\"@type\":\"BreadcrumbList\",\"@id\":\"https:\/\/roosi.ee\/hooned\/hoone-tatari-58a\/#breadcrumb\",\"itemListElement\":[{\"@type\":\"ListItem\",\"position\":1,\"name\":\"Avaleht\",\"item\":\"https:\/\/roosi.ee\/\"},{\"@type\":\"ListItem\",\"position\":2,\"name\":\"Hooned\",\"item\":\"https:\/\/roosi.ee\/hooned\/\"},{\"@type\":\"ListItem\",\"position\":3,\"name\":\"HOONE TATARI 58a\"}]},{\"@type\":\"WebSite\",\"@id\":\"https:\/\/roosi.ee\/#website\",\"url\":\"https:\/\/roosi.ee\/\",\"name\":\"Roosi\",\"description\":\"\",\"potentialAction\":[{\"@type\":\"SearchAction\",\"target\":{\"@type\":\"EntryPoint\",\"urlTemplate\":\"https:\/\/roosi.ee\/?s={search_term_string}\"},\"query-input\":\"required name=search_term_string\"}],\"inLanguage\":\"en-GB\"}]}<\/script>\n<!-- \/ Yoast SEO plugin. -->","yoast_head_json":{"title":"HOONE TATARI 58a - Roosi","robots":{"index":"index","follow":"follow","max-snippet":"max-snippet:-1","max-image-preview":"max-image-preview:large","max-video-preview":"max-video-preview:-1"},"canonical":"https:\/\/roosi.ee\/en\/hooned\/hoone-tatari-58a\/","og_locale":"en_GB","og_type":"article","og_title":"HOONE TATARI 58a - Roosi","og_description":"Kinnistu pindala:\u00a0\u00a0\u00a0\u00a01 467\u00a0m2, millest\u00a0\u00a01 435\u00a0m2\u00a0on ehituse alune maaHoone pindala:\u00a0\u00a0\u00a0\u00a0\u00a0\u00a0\u00a01\u00a0382,7\u00a0m2Korruselisus:\u00a0\u00a0\u00a0\u00a0\u00a0\u00a0\u00a0\u00a0\u00a0 2 korrust+hoone alune keldrikorrus Hoone \u00fcldinfo Hoone netopind on 1\u00a0382,7\u00a0m\u00b2\u00a0 (2 korrust+keldrikorrus). Hoone 1. korrusel asuvad eraldi sissep\u00e4\u00e4suga garaa\u017eiboksid\/laopinnad. Hoone 1. ja 2. korrusel\u00a0asuvad erinevate suurustega b\u00fcroopinnad. Lisaks eelnevale asub 2. korrusel ka \u00a0spordisaaliks kohandatud avar ruum. Hoone keldrikorrusel asub lasketiir. Hoone k\u00f5ik sissep\u00e4\u00e4sud on varustatud [&hellip;]","og_url":"https:\/\/roosi.ee\/en\/hooned\/hoone-tatari-58a\/","og_site_name":"Roosi","article_modified_time":"2022-12-08T07:22:15+00:00","og_image":[{"url":"https:\/\/roosi.ee\/wp-content\/uploads\/2022\/12\/HOONE-TATARI-58a.jpg"}],"twitter_card":"summary_large_image","twitter_misc":{"Estimated reading time":"2 minutes"},"schema":{"@context":"https:\/\/schema.org","@graph":[{"@type":"WebPage","@id":"https:\/\/roosi.ee\/hooned\/hoone-tatari-58a\/","url":"https:\/\/roosi.ee\/hooned\/hoone-tatari-58a\/","name":"HOONE TATARI 58a - Roosi","isPartOf":{"@id":"https:\/\/roosi.ee\/#website"},"datePublished":"2022-12-06T15:48:12+00:00","dateModified":"2022-12-08T07:22:15+00:00","breadcrumb":{"@id":"https:\/\/roosi.ee\/hooned\/hoone-tatari-58a\/#breadcrumb"},"inLanguage":"en-GB","potentialAction":[{"@type":"ReadAction","target":["https:\/\/roosi.ee\/hooned\/hoone-tatari-58a\/"]}]},{"@type":"BreadcrumbList","@id":"https:\/\/roosi.ee\/hooned\/hoone-tatari-58a\/#breadcrumb","itemListElement":[{"@type":"ListItem","position":1,"name":"Avaleht","item":"https:\/\/roosi.ee\/"},{"@type":"ListItem","position":2,"name":"Hooned","item":"https:\/\/roosi.ee\/hooned\/"},{"@type":"ListItem","position":3,"name":"HOONE TATARI 58a"}]},{"@type":"WebSite","@id":"https:\/\/roosi.ee\/#website","url":"https:\/\/roosi.ee\/","name":"Roosi","description":"","potentialAction":[{"@type":"SearchAction","target":{"@type":"EntryPoint","urlTemplate":"https:\/\/roosi.ee\/?s={search_term_string}"},"query-input":"required name=search_term_string"}],"inLanguage":"en-GB"}]}},"_links":{"self":[{"href":"https:\/\/roosi.ee\/en\/wp-json\/wp\/v2\/pages\/159","targetHints":{"allow":["GET"]}}],"collection":[{"href":"https:\/\/roosi.ee\/en\/wp-json\/wp\/v2\/pages"}],"about":[{"href":"https:\/\/roosi.ee\/en\/wp-json\/wp\/v2\/types\/page"}],"author":[{"embeddable":true,"href":"https:\/\/roosi.ee\/en\/wp-json\/wp\/v2\/users\/1"}],"replies":[{"embeddable":true,"href":"https:\/\/roosi.ee\/en\/wp-json\/wp\/v2\/comments?post=159"}],"version-history":[{"count":11,"href":"https:\/\/roosi.ee\/en\/wp-json\/wp\/v2\/pages\/159\/revisions"}],"predecessor-version":[{"id":424,"href":"https:\/\/roosi.ee\/en\/wp-json\/wp\/v2\/pages\/159\/revisions\/424"}],"up":[{"embeddable":true,"href":"https:\/\/roosi.ee\/en\/wp-json\/wp\/v2\/pages\/25"}],"wp:attachment":[{"href":"https:\/\/roosi.ee\/en\/wp-json\/wp\/v2\/media?parent=159"}],"curies":[{"name":"wp","href":"https:\/\/api.w.org\/{rel}","templated":true}]}}