{"id":1345,"date":"2024-07-17T10:17:24","date_gmt":"2024-07-17T10:17:24","guid":{"rendered":"https:\/\/roosi.ee\/?page_id=1345"},"modified":"2025-11-05T14:02:57","modified_gmt":"2025-11-05T14:02:57","slug":"tatari-56-ruumid-001-011","status":"publish","type":"page","link":"https:\/\/roosi.ee\/en\/uurile-anda\/hoone-tatari-56\/tatari-56-ruumid-001-011\/","title":{"rendered":"Tatari 56 ruumid 001-011"},"content":{"rendered":"<p>\u00dc\u00fcrile anda kesklinnas paikneval kinnistul hiljuti renoveeritud hoone keldri korrusel 147 ruutmeetri suurune t\u00e4ielikult renoveeritud \u00e4ripind. Hoone asub asub Tatari t\u00e4nava \u00e4rikvartalis \u2013 uue Statistikaameti peahoone ja Swedbank peahoone vahetus l\u00e4heduses.<\/p>\n<p>\u00dc\u00fcritav pind on t\u00e4ielikult renoveeritud ja sobib kasutuseks k\u00f6\u00f6gi ja kohvikuna, kui ka toidu kaasa ostmiseks. Pinnal on nii k\u00f6\u00f6gi kui ka serveerimisala, panipaigad, tualettruumid ja t\u00f6\u00f6pinnad. Pinnale on kaks sissep\u00e4\u00e4su, \u00fcks t\u00e4navalt klientidele ja teine kauba laadimiseks..<\/p>\n<p>K\u00f5ik elektris\u00fcsteemid kaasaarvatud pistikupesad, juhtmed ja valgustid on vahetatud. Ruumis on eraldiseisev elektri-ja veem\u00f5\u00f5tja. Seinad on kaetud v\u00e4rske v\u00e4rviga. Antud pinnale on kaks sissep\u00e4\u00e4su. Hoone on varustatud t\u00e4nap\u00e4evase turva ja kommunikatsiooni s\u00fcsteemidega.<\/p>\n<p>.<\/p>\n<p>&nbsp;<\/p>\n<p><img loading=\"lazy\" decoding=\"async\" class=\"alignnone size-medium wp-image-1346\" src=\"https:\/\/roosi.ee\/wp-content\/uploads\/2024\/07\/Cafe-300x212.jpg\" alt=\"\" width=\"300\" height=\"212\" srcset=\"https:\/\/roosi.ee\/wp-content\/uploads\/2024\/07\/Cafe-300x212.jpg 300w, https:\/\/roosi.ee\/wp-content\/uploads\/2024\/07\/Cafe-1024x724.jpg 1024w, https:\/\/roosi.ee\/wp-content\/uploads\/2024\/07\/Cafe-768x543.jpg 768w, https:\/\/roosi.ee\/wp-content\/uploads\/2024\/07\/Cafe-1536x1086.jpg 1536w, https:\/\/roosi.ee\/wp-content\/uploads\/2024\/07\/Cafe-2048x1448.jpg 2048w, https:\/\/roosi.ee\/wp-content\/uploads\/2024\/07\/Cafe-18x12.jpg 18w\" sizes=\"auto, (max-width: 300px) 100vw, 300px\" \/> <img loading=\"lazy\" decoding=\"async\" class=\"alignnone size-medium wp-image-1347\" src=\"https:\/\/roosi.ee\/wp-content\/uploads\/2024\/07\/IMG_6272-225x300.jpg\" alt=\"\" width=\"225\" height=\"300\" srcset=\"https:\/\/roosi.ee\/wp-content\/uploads\/2024\/07\/IMG_6272-225x300.jpg 225w, https:\/\/roosi.ee\/wp-content\/uploads\/2024\/07\/IMG_6272-768x1024.jpg 768w, https:\/\/roosi.ee\/wp-content\/uploads\/2024\/07\/IMG_6272-1152x1536.jpg 1152w, https:\/\/roosi.ee\/wp-content\/uploads\/2024\/07\/IMG_6272-1536x2048.jpg 1536w, https:\/\/roosi.ee\/wp-content\/uploads\/2024\/07\/IMG_6272-9x12.jpg 9w, https:\/\/roosi.ee\/wp-content\/uploads\/2024\/07\/IMG_6272-scaled.jpg 1920w\" sizes=\"auto, (max-width: 225px) 100vw, 225px\" \/> <img loading=\"lazy\" decoding=\"async\" class=\"alignnone size-medium wp-image-1348\" src=\"https:\/\/roosi.ee\/wp-content\/uploads\/2024\/07\/IMG_6273-300x225.jpg\" alt=\"\" width=\"300\" height=\"225\" srcset=\"https:\/\/roosi.ee\/wp-content\/uploads\/2024\/07\/IMG_6273-300x225.jpg 300w, https:\/\/roosi.ee\/wp-content\/uploads\/2024\/07\/IMG_6273-1024x768.jpg 1024w, https:\/\/roosi.ee\/wp-content\/uploads\/2024\/07\/IMG_6273-768x576.jpg 768w, https:\/\/roosi.ee\/wp-content\/uploads\/2024\/07\/IMG_6273-1536x1152.jpg 1536w, https:\/\/roosi.ee\/wp-content\/uploads\/2024\/07\/IMG_6273-2048x1536.jpg 2048w, https:\/\/roosi.ee\/wp-content\/uploads\/2024\/07\/IMG_6273-16x12.jpg 16w\" sizes=\"auto, (max-width: 300px) 100vw, 300px\" \/> <img loading=\"lazy\" decoding=\"async\" class=\"alignnone size-medium wp-image-1349\" src=\"https:\/\/roosi.ee\/wp-content\/uploads\/2024\/07\/IMG_6274-300x225.jpg\" alt=\"\" width=\"300\" height=\"225\" srcset=\"https:\/\/roosi.ee\/wp-content\/uploads\/2024\/07\/IMG_6274-300x225.jpg 300w, https:\/\/roosi.ee\/wp-content\/uploads\/2024\/07\/IMG_6274-1024x768.jpg 1024w, https:\/\/roosi.ee\/wp-content\/uploads\/2024\/07\/IMG_6274-768x576.jpg 768w, https:\/\/roosi.ee\/wp-content\/uploads\/2024\/07\/IMG_6274-1536x1152.jpg 1536w, https:\/\/roosi.ee\/wp-content\/uploads\/2024\/07\/IMG_6274-2048x1536.jpg 2048w, https:\/\/roosi.ee\/wp-content\/uploads\/2024\/07\/IMG_6274-16x12.jpg 16w\" sizes=\"auto, (max-width: 300px) 100vw, 300px\" \/> <img loading=\"lazy\" decoding=\"async\" class=\"alignnone size-medium wp-image-1350\" src=\"https:\/\/roosi.ee\/wp-content\/uploads\/2024\/07\/IMG_6276-300x225.jpg\" alt=\"\" width=\"300\" height=\"225\" srcset=\"https:\/\/roosi.ee\/wp-content\/uploads\/2024\/07\/IMG_6276-300x225.jpg 300w, https:\/\/roosi.ee\/wp-content\/uploads\/2024\/07\/IMG_6276-1024x768.jpg 1024w, https:\/\/roosi.ee\/wp-content\/uploads\/2024\/07\/IMG_6276-768x576.jpg 768w, https:\/\/roosi.ee\/wp-content\/uploads\/2024\/07\/IMG_6276-1536x1152.jpg 1536w, https:\/\/roosi.ee\/wp-content\/uploads\/2024\/07\/IMG_6276-2048x1536.jpg 2048w, https:\/\/roosi.ee\/wp-content\/uploads\/2024\/07\/IMG_6276-16x12.jpg 16w\" sizes=\"auto, (max-width: 300px) 100vw, 300px\" \/> <img loading=\"lazy\" decoding=\"async\" class=\"alignnone size-medium wp-image-1351\" src=\"https:\/\/roosi.ee\/wp-content\/uploads\/2024\/07\/IMG_6277-300x225.jpg\" alt=\"\" width=\"300\" height=\"225\" srcset=\"https:\/\/roosi.ee\/wp-content\/uploads\/2024\/07\/IMG_6277-300x225.jpg 300w, https:\/\/roosi.ee\/wp-content\/uploads\/2024\/07\/IMG_6277-1024x768.jpg 1024w, https:\/\/roosi.ee\/wp-content\/uploads\/2024\/07\/IMG_6277-768x576.jpg 768w, https:\/\/roosi.ee\/wp-content\/uploads\/2024\/07\/IMG_6277-1536x1152.jpg 1536w, https:\/\/roosi.ee\/wp-content\/uploads\/2024\/07\/IMG_6277-2048x1536.jpg 2048w, https:\/\/roosi.ee\/wp-content\/uploads\/2024\/07\/IMG_6277-16x12.jpg 16w\" sizes=\"auto, (max-width: 300px) 100vw, 300px\" \/> <img loading=\"lazy\" decoding=\"async\" class=\"alignnone size-medium wp-image-1352\" src=\"https:\/\/roosi.ee\/wp-content\/uploads\/2024\/07\/IMG_6278-300x225.jpg\" alt=\"\" width=\"300\" height=\"225\" srcset=\"https:\/\/roosi.ee\/wp-content\/uploads\/2024\/07\/IMG_6278-300x225.jpg 300w, https:\/\/roosi.ee\/wp-content\/uploads\/2024\/07\/IMG_6278-1024x768.jpg 1024w, https:\/\/roosi.ee\/wp-content\/uploads\/2024\/07\/IMG_6278-768x576.jpg 768w, https:\/\/roosi.ee\/wp-content\/uploads\/2024\/07\/IMG_6278-1536x1152.jpg 1536w, https:\/\/roosi.ee\/wp-content\/uploads\/2024\/07\/IMG_6278-2048x1536.jpg 2048w, https:\/\/roosi.ee\/wp-content\/uploads\/2024\/07\/IMG_6278-16x12.jpg 16w\" sizes=\"auto, (max-width: 300px) 100vw, 300px\" \/> <img loading=\"lazy\" decoding=\"async\" class=\"alignnone size-medium wp-image-1353\" src=\"https:\/\/roosi.ee\/wp-content\/uploads\/2024\/07\/IMG_6279-225x300.jpg\" alt=\"\" width=\"225\" height=\"300\" srcset=\"https:\/\/roosi.ee\/wp-content\/uploads\/2024\/07\/IMG_6279-225x300.jpg 225w, https:\/\/roosi.ee\/wp-content\/uploads\/2024\/07\/IMG_6279-768x1024.jpg 768w, https:\/\/roosi.ee\/wp-content\/uploads\/2024\/07\/IMG_6279-1152x1536.jpg 1152w, https:\/\/roosi.ee\/wp-content\/uploads\/2024\/07\/IMG_6279-1536x2048.jpg 1536w, https:\/\/roosi.ee\/wp-content\/uploads\/2024\/07\/IMG_6279-9x12.jpg 9w, https:\/\/roosi.ee\/wp-content\/uploads\/2024\/07\/IMG_6279-scaled.jpg 1920w\" sizes=\"auto, (max-width: 225px) 100vw, 225px\" \/> <img loading=\"lazy\" decoding=\"async\" class=\"alignnone size-medium wp-image-1354\" src=\"https:\/\/roosi.ee\/wp-content\/uploads\/2024\/07\/IMG_6281-300x225.jpg\" alt=\"\" width=\"300\" height=\"225\" srcset=\"https:\/\/roosi.ee\/wp-content\/uploads\/2024\/07\/IMG_6281-300x225.jpg 300w, https:\/\/roosi.ee\/wp-content\/uploads\/2024\/07\/IMG_6281-1024x768.jpg 1024w, https:\/\/roosi.ee\/wp-content\/uploads\/2024\/07\/IMG_6281-768x576.jpg 768w, https:\/\/roosi.ee\/wp-content\/uploads\/2024\/07\/IMG_6281-1536x1152.jpg 1536w, https:\/\/roosi.ee\/wp-content\/uploads\/2024\/07\/IMG_6281-2048x1536.jpg 2048w, https:\/\/roosi.ee\/wp-content\/uploads\/2024\/07\/IMG_6281-16x12.jpg 16w\" sizes=\"auto, (max-width: 300px) 100vw, 300px\" \/> <img loading=\"lazy\" decoding=\"async\" class=\"alignnone size-medium wp-image-1355\" src=\"https:\/\/roosi.ee\/wp-content\/uploads\/2024\/07\/IMG_6282-300x225.jpg\" alt=\"\" width=\"300\" height=\"225\" srcset=\"https:\/\/roosi.ee\/wp-content\/uploads\/2024\/07\/IMG_6282-300x225.jpg 300w, https:\/\/roosi.ee\/wp-content\/uploads\/2024\/07\/IMG_6282-1024x768.jpg 1024w, https:\/\/roosi.ee\/wp-content\/uploads\/2024\/07\/IMG_6282-768x576.jpg 768w, https:\/\/roosi.ee\/wp-content\/uploads\/2024\/07\/IMG_6282-1536x1152.jpg 1536w, https:\/\/roosi.ee\/wp-content\/uploads\/2024\/07\/IMG_6282-2048x1536.jpg 2048w, https:\/\/roosi.ee\/wp-content\/uploads\/2024\/07\/IMG_6282-16x12.jpg 16w\" sizes=\"auto, (max-width: 300px) 100vw, 300px\" \/> <img loading=\"lazy\" decoding=\"async\" class=\"alignnone size-medium wp-image-1356\" src=\"https:\/\/roosi.ee\/wp-content\/uploads\/2024\/07\/IMG_6284-300x225.jpg\" alt=\"\" width=\"300\" height=\"225\" srcset=\"https:\/\/roosi.ee\/wp-content\/uploads\/2024\/07\/IMG_6284-300x225.jpg 300w, https:\/\/roosi.ee\/wp-content\/uploads\/2024\/07\/IMG_6284-1024x768.jpg 1024w, https:\/\/roosi.ee\/wp-content\/uploads\/2024\/07\/IMG_6284-768x576.jpg 768w, https:\/\/roosi.ee\/wp-content\/uploads\/2024\/07\/IMG_6284-1536x1152.jpg 1536w, https:\/\/roosi.ee\/wp-content\/uploads\/2024\/07\/IMG_6284-2048x1536.jpg 2048w, https:\/\/roosi.ee\/wp-content\/uploads\/2024\/07\/IMG_6284-16x12.jpg 16w\" sizes=\"auto, (max-width: 300px) 100vw, 300px\" \/> <img loading=\"lazy\" decoding=\"async\" class=\"alignnone size-medium wp-image-1357\" src=\"https:\/\/roosi.ee\/wp-content\/uploads\/2024\/07\/IMG_6285-300x225.jpg\" alt=\"\" width=\"300\" height=\"225\" srcset=\"https:\/\/roosi.ee\/wp-content\/uploads\/2024\/07\/IMG_6285-300x225.jpg 300w, https:\/\/roosi.ee\/wp-content\/uploads\/2024\/07\/IMG_6285-1024x768.jpg 1024w, https:\/\/roosi.ee\/wp-content\/uploads\/2024\/07\/IMG_6285-768x576.jpg 768w, https:\/\/roosi.ee\/wp-content\/uploads\/2024\/07\/IMG_6285-1536x1152.jpg 1536w, https:\/\/roosi.ee\/wp-content\/uploads\/2024\/07\/IMG_6285-2048x1536.jpg 2048w, https:\/\/roosi.ee\/wp-content\/uploads\/2024\/07\/IMG_6285-16x12.jpg 16w\" sizes=\"auto, (max-width: 300px) 100vw, 300px\" \/> <img loading=\"lazy\" decoding=\"async\" class=\"alignnone size-medium wp-image-1358\" src=\"https:\/\/roosi.ee\/wp-content\/uploads\/2024\/07\/IMG_20220413_160646-300x225.jpg\" alt=\"\" width=\"300\" height=\"225\" srcset=\"https:\/\/roosi.ee\/wp-content\/uploads\/2024\/07\/IMG_20220413_160646-300x225.jpg 300w, https:\/\/roosi.ee\/wp-content\/uploads\/2024\/07\/IMG_20220413_160646-1024x768.jpg 1024w, https:\/\/roosi.ee\/wp-content\/uploads\/2024\/07\/IMG_20220413_160646-768x576.jpg 768w, https:\/\/roosi.ee\/wp-content\/uploads\/2024\/07\/IMG_20220413_160646-16x12.jpg 16w, https:\/\/roosi.ee\/wp-content\/uploads\/2024\/07\/IMG_20220413_160646.jpg 1200w\" sizes=\"auto, (max-width: 300px) 100vw, 300px\" \/> <img loading=\"lazy\" decoding=\"async\" class=\"alignnone size-medium wp-image-1359\" src=\"https:\/\/roosi.ee\/wp-content\/uploads\/2024\/07\/IMG_6275-300x225.jpg\" alt=\"\" width=\"300\" height=\"225\" srcset=\"https:\/\/roosi.ee\/wp-content\/uploads\/2024\/07\/IMG_6275-300x225.jpg 300w, https:\/\/roosi.ee\/wp-content\/uploads\/2024\/07\/IMG_6275-1024x768.jpg 1024w, https:\/\/roosi.ee\/wp-content\/uploads\/2024\/07\/IMG_6275-768x576.jpg 768w, https:\/\/roosi.ee\/wp-content\/uploads\/2024\/07\/IMG_6275-1536x1152.jpg 1536w, https:\/\/roosi.ee\/wp-content\/uploads\/2024\/07\/IMG_6275-2048x1536.jpg 2048w, https:\/\/roosi.ee\/wp-content\/uploads\/2024\/07\/IMG_6275-16x12.jpg 16w\" sizes=\"auto, (max-width: 300px) 100vw, 300px\" \/> <img loading=\"lazy\" decoding=\"async\" class=\"alignnone size-medium wp-image-1360\" src=\"https:\/\/roosi.ee\/wp-content\/uploads\/2024\/07\/IMG_6280-225x300.jpg\" alt=\"\" width=\"225\" height=\"300\" srcset=\"https:\/\/roosi.ee\/wp-content\/uploads\/2024\/07\/IMG_6280-225x300.jpg 225w, https:\/\/roosi.ee\/wp-content\/uploads\/2024\/07\/IMG_6280-768x1024.jpg 768w, https:\/\/roosi.ee\/wp-content\/uploads\/2024\/07\/IMG_6280-1152x1536.jpg 1152w, https:\/\/roosi.ee\/wp-content\/uploads\/2024\/07\/IMG_6280-1536x2048.jpg 1536w, https:\/\/roosi.ee\/wp-content\/uploads\/2024\/07\/IMG_6280-9x12.jpg 9w, https:\/\/roosi.ee\/wp-content\/uploads\/2024\/07\/IMG_6280-scaled.jpg 1920w\" sizes=\"auto, (max-width: 225px) 100vw, 225px\" \/><\/p>\n<p>&nbsp;<\/p>\n<p>Utilities<\/p>\n<p>Electricity \u2013 the building has a new electrical system and each room has its own shield and meter.<\/p>\n<p>Water- canalization and toilets with its own meter.<\/p>\n<p>K\u00fcte \u2013 keskk\u00fcte ja \u00f5hksoojuspump. Keskk\u00fcte fikseeritud hinnaga 70 eurot talvekuudel.<\/p>\n<p>Communication systems - new and speed wiring communications systems (high-speed internet cables of both Elisa and Telia are available in the building).<\/p>\n<p>Lessees are having the flexibility to use the premises 24\/7 due to our security systems.<\/p>\n<p>Paid parking is available in front of the house, or in the parking area in the backyard of the building.<\/p>\n<p>For additional information and arranging a tour at the premises please feel free to contact us.<\/p>","protected":false},"excerpt":{"rendered":"<p>\u00dc\u00fcrile anda kesklinnas paikneval kinnistul hiljuti renoveeritud hoone keldri korrusel 147 ruutmeetri suurune t\u00e4ielikult renoveeritud \u00e4ripind. Hoone asub asub Tatari t\u00e4nava \u00e4rikvartalis \u2013 uue Statistikaameti peahoone ja Swedbank peahoone vahetus l\u00e4heduses. \u00dc\u00fcritav pind on t\u00e4ielikult renoveeritud ja sobib kasutuseks k\u00f6\u00f6gi ja kohvikuna, kui ka toidu kaasa ostmiseks. Pinnal on nii k\u00f6\u00f6gi kui ka serveerimisala, panipaigad, [&hellip;]<\/p>","protected":false},"author":2,"featured_media":0,"parent":180,"menu_order":23,"comment_status":"closed","ping_status":"closed","template":"","meta":{"footnotes":""},"class_list":["post-1345","page","type-page","status-publish","hentry"],"acf":[],"yoast_head":"<!-- This site is optimized with the Yoast SEO plugin v19.11 - https:\/\/yoast.com\/wordpress\/plugins\/seo\/ -->\n<title>Tatari 56 ruumid 001-011 - Roosi<\/title>\n<meta name=\"robots\" content=\"index, follow, max-snippet:-1, max-image-preview:large, max-video-preview:-1\" \/>\n<link rel=\"canonical\" href=\"https:\/\/roosi.ee\/en\/uurile-anda\/hoone-tatari-56\/tatari-56-ruumid-001-011\/\" \/>\n<meta property=\"og:locale\" content=\"en_GB\" \/>\n<meta property=\"og:type\" content=\"article\" \/>\n<meta property=\"og:title\" content=\"Tatari 56 ruumid 001-011 - Roosi\" \/>\n<meta property=\"og:description\" content=\"\u00dc\u00fcrile anda kesklinnas paikneval kinnistul hiljuti renoveeritud hoone keldri korrusel 147 ruutmeetri suurune t\u00e4ielikult renoveeritud \u00e4ripind. Hoone asub asub Tatari t\u00e4nava \u00e4rikvartalis \u2013 uue Statistikaameti peahoone ja Swedbank peahoone vahetus l\u00e4heduses. \u00dc\u00fcritav pind on t\u00e4ielikult renoveeritud ja sobib kasutuseks k\u00f6\u00f6gi ja kohvikuna, kui ka toidu kaasa ostmiseks. Pinnal on nii k\u00f6\u00f6gi kui ka serveerimisala, panipaigad, [&hellip;]\" \/>\n<meta property=\"og:url\" content=\"https:\/\/roosi.ee\/en\/uurile-anda\/hoone-tatari-56\/tatari-56-ruumid-001-011\/\" \/>\n<meta property=\"og:site_name\" content=\"Roosi\" \/>\n<meta property=\"article:modified_time\" content=\"2025-11-05T14:02:57+00:00\" \/>\n<meta property=\"og:image\" content=\"https:\/\/roosi.ee\/wp-content\/uploads\/2024\/07\/Cafe-300x212.jpg\" \/>\n<meta name=\"twitter:card\" content=\"summary_large_image\" \/>\n<meta name=\"twitter:label1\" content=\"Estimated reading time\" \/>\n\t<meta name=\"twitter:data1\" content=\"4 minutes\" \/>\n<script type=\"application\/ld+json\" class=\"yoast-schema-graph\">{\"@context\":\"https:\/\/schema.org\",\"@graph\":[{\"@type\":\"WebPage\",\"@id\":\"https:\/\/roosi.ee\/uurile-anda\/hoone-tatari-56\/tatari-56-ruumid-001-011\/\",\"url\":\"https:\/\/roosi.ee\/uurile-anda\/hoone-tatari-56\/tatari-56-ruumid-001-011\/\",\"name\":\"Tatari 56 ruumid 001-011 - Roosi\",\"isPartOf\":{\"@id\":\"https:\/\/roosi.ee\/#website\"},\"datePublished\":\"2024-07-17T10:17:24+00:00\",\"dateModified\":\"2025-11-05T14:02:57+00:00\",\"breadcrumb\":{\"@id\":\"https:\/\/roosi.ee\/uurile-anda\/hoone-tatari-56\/tatari-56-ruumid-001-011\/#breadcrumb\"},\"inLanguage\":\"en-GB\",\"potentialAction\":[{\"@type\":\"ReadAction\",\"target\":[\"https:\/\/roosi.ee\/uurile-anda\/hoone-tatari-56\/tatari-56-ruumid-001-011\/\"]}]},{\"@type\":\"BreadcrumbList\",\"@id\":\"https:\/\/roosi.ee\/uurile-anda\/hoone-tatari-56\/tatari-56-ruumid-001-011\/#breadcrumb\",\"itemListElement\":[{\"@type\":\"ListItem\",\"position\":1,\"name\":\"Avaleht\",\"item\":\"https:\/\/roosi.ee\/\"},{\"@type\":\"ListItem\",\"position\":2,\"name\":\"\u00dc\u00fcrile anda\",\"item\":\"https:\/\/roosi.ee\/uurile-anda\/\"},{\"@type\":\"ListItem\",\"position\":3,\"name\":\"HOONE TATARI 56\",\"item\":\"https:\/\/roosi.ee\/uurile-anda\/hoone-tatari-56\/\"},{\"@type\":\"ListItem\",\"position\":4,\"name\":\"Tatari 56 ruumid 001-011\"}]},{\"@type\":\"WebSite\",\"@id\":\"https:\/\/roosi.ee\/#website\",\"url\":\"https:\/\/roosi.ee\/\",\"name\":\"Roosi\",\"description\":\"\",\"potentialAction\":[{\"@type\":\"SearchAction\",\"target\":{\"@type\":\"EntryPoint\",\"urlTemplate\":\"https:\/\/roosi.ee\/?s={search_term_string}\"},\"query-input\":\"required name=search_term_string\"}],\"inLanguage\":\"en-GB\"}]}<\/script>\n<!-- \/ Yoast SEO plugin. -->","yoast_head_json":{"title":"Tatari 56 ruumid 001-011 - Roosi","robots":{"index":"index","follow":"follow","max-snippet":"max-snippet:-1","max-image-preview":"max-image-preview:large","max-video-preview":"max-video-preview:-1"},"canonical":"https:\/\/roosi.ee\/en\/uurile-anda\/hoone-tatari-56\/tatari-56-ruumid-001-011\/","og_locale":"en_GB","og_type":"article","og_title":"Tatari 56 ruumid 001-011 - Roosi","og_description":"\u00dc\u00fcrile anda kesklinnas paikneval kinnistul hiljuti renoveeritud hoone keldri korrusel 147 ruutmeetri suurune t\u00e4ielikult renoveeritud \u00e4ripind. Hoone asub asub Tatari t\u00e4nava \u00e4rikvartalis \u2013 uue Statistikaameti peahoone ja Swedbank peahoone vahetus l\u00e4heduses. \u00dc\u00fcritav pind on t\u00e4ielikult renoveeritud ja sobib kasutuseks k\u00f6\u00f6gi ja kohvikuna, kui ka toidu kaasa ostmiseks. Pinnal on nii k\u00f6\u00f6gi kui ka serveerimisala, panipaigad, [&hellip;]","og_url":"https:\/\/roosi.ee\/en\/uurile-anda\/hoone-tatari-56\/tatari-56-ruumid-001-011\/","og_site_name":"Roosi","article_modified_time":"2025-11-05T14:02:57+00:00","og_image":[{"url":"https:\/\/roosi.ee\/wp-content\/uploads\/2024\/07\/Cafe-300x212.jpg"}],"twitter_card":"summary_large_image","twitter_misc":{"Estimated reading time":"4 minutes"},"schema":{"@context":"https:\/\/schema.org","@graph":[{"@type":"WebPage","@id":"https:\/\/roosi.ee\/uurile-anda\/hoone-tatari-56\/tatari-56-ruumid-001-011\/","url":"https:\/\/roosi.ee\/uurile-anda\/hoone-tatari-56\/tatari-56-ruumid-001-011\/","name":"Tatari 56 ruumid 001-011 - Roosi","isPartOf":{"@id":"https:\/\/roosi.ee\/#website"},"datePublished":"2024-07-17T10:17:24+00:00","dateModified":"2025-11-05T14:02:57+00:00","breadcrumb":{"@id":"https:\/\/roosi.ee\/uurile-anda\/hoone-tatari-56\/tatari-56-ruumid-001-011\/#breadcrumb"},"inLanguage":"en-GB","potentialAction":[{"@type":"ReadAction","target":["https:\/\/roosi.ee\/uurile-anda\/hoone-tatari-56\/tatari-56-ruumid-001-011\/"]}]},{"@type":"BreadcrumbList","@id":"https:\/\/roosi.ee\/uurile-anda\/hoone-tatari-56\/tatari-56-ruumid-001-011\/#breadcrumb","itemListElement":[{"@type":"ListItem","position":1,"name":"Avaleht","item":"https:\/\/roosi.ee\/"},{"@type":"ListItem","position":2,"name":"\u00dc\u00fcrile anda","item":"https:\/\/roosi.ee\/uurile-anda\/"},{"@type":"ListItem","position":3,"name":"HOONE TATARI 56","item":"https:\/\/roosi.ee\/uurile-anda\/hoone-tatari-56\/"},{"@type":"ListItem","position":4,"name":"Tatari 56 ruumid 001-011"}]},{"@type":"WebSite","@id":"https:\/\/roosi.ee\/#website","url":"https:\/\/roosi.ee\/","name":"Roosi","description":"","potentialAction":[{"@type":"SearchAction","target":{"@type":"EntryPoint","urlTemplate":"https:\/\/roosi.ee\/?s={search_term_string}"},"query-input":"required name=search_term_string"}],"inLanguage":"en-GB"}]}},"_links":{"self":[{"href":"https:\/\/roosi.ee\/en\/wp-json\/wp\/v2\/pages\/1345","targetHints":{"allow":["GET"]}}],"collection":[{"href":"https:\/\/roosi.ee\/en\/wp-json\/wp\/v2\/pages"}],"about":[{"href":"https:\/\/roosi.ee\/en\/wp-json\/wp\/v2\/types\/page"}],"author":[{"embeddable":true,"href":"https:\/\/roosi.ee\/en\/wp-json\/wp\/v2\/users\/2"}],"replies":[{"embeddable":true,"href":"https:\/\/roosi.ee\/en\/wp-json\/wp\/v2\/comments?post=1345"}],"version-history":[{"count":1,"href":"https:\/\/roosi.ee\/en\/wp-json\/wp\/v2\/pages\/1345\/revisions"}],"predecessor-version":[{"id":1361,"href":"https:\/\/roosi.ee\/en\/wp-json\/wp\/v2\/pages\/1345\/revisions\/1361"}],"up":[{"embeddable":true,"href":"https:\/\/roosi.ee\/en\/wp-json\/wp\/v2\/pages\/180"}],"wp:attachment":[{"href":"https:\/\/roosi.ee\/en\/wp-json\/wp\/v2\/media?parent=1345"}],"curies":[{"name":"wp","href":"https:\/\/api.w.org\/{rel}","templated":true}]}}