{"id":130,"date":"2022-12-06T15:15:47","date_gmt":"2022-12-06T15:15:47","guid":{"rendered":"https:\/\/wp.roosi.ee\/?page_id=130"},"modified":"2022-12-08T07:33:26","modified_gmt":"2022-12-08T07:33:26","slug":"hoone-tatari-56b","status":"publish","type":"page","link":"https:\/\/roosi.ee\/en\/hooned\/hoone-tatari-56b\/","title":{"rendered":"BUILDING TATARI 56b"},"content":{"rendered":"<div data-elementor-type=\"wp-page\" data-elementor-id=\"130\" class=\"elementor elementor-130\">\n\t\t\t\t\t\t\t\t\t<section class=\"elementor-section elementor-top-section elementor-element elementor-element-8c96bae elementor-section-boxed elementor-section-height-default elementor-section-height-default\" data-id=\"8c96bae\" data-element_type=\"section\">\n\t\t\t\t\t\t<div class=\"elementor-container elementor-column-gap-default\">\n\t\t\t\t\t<div class=\"elementor-column elementor-col-100 elementor-top-column elementor-element elementor-element-ee17318\" data-id=\"ee17318\" data-element_type=\"column\">\n\t\t\t<div class=\"elementor-widget-wrap elementor-element-populated\">\n\t\t\t\t\t\t\t\t<div class=\"elementor-element elementor-element-0996d29 elementor-widget elementor-widget-image\" data-id=\"0996d29\" data-element_type=\"widget\" data-widget_type=\"image.default\">\n\t\t\t\t<div class=\"elementor-widget-container\">\n\t\t\t<style>\/*! elementor - v3.9.0 - 06-12-2022 *\/\n.elementor-widget-image{text-align:center}.elementor-widget-image a{display:inline-block}.elementor-widget-image a img[src$=\".svg\"]{width:48px}.elementor-widget-image img{vertical-align:middle;display:inline-block}<\/style>\t\t\t\t\t\t\t\t\t\t\t\t\t<a href=\"https:\/\/roosi.ee\/wp-content\/uploads\/2022\/12\/HOONE-TATARI-56b.jpg\" data-elementor-open-lightbox=\"yes\" data-elementor-lightbox-title=\"HOONE-TATARI-56b\" e-action-hash=\"#elementor-action%3Aaction%3Dlightbox%26settings%3DeyJpZCI6MTM1LCJ1cmwiOiJodHRwczpcL1wvcm9vc2kuZWVcL3dwLWNvbnRlbnRcL3VwbG9hZHNcLzIwMjJcLzEyXC9IT09ORS1UQVRBUkktNTZiLmpwZyJ9\">\n\t\t\t\t\t\t\t<img loading=\"lazy\" decoding=\"async\" width=\"640\" height=\"160\" src=\"https:\/\/roosi.ee\/wp-content\/uploads\/2022\/12\/HOONE-TATARI-56b.jpg\" class=\"attachment-large size-large wp-image-135\" alt=\"\" srcset=\"https:\/\/roosi.ee\/wp-content\/uploads\/2022\/12\/HOONE-TATARI-56b.jpg 800w, https:\/\/roosi.ee\/wp-content\/uploads\/2022\/12\/HOONE-TATARI-56b-300x75.jpg 300w, https:\/\/roosi.ee\/wp-content\/uploads\/2022\/12\/HOONE-TATARI-56b-768x192.jpg 768w\" sizes=\"auto, (max-width: 640px) 100vw, 640px\" \/>\t\t\t\t\t\t\t\t<\/a>\n\t\t\t\t\t\t\t\t\t\t\t\t\t\t\t<\/div>\n\t\t\t\t<\/div>\n\t\t\t\t\t<\/div>\n\t\t<\/div>\n\t\t\t\t\t\t\t<\/div>\n\t\t<\/section>\n\t\t\t\t<section class=\"elementor-section elementor-top-section elementor-element elementor-element-290a02 elementor-section-boxed elementor-section-height-default elementor-section-height-default\" data-id=\"290a02\" data-element_type=\"section\">\n\t\t\t\t\t\t<div class=\"elementor-container elementor-column-gap-default\">\n\t\t\t\t\t<div class=\"elementor-column elementor-col-100 elementor-top-column elementor-element elementor-element-490ede0d\" data-id=\"490ede0d\" data-element_type=\"column\">\n\t\t\t<div class=\"elementor-widget-wrap elementor-element-populated\">\n\t\t\t\t\t\t\t\t<div class=\"elementor-element elementor-element-5c31e71e elementor-widget elementor-widget-text-editor\" data-id=\"5c31e71e\" data-element_type=\"widget\" data-widget_type=\"text-editor.default\">\n\t\t\t\t<div class=\"elementor-widget-container\">\n\t\t\t<style>\/*! elementor - v3.9.0 - 06-12-2022 *\/\n.elementor-widget-text-editor.elementor-drop-cap-view-stacked .elementor-drop-cap{background-color:#818a91;color:#fff}.elementor-widget-text-editor.elementor-drop-cap-view-framed .elementor-drop-cap{color:#818a91;border:3px solid;background-color:transparent}.elementor-widget-text-editor:not(.elementor-drop-cap-view-default) .elementor-drop-cap{margin-top:8px}.elementor-widget-text-editor:not(.elementor-drop-cap-view-default) .elementor-drop-cap-letter{width:1em;height:1em}.elementor-widget-text-editor .elementor-drop-cap{float:left;text-align:center;line-height:1;font-size:50px}.elementor-widget-text-editor .elementor-drop-cap-letter{display:inline-block}<\/style>\t\t\t\t<p class=\" translation-block\">Plot Area:\u00a0\u00a0\u00a0 3\u00a0025 m<sup>2<\/sup> of which 2 953 m<sup>2<\/sup> covered by the building.<br>Building:\u00a0\u00a0\u00a0\u00a0\u00a0\u00a0 2 953 m<sup>2\u00a0<br><\/sup>Number of floors:\u00a0\u00a0\u00a0\u00a0\u00a0\u00a0\u00a0\u00a0\u00a0\u00a02 floors<\/p><p><strong>Building general info\u00a0<\/strong><\/p><p>The net space area of the building is 2,953 square meters in 2 floors.  Out of the above an area of 1781,6 m\u00b2 is serving as a closed parking area and 806 m2 are serving as office premises and a retail space. The technical systems and the inner looks of the building were constantly renewed during the last two and half years\u2013 the heating center was renewed partially, replacing old heating elements, all windows and the roof were isolated already in 2003-2005, doors has been replaced, and the retail area has been renovated in 2012. The systems, including communication systems, are meeting today\u2019s needs. The building main construction is made from concrete and silicate bricks, fundaments do lay on  concrete block basis. The facade is covered with mineral roughcast. The buildings fa\u00e7ade was freshly painted in light colours during 2013.\n\nThe indoor car parking area is serving  65  cars parking places on the eastren wing of the 1st and 2nd floor of the building. The garage entrance is monitored through  secured key tablets or remote control systems.  All the systems of the building are serviced continuously by us.<\/p><p><strong>Systems overview<\/strong><\/p><p><strong>\u00a0<\/strong><\/p><p><strong>Heating system<\/strong><\/p><p>The building is connected to the city heating line. The heating unit and heating elements (heaters) have been primarly changed in 2005, parts of those has been rechanged in 2012. The heating radiators and the heating pipeline (that has been changed by Roosi O\u00dc) do meet today\u2019s standards. The heating unit is also connected to the 2 ventilation systems \u2013 for business premises and retail premises. All systems are serviced and monitored regularely.<\/p><p><strong>Water and sewage system<\/strong><\/p><p>The building is connected to the city water and sewage system. Most sewage and water pipes were changed during renovations made in 2003, and in 2012 including tap water valves in the kitchens and toilets. Toilets and kitchen inventory were  changed as well. All systems are being serviced regularely.<\/p><p><strong>Ventilation system<\/strong><\/p><p>The building is equipped with two separate ventilation systems (both with heat accumulation systems) \u2013 one serves the office premises, another serves the retail premises. Some of the office rooms have general forced ventilation system (without heating). Parking area is ventilated via roof ventilators.<\/p><p><strong>Electricity  system<\/strong><\/p><p>The building has a main switch of 125A. Electric system was renovated in 2003 including among other things a fully renovation of the main shield, lamps and facade lamps.<\/p><p><strong>Communications and security system<\/strong><\/p><p>The building is equipped with modern communication systems. There is a possibility to connect to all main communication service providers via light data cable or regular cable. All the rooms in the building are covered with data and telephone line wiring for all of the workstations in the rooms.<\/p><p>All entrance doors are from metal and equipped with secured lock system.  Some of the entrances to the building are controlled by the electronic key tablet or remote control. The remote opening system is monitored and controlled by our computer system.<\/p><p>The building has also automatic fire alarm system connected directly to the security company. All the rooms and areas are monitored with fire alarm detectors. System is maintained periodically according to the norms in Estonia.<\/p>\t\t\t\t\t\t<\/div>\n\t\t\t\t<\/div>\n\t\t\t\t\t<\/div>\n\t\t<\/div>\n\t\t\t\t\t\t\t<\/div>\n\t\t<\/section>\n\t\t\t\t\t\t\t<\/div>","protected":false},"excerpt":{"rendered":"<p>Kinnistu pindala:\u00a0\u00a0\u00a0 3\u00a0025 m2, millest 2 953 m2 on\u00a0ehituse\u00a0alune maa.Hoone pindala:\u00a0\u00a0\u00a0\u00a0\u00a0\u00a0 2 953 m2\u00a0Korruselisus:\u00a0\u00a0\u00a0\u00a0\u00a0\u00a0\u00a0\u00a0\u00a0\u00a02 korrust Hoone \u00fcldinfo\u00a0 Hoone netopind on 2 953 ruutmeetrit kokku hoone kahel korrusel. Antud pinnast 1781,6 m\u00b2 on s\u00f5iduautode garaa\u017eeerimise osa \u00a0ja 806 m\u00b2 h\u00f5lmavad b\u00fcroo- ning kaupluse ruumid. Hoone tehnilisi s\u00fcsteeme ja siseviimistlust on pidevalt uuendatud &#8211;\u00a0 k\u00fcttes\u00fcsteem on uuendatud [&hellip;]<\/p>","protected":false},"author":1,"featured_media":0,"parent":25,"menu_order":5,"comment_status":"closed","ping_status":"closed","template":"","meta":{"footnotes":""},"class_list":["post-130","page","type-page","status-publish","hentry"],"acf":[],"yoast_head":"<!-- This site is optimized with the Yoast SEO plugin v19.11 - https:\/\/yoast.com\/wordpress\/plugins\/seo\/ -->\n<title>HOONE TATARI 56b - Roosi<\/title>\n<meta name=\"robots\" content=\"index, follow, max-snippet:-1, max-image-preview:large, max-video-preview:-1\" \/>\n<link rel=\"canonical\" href=\"https:\/\/roosi.ee\/en\/hooned\/hoone-tatari-56b\/\" \/>\n<meta property=\"og:locale\" content=\"en_GB\" \/>\n<meta property=\"og:type\" content=\"article\" \/>\n<meta property=\"og:title\" content=\"HOONE TATARI 56b - Roosi\" \/>\n<meta property=\"og:description\" content=\"Kinnistu pindala:\u00a0\u00a0\u00a0 3\u00a0025 m2, millest 2 953 m2 on\u00a0ehituse\u00a0alune maa.Hoone pindala:\u00a0\u00a0\u00a0\u00a0\u00a0\u00a0 2 953 m2\u00a0Korruselisus:\u00a0\u00a0\u00a0\u00a0\u00a0\u00a0\u00a0\u00a0\u00a0\u00a02 korrust Hoone \u00fcldinfo\u00a0 Hoone netopind on 2 953 ruutmeetrit kokku hoone kahel korrusel. Antud pinnast 1781,6 m\u00b2 on s\u00f5iduautode garaa\u017eeerimise osa \u00a0ja 806 m\u00b2 h\u00f5lmavad b\u00fcroo- ning kaupluse ruumid. Hoone tehnilisi s\u00fcsteeme ja siseviimistlust on pidevalt uuendatud &#8211;\u00a0 k\u00fcttes\u00fcsteem on uuendatud [&hellip;]\" \/>\n<meta property=\"og:url\" content=\"https:\/\/roosi.ee\/en\/hooned\/hoone-tatari-56b\/\" \/>\n<meta property=\"og:site_name\" content=\"Roosi\" \/>\n<meta property=\"article:modified_time\" content=\"2022-12-08T07:33:26+00:00\" \/>\n<meta property=\"og:image\" content=\"https:\/\/roosi.ee\/wp-content\/uploads\/2022\/12\/HOONE-TATARI-56b.jpg\" \/>\n<meta name=\"twitter:card\" content=\"summary_large_image\" \/>\n<meta name=\"twitter:label1\" content=\"Estimated reading time\" \/>\n\t<meta name=\"twitter:data1\" content=\"3 minutes\" \/>\n<script type=\"application\/ld+json\" class=\"yoast-schema-graph\">{\"@context\":\"https:\/\/schema.org\",\"@graph\":[{\"@type\":\"WebPage\",\"@id\":\"https:\/\/roosi.ee\/hooned\/hoone-tatari-56b\/\",\"url\":\"https:\/\/roosi.ee\/hooned\/hoone-tatari-56b\/\",\"name\":\"HOONE TATARI 56b - Roosi\",\"isPartOf\":{\"@id\":\"https:\/\/roosi.ee\/#website\"},\"datePublished\":\"2022-12-06T15:15:47+00:00\",\"dateModified\":\"2022-12-08T07:33:26+00:00\",\"breadcrumb\":{\"@id\":\"https:\/\/roosi.ee\/hooned\/hoone-tatari-56b\/#breadcrumb\"},\"inLanguage\":\"en-GB\",\"potentialAction\":[{\"@type\":\"ReadAction\",\"target\":[\"https:\/\/roosi.ee\/hooned\/hoone-tatari-56b\/\"]}]},{\"@type\":\"BreadcrumbList\",\"@id\":\"https:\/\/roosi.ee\/hooned\/hoone-tatari-56b\/#breadcrumb\",\"itemListElement\":[{\"@type\":\"ListItem\",\"position\":1,\"name\":\"Avaleht\",\"item\":\"https:\/\/roosi.ee\/\"},{\"@type\":\"ListItem\",\"position\":2,\"name\":\"Hooned\",\"item\":\"https:\/\/roosi.ee\/hooned\/\"},{\"@type\":\"ListItem\",\"position\":3,\"name\":\"HOONE TATARI 56b\"}]},{\"@type\":\"WebSite\",\"@id\":\"https:\/\/roosi.ee\/#website\",\"url\":\"https:\/\/roosi.ee\/\",\"name\":\"Roosi\",\"description\":\"\",\"potentialAction\":[{\"@type\":\"SearchAction\",\"target\":{\"@type\":\"EntryPoint\",\"urlTemplate\":\"https:\/\/roosi.ee\/?s={search_term_string}\"},\"query-input\":\"required name=search_term_string\"}],\"inLanguage\":\"en-GB\"}]}<\/script>\n<!-- \/ Yoast SEO plugin. -->","yoast_head_json":{"title":"HOONE TATARI 56b - Roosi","robots":{"index":"index","follow":"follow","max-snippet":"max-snippet:-1","max-image-preview":"max-image-preview:large","max-video-preview":"max-video-preview:-1"},"canonical":"https:\/\/roosi.ee\/en\/hooned\/hoone-tatari-56b\/","og_locale":"en_GB","og_type":"article","og_title":"HOONE TATARI 56b - Roosi","og_description":"Kinnistu pindala:\u00a0\u00a0\u00a0 3\u00a0025 m2, millest 2 953 m2 on\u00a0ehituse\u00a0alune maa.Hoone pindala:\u00a0\u00a0\u00a0\u00a0\u00a0\u00a0 2 953 m2\u00a0Korruselisus:\u00a0\u00a0\u00a0\u00a0\u00a0\u00a0\u00a0\u00a0\u00a0\u00a02 korrust Hoone \u00fcldinfo\u00a0 Hoone netopind on 2 953 ruutmeetrit kokku hoone kahel korrusel. Antud pinnast 1781,6 m\u00b2 on s\u00f5iduautode garaa\u017eeerimise osa \u00a0ja 806 m\u00b2 h\u00f5lmavad b\u00fcroo- ning kaupluse ruumid. Hoone tehnilisi s\u00fcsteeme ja siseviimistlust on pidevalt uuendatud &#8211;\u00a0 k\u00fcttes\u00fcsteem on uuendatud [&hellip;]","og_url":"https:\/\/roosi.ee\/en\/hooned\/hoone-tatari-56b\/","og_site_name":"Roosi","article_modified_time":"2022-12-08T07:33:26+00:00","og_image":[{"url":"https:\/\/roosi.ee\/wp-content\/uploads\/2022\/12\/HOONE-TATARI-56b.jpg"}],"twitter_card":"summary_large_image","twitter_misc":{"Estimated reading time":"3 minutes"},"schema":{"@context":"https:\/\/schema.org","@graph":[{"@type":"WebPage","@id":"https:\/\/roosi.ee\/hooned\/hoone-tatari-56b\/","url":"https:\/\/roosi.ee\/hooned\/hoone-tatari-56b\/","name":"HOONE TATARI 56b - Roosi","isPartOf":{"@id":"https:\/\/roosi.ee\/#website"},"datePublished":"2022-12-06T15:15:47+00:00","dateModified":"2022-12-08T07:33:26+00:00","breadcrumb":{"@id":"https:\/\/roosi.ee\/hooned\/hoone-tatari-56b\/#breadcrumb"},"inLanguage":"en-GB","potentialAction":[{"@type":"ReadAction","target":["https:\/\/roosi.ee\/hooned\/hoone-tatari-56b\/"]}]},{"@type":"BreadcrumbList","@id":"https:\/\/roosi.ee\/hooned\/hoone-tatari-56b\/#breadcrumb","itemListElement":[{"@type":"ListItem","position":1,"name":"Avaleht","item":"https:\/\/roosi.ee\/"},{"@type":"ListItem","position":2,"name":"Hooned","item":"https:\/\/roosi.ee\/hooned\/"},{"@type":"ListItem","position":3,"name":"HOONE TATARI 56b"}]},{"@type":"WebSite","@id":"https:\/\/roosi.ee\/#website","url":"https:\/\/roosi.ee\/","name":"Roosi","description":"","potentialAction":[{"@type":"SearchAction","target":{"@type":"EntryPoint","urlTemplate":"https:\/\/roosi.ee\/?s={search_term_string}"},"query-input":"required name=search_term_string"}],"inLanguage":"en-GB"}]}},"_links":{"self":[{"href":"https:\/\/roosi.ee\/en\/wp-json\/wp\/v2\/pages\/130","targetHints":{"allow":["GET"]}}],"collection":[{"href":"https:\/\/roosi.ee\/en\/wp-json\/wp\/v2\/pages"}],"about":[{"href":"https:\/\/roosi.ee\/en\/wp-json\/wp\/v2\/types\/page"}],"author":[{"embeddable":true,"href":"https:\/\/roosi.ee\/en\/wp-json\/wp\/v2\/users\/1"}],"replies":[{"embeddable":true,"href":"https:\/\/roosi.ee\/en\/wp-json\/wp\/v2\/comments?post=130"}],"version-history":[{"count":22,"href":"https:\/\/roosi.ee\/en\/wp-json\/wp\/v2\/pages\/130\/revisions"}],"predecessor-version":[{"id":427,"href":"https:\/\/roosi.ee\/en\/wp-json\/wp\/v2\/pages\/130\/revisions\/427"}],"up":[{"embeddable":true,"href":"https:\/\/roosi.ee\/en\/wp-json\/wp\/v2\/pages\/25"}],"wp:attachment":[{"href":"https:\/\/roosi.ee\/en\/wp-json\/wp\/v2\/media?parent=130"}],"curies":[{"name":"wp","href":"https:\/\/api.w.org\/{rel}","templated":true}]}}