{"id":1244,"date":"2023-05-15T06:13:15","date_gmt":"2023-05-15T06:13:15","guid":{"rendered":"https:\/\/roosi.ee\/?page_id=1244"},"modified":"2026-03-26T11:38:38","modified_gmt":"2026-03-26T11:38:38","slug":"tatari-56-ruum-213","status":"publish","type":"page","link":"https:\/\/roosi.ee\/en\/uurile-anda\/hoone-tatari-56\/tatari-56-ruum-213\/","title":{"rendered":"TATARI 56 room 213"},"content":{"rendered":"<p>Office space of 31,2 sqm, located in a recently renovated office building in the heart of Tallinn business district on Tatari street \u2013 between Swedbank main headquarters and the new Statistics Department Building.<\/p>\n<p>The room is in a modern and good condition \u2013 walls are freshly painted; floors are covered with rigid parquet lamination. Double glass new windows have been installed lately<\/p>\n<p>Utilities<\/p>\n<p>Electricity \u2013 all the rooms in the building are equipped with separate electrical meters.<\/p>\n<p>Heating system - the building is having a new inner central heating system.<\/p>\n<p>Communication systems - new and speed wiring communications systems (high-speed internet cables of both Elisa and Telia are available in the building).<\/p>\n<p>Lessees are having the flexibility to use the premises 24\/7 due to our security systems, (with an appropriate security tablet key).<\/p>\n<p>Second floor lessees have a possibility to use a cozy and modern kitchenette.<\/p>\n<p>Paid parking is available in front of the house, or in the parking area in the backyard of the building.<\/p>\n<p>The Tatari central bus stop is next to the building.<\/p>\n<style>\/*! elementor - v3.9.0 - 06-12-2022 *\/<br \/>.elementor-image-gallery .gallery-item{display:inline-block;text-align:center;vertical-align:top;width:100%;max-width:100%;margin:0 auto}.elementor-image-gallery .gallery-item img{margin:0 auto}.elementor-image-gallery .gallery-item .gallery-caption{margin:0}.elementor-image-gallery figure img{display:block}.elementor-image-gallery figure figcaption{width:100%}.gallery-spacing-custom .elementor-image-gallery .gallery-icon{padding:0}@media (min-width:768px){.elementor-image-gallery .gallery-columns-2 .gallery-item{max-width:50%}.elementor-image-gallery .gallery-columns-3 .gallery-item{max-width:33.33%}.elementor-image-gallery .gallery-columns-4 .gallery-item{max-width:25%}.elementor-image-gallery .gallery-columns-5 .gallery-item{max-width:20%}.elementor-image-gallery .gallery-columns-6 .gallery-item{max-width:16.666%}.elementor-image-gallery .gallery-columns-7 .gallery-item{max-width:14.28%}.elementor-image-gallery .gallery-columns-8 .gallery-item{max-width:12.5%}.elementor-image-gallery .gallery-columns-9 .gallery-item{max-width:11.11%}.elementor-image-gallery .gallery-columns-10 .gallery-item{max-width:10%}}@media (min-width:480px) and (max-width:767px){.elementor-image-gallery .gallery.gallery-columns-2 .gallery-item,.elementor-image-gallery .gallery.gallery-columns-3 .gallery-item,.elementor-image-gallery .gallery.gallery-columns-4 .gallery-item,.elementor-image-gallery .gallery.gallery-columns-5 .gallery-item,.elementor-image-gallery .gallery.gallery-columns-6 .gallery-item,.elementor-image-gallery .gallery.gallery-columns-7 .gallery-item,.elementor-image-gallery .gallery.gallery-columns-8 .gallery-item,.elementor-image-gallery .gallery.gallery-columns-9 .gallery-item,.elementor-image-gallery .gallery.gallery-columns-10 .gallery-item{max-width:50%}}@media (max-width:479px){.elementor-image-gallery .gallery.gallery-columns-2 .gallery-item,.elementor-image-gallery .gallery.gallery-columns-3 .gallery-item,.elementor-image-gallery .gallery.gallery-columns-4 .gallery-item,.elementor-image-gallery .gallery.gallery-columns-5 .gallery-item,.elementor-image-gallery .gallery.gallery-columns-6 .gallery-item,.elementor-image-gallery .gallery.gallery-columns-7 .gallery-item,.elementor-image-gallery .gallery.gallery-columns-8 .gallery-item,.elementor-image-gallery .gallery.gallery-columns-9 .gallery-item,.elementor-image-gallery .gallery.gallery-columns-10 .gallery-item{max-width:100%}}<\/style>\n<p><img loading=\"lazy\" decoding=\"async\" class=\"alignnone size-medium wp-image-1245\" src=\"https:\/\/roosi.ee\/wp-content\/uploads\/2023\/05\/H1-2.korrus-ruum-nr.213-300x200.jpg\" alt=\"\" width=\"300\" height=\"200\" srcset=\"https:\/\/roosi.ee\/wp-content\/uploads\/2023\/05\/H1-2.korrus-ruum-nr.213-300x200.jpg 300w, https:\/\/roosi.ee\/wp-content\/uploads\/2023\/05\/H1-2.korrus-ruum-nr.213-1024x683.jpg 1024w, https:\/\/roosi.ee\/wp-content\/uploads\/2023\/05\/H1-2.korrus-ruum-nr.213-768x512.jpg 768w, https:\/\/roosi.ee\/wp-content\/uploads\/2023\/05\/H1-2.korrus-ruum-nr.213-1536x1024.jpg 1536w, https:\/\/roosi.ee\/wp-content\/uploads\/2023\/05\/H1-2.korrus-ruum-nr.213-2048x1365.jpg 2048w, https:\/\/roosi.ee\/wp-content\/uploads\/2023\/05\/H1-2.korrus-ruum-nr.213-18x12.jpg 18w\" sizes=\"auto, (max-width: 300px) 100vw, 300px\" \/> <img loading=\"lazy\" decoding=\"async\" class=\"alignnone size-medium wp-image-1247\" src=\"https:\/\/roosi.ee\/wp-content\/uploads\/2023\/05\/IMG_1067-300x225.jpg\" alt=\"\" width=\"300\" height=\"225\" srcset=\"https:\/\/roosi.ee\/wp-content\/uploads\/2023\/05\/IMG_1067-300x225.jpg 300w, https:\/\/roosi.ee\/wp-content\/uploads\/2023\/05\/IMG_1067-1024x768.jpg 1024w, https:\/\/roosi.ee\/wp-content\/uploads\/2023\/05\/IMG_1067-768x576.jpg 768w, https:\/\/roosi.ee\/wp-content\/uploads\/2023\/05\/IMG_1067-1536x1152.jpg 1536w, https:\/\/roosi.ee\/wp-content\/uploads\/2023\/05\/IMG_1067-2048x1536.jpg 2048w, https:\/\/roosi.ee\/wp-content\/uploads\/2023\/05\/IMG_1067-16x12.jpg 16w\" sizes=\"auto, (max-width: 300px) 100vw, 300px\" \/> <img loading=\"lazy\" decoding=\"async\" class=\"alignnone size-medium wp-image-1248\" src=\"https:\/\/roosi.ee\/wp-content\/uploads\/2023\/05\/IMG_1070-300x225.jpg\" alt=\"\" width=\"300\" height=\"225\" srcset=\"https:\/\/roosi.ee\/wp-content\/uploads\/2023\/05\/IMG_1070-300x225.jpg 300w, https:\/\/roosi.ee\/wp-content\/uploads\/2023\/05\/IMG_1070-1024x768.jpg 1024w, https:\/\/roosi.ee\/wp-content\/uploads\/2023\/05\/IMG_1070-768x576.jpg 768w, https:\/\/roosi.ee\/wp-content\/uploads\/2023\/05\/IMG_1070-1536x1152.jpg 1536w, https:\/\/roosi.ee\/wp-content\/uploads\/2023\/05\/IMG_1070-2048x1536.jpg 2048w, https:\/\/roosi.ee\/wp-content\/uploads\/2023\/05\/IMG_1070-16x12.jpg 16w\" sizes=\"auto, (max-width: 300px) 100vw, 300px\" \/><\/p>\n<figure class=\"gallery-item\"><\/figure>\n<figure class=\"gallery-item\"><\/figure>\n<figure class=\"gallery-item\"><\/figure>\n<figure class=\"gallery-item\"><a href=\"https:\/\/roosi.ee\/wp-content\/uploads\/2022\/12\/tatari56-211-4.jpeg\" data-elementor-open-lightbox=\"yes\" data-elementor-lightbox-slideshow=\"8616850\" data-elementor-lightbox-title=\"tatari56-211-4\"><img loading=\"lazy\" decoding=\"async\" src=\"https:\/\/roosi.ee\/wp-content\/uploads\/2022\/12\/tatari56-211-4-435x487.jpeg\" alt=\"\" width=\"435\" height=\"487\" \/><\/a><\/figure>","protected":false},"excerpt":{"rendered":"<p>\u00dc\u00fcrile anda Tatari t\u00e4nava \u00e4risektoris, uue Eesti Statistikaameti hoone ja Swedbank peahoone vahele j\u00e4\u00e4val hiljuti t\u00e4ielikult renoveeritud kinnistul asuvas b\u00fcroohoones kolmandal korruselasuv 31,2 ruutmeetri suurune hubane b\u00fcroopind. Tuba on v\u00e4ga heas seisukorras \u2013 seinad on v\u00e4rskelt v\u00e4rvitud, p\u00f5randakatteks on laminaatparkett. Kommunaalteenused: Elekter \u2013 hoone k\u00f5ik ruumid on varustatud eraldi elektriarvestitega. K\u00fcttes\u00fcsteem &#8211; hoonel on uus [&hellip;]<\/p>","protected":false},"author":2,"featured_media":0,"parent":180,"menu_order":37,"comment_status":"closed","ping_status":"closed","template":"","meta":{"footnotes":""},"class_list":["post-1244","page","type-page","status-publish","hentry"],"acf":[],"yoast_head":"<!-- This site is optimized with the Yoast SEO plugin v19.11 - https:\/\/yoast.com\/wordpress\/plugins\/seo\/ -->\n<title>TATARI 56 ruum 213 - Roosi<\/title>\n<meta name=\"robots\" content=\"index, follow, max-snippet:-1, max-image-preview:large, max-video-preview:-1\" \/>\n<link rel=\"canonical\" href=\"https:\/\/roosi.ee\/en\/uurile-anda\/hoone-tatari-56\/tatari-56-ruum-213\/\" \/>\n<meta property=\"og:locale\" content=\"en_GB\" \/>\n<meta property=\"og:type\" content=\"article\" \/>\n<meta property=\"og:title\" content=\"TATARI 56 ruum 213 - Roosi\" \/>\n<meta property=\"og:description\" content=\"\u00dc\u00fcrile anda Tatari t\u00e4nava \u00e4risektoris, uue Eesti Statistikaameti hoone ja Swedbank peahoone vahele j\u00e4\u00e4val hiljuti t\u00e4ielikult renoveeritud kinnistul asuvas b\u00fcroohoones kolmandal korruselasuv 31,2 ruutmeetri suurune hubane b\u00fcroopind. Tuba on v\u00e4ga heas seisukorras \u2013 seinad on v\u00e4rskelt v\u00e4rvitud, p\u00f5randakatteks on laminaatparkett. Kommunaalteenused: Elekter \u2013 hoone k\u00f5ik ruumid on varustatud eraldi elektriarvestitega. K\u00fcttes\u00fcsteem &#8211; hoonel on uus [&hellip;]\" \/>\n<meta property=\"og:url\" content=\"https:\/\/roosi.ee\/en\/uurile-anda\/hoone-tatari-56\/tatari-56-ruum-213\/\" \/>\n<meta property=\"og:site_name\" content=\"Roosi\" \/>\n<meta property=\"article:modified_time\" content=\"2026-03-26T11:38:38+00:00\" \/>\n<meta property=\"og:image\" content=\"https:\/\/roosi.ee\/wp-content\/uploads\/2023\/05\/H1-2.korrus-ruum-nr.213-300x200.jpg\" \/>\n<meta name=\"twitter:card\" content=\"summary_large_image\" \/>\n<meta name=\"twitter:label1\" content=\"Estimated reading time\" \/>\n\t<meta name=\"twitter:data1\" content=\"2 minutes\" \/>\n<script type=\"application\/ld+json\" class=\"yoast-schema-graph\">{\"@context\":\"https:\/\/schema.org\",\"@graph\":[{\"@type\":\"WebPage\",\"@id\":\"https:\/\/roosi.ee\/uurile-anda\/hoone-tatari-56\/tatari-56-ruum-213\/\",\"url\":\"https:\/\/roosi.ee\/uurile-anda\/hoone-tatari-56\/tatari-56-ruum-213\/\",\"name\":\"TATARI 56 ruum 213 - Roosi\",\"isPartOf\":{\"@id\":\"https:\/\/roosi.ee\/#website\"},\"datePublished\":\"2023-05-15T06:13:15+00:00\",\"dateModified\":\"2026-03-26T11:38:38+00:00\",\"breadcrumb\":{\"@id\":\"https:\/\/roosi.ee\/uurile-anda\/hoone-tatari-56\/tatari-56-ruum-213\/#breadcrumb\"},\"inLanguage\":\"en-GB\",\"potentialAction\":[{\"@type\":\"ReadAction\",\"target\":[\"https:\/\/roosi.ee\/uurile-anda\/hoone-tatari-56\/tatari-56-ruum-213\/\"]}]},{\"@type\":\"BreadcrumbList\",\"@id\":\"https:\/\/roosi.ee\/uurile-anda\/hoone-tatari-56\/tatari-56-ruum-213\/#breadcrumb\",\"itemListElement\":[{\"@type\":\"ListItem\",\"position\":1,\"name\":\"Avaleht\",\"item\":\"https:\/\/roosi.ee\/\"},{\"@type\":\"ListItem\",\"position\":2,\"name\":\"\u00dc\u00fcrile anda\",\"item\":\"https:\/\/roosi.ee\/uurile-anda\/\"},{\"@type\":\"ListItem\",\"position\":3,\"name\":\"HOONE TATARI 56\",\"item\":\"https:\/\/roosi.ee\/uurile-anda\/hoone-tatari-56\/\"},{\"@type\":\"ListItem\",\"position\":4,\"name\":\"TATARI 56 ruum 213\"}]},{\"@type\":\"WebSite\",\"@id\":\"https:\/\/roosi.ee\/#website\",\"url\":\"https:\/\/roosi.ee\/\",\"name\":\"Roosi\",\"description\":\"\",\"potentialAction\":[{\"@type\":\"SearchAction\",\"target\":{\"@type\":\"EntryPoint\",\"urlTemplate\":\"https:\/\/roosi.ee\/?s={search_term_string}\"},\"query-input\":\"required name=search_term_string\"}],\"inLanguage\":\"en-GB\"}]}<\/script>\n<!-- \/ Yoast SEO plugin. -->","yoast_head_json":{"title":"TATARI 56 ruum 213 - Roosi","robots":{"index":"index","follow":"follow","max-snippet":"max-snippet:-1","max-image-preview":"max-image-preview:large","max-video-preview":"max-video-preview:-1"},"canonical":"https:\/\/roosi.ee\/en\/uurile-anda\/hoone-tatari-56\/tatari-56-ruum-213\/","og_locale":"en_GB","og_type":"article","og_title":"TATARI 56 ruum 213 - Roosi","og_description":"\u00dc\u00fcrile anda Tatari t\u00e4nava \u00e4risektoris, uue Eesti Statistikaameti hoone ja Swedbank peahoone vahele j\u00e4\u00e4val hiljuti t\u00e4ielikult renoveeritud kinnistul asuvas b\u00fcroohoones kolmandal korruselasuv 31,2 ruutmeetri suurune hubane b\u00fcroopind. Tuba on v\u00e4ga heas seisukorras \u2013 seinad on v\u00e4rskelt v\u00e4rvitud, p\u00f5randakatteks on laminaatparkett. Kommunaalteenused: Elekter \u2013 hoone k\u00f5ik ruumid on varustatud eraldi elektriarvestitega. K\u00fcttes\u00fcsteem &#8211; hoonel on uus [&hellip;]","og_url":"https:\/\/roosi.ee\/en\/uurile-anda\/hoone-tatari-56\/tatari-56-ruum-213\/","og_site_name":"Roosi","article_modified_time":"2026-03-26T11:38:38+00:00","og_image":[{"url":"https:\/\/roosi.ee\/wp-content\/uploads\/2023\/05\/H1-2.korrus-ruum-nr.213-300x200.jpg"}],"twitter_card":"summary_large_image","twitter_misc":{"Estimated reading time":"2 minutes"},"schema":{"@context":"https:\/\/schema.org","@graph":[{"@type":"WebPage","@id":"https:\/\/roosi.ee\/uurile-anda\/hoone-tatari-56\/tatari-56-ruum-213\/","url":"https:\/\/roosi.ee\/uurile-anda\/hoone-tatari-56\/tatari-56-ruum-213\/","name":"TATARI 56 ruum 213 - Roosi","isPartOf":{"@id":"https:\/\/roosi.ee\/#website"},"datePublished":"2023-05-15T06:13:15+00:00","dateModified":"2026-03-26T11:38:38+00:00","breadcrumb":{"@id":"https:\/\/roosi.ee\/uurile-anda\/hoone-tatari-56\/tatari-56-ruum-213\/#breadcrumb"},"inLanguage":"en-GB","potentialAction":[{"@type":"ReadAction","target":["https:\/\/roosi.ee\/uurile-anda\/hoone-tatari-56\/tatari-56-ruum-213\/"]}]},{"@type":"BreadcrumbList","@id":"https:\/\/roosi.ee\/uurile-anda\/hoone-tatari-56\/tatari-56-ruum-213\/#breadcrumb","itemListElement":[{"@type":"ListItem","position":1,"name":"Avaleht","item":"https:\/\/roosi.ee\/"},{"@type":"ListItem","position":2,"name":"\u00dc\u00fcrile anda","item":"https:\/\/roosi.ee\/uurile-anda\/"},{"@type":"ListItem","position":3,"name":"HOONE TATARI 56","item":"https:\/\/roosi.ee\/uurile-anda\/hoone-tatari-56\/"},{"@type":"ListItem","position":4,"name":"TATARI 56 ruum 213"}]},{"@type":"WebSite","@id":"https:\/\/roosi.ee\/#website","url":"https:\/\/roosi.ee\/","name":"Roosi","description":"","potentialAction":[{"@type":"SearchAction","target":{"@type":"EntryPoint","urlTemplate":"https:\/\/roosi.ee\/?s={search_term_string}"},"query-input":"required name=search_term_string"}],"inLanguage":"en-GB"}]}},"_links":{"self":[{"href":"https:\/\/roosi.ee\/en\/wp-json\/wp\/v2\/pages\/1244","targetHints":{"allow":["GET"]}}],"collection":[{"href":"https:\/\/roosi.ee\/en\/wp-json\/wp\/v2\/pages"}],"about":[{"href":"https:\/\/roosi.ee\/en\/wp-json\/wp\/v2\/types\/page"}],"author":[{"embeddable":true,"href":"https:\/\/roosi.ee\/en\/wp-json\/wp\/v2\/users\/2"}],"replies":[{"embeddable":true,"href":"https:\/\/roosi.ee\/en\/wp-json\/wp\/v2\/comments?post=1244"}],"version-history":[{"count":2,"href":"https:\/\/roosi.ee\/en\/wp-json\/wp\/v2\/pages\/1244\/revisions"}],"predecessor-version":[{"id":1265,"href":"https:\/\/roosi.ee\/en\/wp-json\/wp\/v2\/pages\/1244\/revisions\/1265"}],"up":[{"embeddable":true,"href":"https:\/\/roosi.ee\/en\/wp-json\/wp\/v2\/pages\/180"}],"wp:attachment":[{"href":"https:\/\/roosi.ee\/en\/wp-json\/wp\/v2\/media?parent=1244"}],"curies":[{"name":"wp","href":"https:\/\/api.w.org\/{rel}","templated":true}]}}