{"id":117,"date":"2022-12-06T15:07:33","date_gmt":"2022-12-06T15:07:33","guid":{"rendered":"https:\/\/wp.roosi.ee\/?page_id=117"},"modified":"2022-12-08T08:33:20","modified_gmt":"2022-12-08T08:33:20","slug":"hoone-tatari-56","status":"publish","type":"page","link":"https:\/\/roosi.ee\/en\/hooned\/hoone-tatari-56\/","title":{"rendered":"BUILDING TATARI 56"},"content":{"rendered":"<div data-elementor-type=\"wp-page\" data-elementor-id=\"117\" class=\"elementor elementor-117\">\n\t\t\t\t\t\t\t\t\t<section class=\"elementor-section elementor-top-section elementor-element elementor-element-cae6cf1 elementor-section-boxed elementor-section-height-default elementor-section-height-default\" data-id=\"cae6cf1\" data-element_type=\"section\">\n\t\t\t\t\t\t<div class=\"elementor-container elementor-column-gap-default\">\n\t\t\t\t\t<div class=\"elementor-column elementor-col-100 elementor-top-column elementor-element elementor-element-25d3e09\" data-id=\"25d3e09\" data-element_type=\"column\">\n\t\t\t<div class=\"elementor-widget-wrap elementor-element-populated\">\n\t\t\t\t\t\t\t\t<div class=\"elementor-element elementor-element-daf51c3 elementor-widget elementor-widget-image\" data-id=\"daf51c3\" data-element_type=\"widget\" data-widget_type=\"image.default\">\n\t\t\t\t<div class=\"elementor-widget-container\">\n\t\t\t<style>\/*! elementor - v3.9.0 - 06-12-2022 *\/\n.elementor-widget-image{text-align:center}.elementor-widget-image a{display:inline-block}.elementor-widget-image a img[src$=\".svg\"]{width:48px}.elementor-widget-image img{vertical-align:middle;display:inline-block}<\/style>\t\t\t\t\t\t\t\t\t\t\t\t\t<a href=\"https:\/\/roosi.ee\/wp-content\/uploads\/2022\/12\/hoone-tatari-56.jpg\" data-elementor-open-lightbox=\"yes\" data-elementor-lightbox-title=\"hoone-tatari-56\" e-action-hash=\"#elementor-action%3Aaction%3Dlightbox%26settings%3DeyJpZCI6MTIzLCJ1cmwiOiJodHRwczpcL1wvcm9vc2kuZWVcL3dwLWNvbnRlbnRcL3VwbG9hZHNcLzIwMjJcLzEyXC9ob29uZS10YXRhcmktNTYuanBnIn0%3D\">\n\t\t\t\t\t\t\t<img loading=\"lazy\" decoding=\"async\" width=\"640\" height=\"170\" src=\"https:\/\/roosi.ee\/wp-content\/uploads\/2022\/12\/hoone-tatari-56.jpg\" class=\"attachment-large size-large wp-image-123\" alt=\"\" srcset=\"https:\/\/roosi.ee\/wp-content\/uploads\/2022\/12\/hoone-tatari-56.jpg 800w, https:\/\/roosi.ee\/wp-content\/uploads\/2022\/12\/hoone-tatari-56-300x80.jpg 300w, https:\/\/roosi.ee\/wp-content\/uploads\/2022\/12\/hoone-tatari-56-768x204.jpg 768w\" sizes=\"auto, (max-width: 640px) 100vw, 640px\" \/>\t\t\t\t\t\t\t\t<\/a>\n\t\t\t\t\t\t\t\t\t\t\t\t\t\t\t<\/div>\n\t\t\t\t<\/div>\n\t\t\t\t<div class=\"elementor-element elementor-element-0af570e elementor-widget elementor-widget-text-editor\" data-id=\"0af570e\" data-element_type=\"widget\" data-widget_type=\"text-editor.default\">\n\t\t\t\t<div class=\"elementor-widget-container\">\n\t\t\t<style>\/*! elementor - v3.9.0 - 06-12-2022 *\/\n.elementor-widget-text-editor.elementor-drop-cap-view-stacked .elementor-drop-cap{background-color:#818a91;color:#fff}.elementor-widget-text-editor.elementor-drop-cap-view-framed .elementor-drop-cap{color:#818a91;border:3px solid;background-color:transparent}.elementor-widget-text-editor:not(.elementor-drop-cap-view-default) .elementor-drop-cap{margin-top:8px}.elementor-widget-text-editor:not(.elementor-drop-cap-view-default) .elementor-drop-cap-letter{width:1em;height:1em}.elementor-widget-text-editor .elementor-drop-cap{float:left;text-align:center;line-height:1;font-size:50px}.elementor-widget-text-editor .elementor-drop-cap-letter{display:inline-block}<\/style>\t\t\t\t<p><span class=\"sisutekst\">Plot area:\u00a0719 m<sup>2<br \/><\/sup><\/span><span class=\"sisutekst\">Building: 1,820 m<sup>2<\/sup><sup>\u00a0<br \/><\/sup><\/span><span class=\"sisutekst\">Number of  floors: 4 floors + full basement + 5th techincal floor<\/span><\/p><p>\u00a0<\/p><p><strong>Building general info<\/strong><\/p><p>The building has been built in 1982 and has been planned by a well known Estonian architect Vilen K\u00fcnnapu. The net space of the building is 1820 square meters (basement+ 4 floors+ 5th partial technical floor). The technical systems and the inner looks of the building have been renewed by Roosi O\u00dc. The works were done during 2011-2013 - heating, water, sewage, AC-, DC systems were renewed and changed. We have as well upgraded the building fire systems and changed all the windows and the doors of the building. All the building infrastructure systems including communication systems, are up to dates norms and needs. The building is connected to all main communication providers via fiber optic cable. The main construction of the building is done from concrete and silicate brick and lays on the concrete block basis. All non-carrying walls are made from silicate brick or from fire protective and noise isolated gypsum boards. Roof and ceilings are made from concrete and panels. The fa\u00e7ade is covered with mineral roughcast. The buildings fa\u00e7ade has been recentely freshly painted under the advise of architect Vilen K\u00fcnnapu.<\/p><p>The basement floor of the building is designated for serving as pub\/bar. Floors 1st  to 3rd are serving as office spaces. 4th floor of the building is designated for an  hotel premises. \n\nThe public elevator in the building  is servicing floors 1st  to 4th. All the systems of the building are being controlled and serviced continuously.<\/p><p>\u00a0<\/p><p><strong>Systems overview<\/strong><\/p><p>\u00a0<\/p><p><strong>Heating system<\/strong><\/p><p>The building is connected to and heated by the city heating line. All  the heating pipes and radiators (Purmo) were replaced in 2012. A new central heating unit was installed in 2012. All systems are serviced regularly.<\/p><p><strong>Water and sewage system<\/strong><\/p><p>The building is connected to the city water and sewage system. Sewage and water systems were completely renewed in 2012. All toilets  and kitchens were changed \/refreshed. All systems are serviced regularly.<\/p><p><strong>Ventilation system<\/strong><\/p><p>The building does not have forced\/active ventilation system in the floors 1, 2 and 4. In the basement the building has forced ventilation and in the 3rd floor all the office rooms have climate control units.<\/p><p><strong>Electricity  system<\/strong><\/p><p>The building is equipped with \u2013 165A main shield. Electrical systems were partially renovated in 2003 and 2012, including among other things: a modernization of the main shield in 2012,  introducing sub shileds with meters etc` to all the office rooms in 2012. Partial inner walls wires were also replaced in 2012.<\/p><p><strong>Communications and security system<\/strong><\/p><p>The building has several main fiber optic data cables from the main communication providers.  There is also a possibility to connect to other alternative communication service providers with a regular cable. All the rooms in the building are covered with data and telephone line wiring for all of the workstations inside them . All the lines are connected and managed through  the a main communications center room.<\/p><p>All building main entrance doors are done from metal and equipped with extra secured lock system. The building has its own key system. Keys can not be copied. Copies could be done only in a certified key stores after providing the key system security card. The entrance to the building and to the elevator is controlled by an electronic key tablet. The usage of the system is monitored and controlled by our computer systems.<\/p><p>The fire alarm system is maintained periodically according to the norms in Estonia. Automatic fire alarm detectors are spread all over the premises.<\/p><p><strong>The elevator<\/strong><\/p><p>The building is equipped with an elevator (maximum 6 persons) that services floor  1st  to 4th. The elevator is activated with an electronic tablet key. The elevator is connected to the fire alarm system and serviced and checked regularly according to the norms. Services are registered.<\/p>\t\t\t\t\t\t<\/div>\n\t\t\t\t<\/div>\n\t\t\t\t\t<\/div>\n\t\t<\/div>\n\t\t\t\t\t\t\t<\/div>\n\t\t<\/section>\n\t\t\t\t\t\t\t<\/div>","protected":false},"excerpt":{"rendered":"<p>Kinnistu pindala:\u00a0\u00a0\u00a0\u00a0\u00a0719 m2Hoone pindala:\u00a0\u00a0\u00a0\u00a0\u00a0\u00a0\u00a01 820\u00a0m2\u00a0Korruselisus:\u00a0\u00a0\u00a0\u00a0\u00a0\u00a0\u00a0\u00a0\u00a0 4 korrust + keldrikorrus + 5. tehniline korrus. \u00a0 Hoone \u00fcldinfo Hoone on ehitatud aastal 1982. B\u00fcroohoone on projekteerinud tunnustatud arhitekt hr Vilen K\u00fcnnapu. Hoone netopind on 1820\u00a0ruutmeetrit (keldrikorrus+4 korrust+5. tehniline korrus). Hoone s\u00fcsteemid ja siseviimistlus on kaasajastatud. T\u00f6id teostati perioodil 2011-2013, mille k\u00e4igus uuendati ja vahetati v\u00e4lja k\u00fctte-, vee-, [&hellip;]<\/p>","protected":false},"author":1,"featured_media":0,"parent":25,"menu_order":3,"comment_status":"closed","ping_status":"closed","template":"","meta":{"footnotes":""},"class_list":["post-117","page","type-page","status-publish","hentry"],"acf":[],"yoast_head":"<!-- This site is optimized with the Yoast SEO plugin v19.11 - https:\/\/yoast.com\/wordpress\/plugins\/seo\/ -->\n<title>HOONE TATARI 56 - Roosi<\/title>\n<meta name=\"robots\" content=\"index, follow, max-snippet:-1, max-image-preview:large, max-video-preview:-1\" \/>\n<link rel=\"canonical\" href=\"https:\/\/roosi.ee\/en\/hooned\/hoone-tatari-56\/\" \/>\n<meta property=\"og:locale\" content=\"en_GB\" \/>\n<meta property=\"og:type\" content=\"article\" \/>\n<meta property=\"og:title\" content=\"HOONE TATARI 56 - Roosi\" \/>\n<meta property=\"og:description\" content=\"Kinnistu pindala:\u00a0\u00a0\u00a0\u00a0\u00a0719 m2Hoone pindala:\u00a0\u00a0\u00a0\u00a0\u00a0\u00a0\u00a01 820\u00a0m2\u00a0Korruselisus:\u00a0\u00a0\u00a0\u00a0\u00a0\u00a0\u00a0\u00a0\u00a0 4 korrust + keldrikorrus + 5. tehniline korrus. \u00a0 Hoone \u00fcldinfo Hoone on ehitatud aastal 1982. B\u00fcroohoone on projekteerinud tunnustatud arhitekt hr Vilen K\u00fcnnapu. Hoone netopind on 1820\u00a0ruutmeetrit (keldrikorrus+4 korrust+5. tehniline korrus). Hoone s\u00fcsteemid ja siseviimistlus on kaasajastatud. T\u00f6id teostati perioodil 2011-2013, mille k\u00e4igus uuendati ja vahetati v\u00e4lja k\u00fctte-, vee-, [&hellip;]\" \/>\n<meta property=\"og:url\" content=\"https:\/\/roosi.ee\/en\/hooned\/hoone-tatari-56\/\" \/>\n<meta property=\"og:site_name\" content=\"Roosi\" \/>\n<meta property=\"article:modified_time\" content=\"2022-12-08T08:33:20+00:00\" \/>\n<meta property=\"og:image\" content=\"https:\/\/roosi.ee\/wp-content\/uploads\/2022\/12\/hoone-tatari-56.jpg\" \/>\n<meta name=\"twitter:card\" content=\"summary_large_image\" \/>\n<meta name=\"twitter:label1\" content=\"Estimated reading time\" \/>\n\t<meta name=\"twitter:data1\" content=\"3 minutes\" \/>\n<script type=\"application\/ld+json\" class=\"yoast-schema-graph\">{\"@context\":\"https:\/\/schema.org\",\"@graph\":[{\"@type\":\"WebPage\",\"@id\":\"https:\/\/roosi.ee\/hooned\/hoone-tatari-56\/\",\"url\":\"https:\/\/roosi.ee\/hooned\/hoone-tatari-56\/\",\"name\":\"HOONE TATARI 56 - Roosi\",\"isPartOf\":{\"@id\":\"https:\/\/roosi.ee\/#website\"},\"datePublished\":\"2022-12-06T15:07:33+00:00\",\"dateModified\":\"2022-12-08T08:33:20+00:00\",\"breadcrumb\":{\"@id\":\"https:\/\/roosi.ee\/hooned\/hoone-tatari-56\/#breadcrumb\"},\"inLanguage\":\"en-GB\",\"potentialAction\":[{\"@type\":\"ReadAction\",\"target\":[\"https:\/\/roosi.ee\/hooned\/hoone-tatari-56\/\"]}]},{\"@type\":\"BreadcrumbList\",\"@id\":\"https:\/\/roosi.ee\/hooned\/hoone-tatari-56\/#breadcrumb\",\"itemListElement\":[{\"@type\":\"ListItem\",\"position\":1,\"name\":\"Avaleht\",\"item\":\"https:\/\/roosi.ee\/\"},{\"@type\":\"ListItem\",\"position\":2,\"name\":\"Hooned\",\"item\":\"https:\/\/roosi.ee\/hooned\/\"},{\"@type\":\"ListItem\",\"position\":3,\"name\":\"HOONE TATARI 56\"}]},{\"@type\":\"WebSite\",\"@id\":\"https:\/\/roosi.ee\/#website\",\"url\":\"https:\/\/roosi.ee\/\",\"name\":\"Roosi\",\"description\":\"\",\"potentialAction\":[{\"@type\":\"SearchAction\",\"target\":{\"@type\":\"EntryPoint\",\"urlTemplate\":\"https:\/\/roosi.ee\/?s={search_term_string}\"},\"query-input\":\"required name=search_term_string\"}],\"inLanguage\":\"en-GB\"}]}<\/script>\n<!-- \/ Yoast SEO plugin. -->","yoast_head_json":{"title":"HOONE TATARI 56 - Roosi","robots":{"index":"index","follow":"follow","max-snippet":"max-snippet:-1","max-image-preview":"max-image-preview:large","max-video-preview":"max-video-preview:-1"},"canonical":"https:\/\/roosi.ee\/en\/hooned\/hoone-tatari-56\/","og_locale":"en_GB","og_type":"article","og_title":"HOONE TATARI 56 - Roosi","og_description":"Kinnistu pindala:\u00a0\u00a0\u00a0\u00a0\u00a0719 m2Hoone pindala:\u00a0\u00a0\u00a0\u00a0\u00a0\u00a0\u00a01 820\u00a0m2\u00a0Korruselisus:\u00a0\u00a0\u00a0\u00a0\u00a0\u00a0\u00a0\u00a0\u00a0 4 korrust + keldrikorrus + 5. tehniline korrus. \u00a0 Hoone \u00fcldinfo Hoone on ehitatud aastal 1982. B\u00fcroohoone on projekteerinud tunnustatud arhitekt hr Vilen K\u00fcnnapu. Hoone netopind on 1820\u00a0ruutmeetrit (keldrikorrus+4 korrust+5. tehniline korrus). Hoone s\u00fcsteemid ja siseviimistlus on kaasajastatud. T\u00f6id teostati perioodil 2011-2013, mille k\u00e4igus uuendati ja vahetati v\u00e4lja k\u00fctte-, vee-, [&hellip;]","og_url":"https:\/\/roosi.ee\/en\/hooned\/hoone-tatari-56\/","og_site_name":"Roosi","article_modified_time":"2022-12-08T08:33:20+00:00","og_image":[{"url":"https:\/\/roosi.ee\/wp-content\/uploads\/2022\/12\/hoone-tatari-56.jpg"}],"twitter_card":"summary_large_image","twitter_misc":{"Estimated reading time":"3 minutes"},"schema":{"@context":"https:\/\/schema.org","@graph":[{"@type":"WebPage","@id":"https:\/\/roosi.ee\/hooned\/hoone-tatari-56\/","url":"https:\/\/roosi.ee\/hooned\/hoone-tatari-56\/","name":"HOONE TATARI 56 - Roosi","isPartOf":{"@id":"https:\/\/roosi.ee\/#website"},"datePublished":"2022-12-06T15:07:33+00:00","dateModified":"2022-12-08T08:33:20+00:00","breadcrumb":{"@id":"https:\/\/roosi.ee\/hooned\/hoone-tatari-56\/#breadcrumb"},"inLanguage":"en-GB","potentialAction":[{"@type":"ReadAction","target":["https:\/\/roosi.ee\/hooned\/hoone-tatari-56\/"]}]},{"@type":"BreadcrumbList","@id":"https:\/\/roosi.ee\/hooned\/hoone-tatari-56\/#breadcrumb","itemListElement":[{"@type":"ListItem","position":1,"name":"Avaleht","item":"https:\/\/roosi.ee\/"},{"@type":"ListItem","position":2,"name":"Hooned","item":"https:\/\/roosi.ee\/hooned\/"},{"@type":"ListItem","position":3,"name":"HOONE TATARI 56"}]},{"@type":"WebSite","@id":"https:\/\/roosi.ee\/#website","url":"https:\/\/roosi.ee\/","name":"Roosi","description":"","potentialAction":[{"@type":"SearchAction","target":{"@type":"EntryPoint","urlTemplate":"https:\/\/roosi.ee\/?s={search_term_string}"},"query-input":"required name=search_term_string"}],"inLanguage":"en-GB"}]}},"_links":{"self":[{"href":"https:\/\/roosi.ee\/en\/wp-json\/wp\/v2\/pages\/117","targetHints":{"allow":["GET"]}}],"collection":[{"href":"https:\/\/roosi.ee\/en\/wp-json\/wp\/v2\/pages"}],"about":[{"href":"https:\/\/roosi.ee\/en\/wp-json\/wp\/v2\/types\/page"}],"author":[{"embeddable":true,"href":"https:\/\/roosi.ee\/en\/wp-json\/wp\/v2\/users\/1"}],"replies":[{"embeddable":true,"href":"https:\/\/roosi.ee\/en\/wp-json\/wp\/v2\/comments?post=117"}],"version-history":[{"count":20,"href":"https:\/\/roosi.ee\/en\/wp-json\/wp\/v2\/pages\/117\/revisions"}],"predecessor-version":[{"id":458,"href":"https:\/\/roosi.ee\/en\/wp-json\/wp\/v2\/pages\/117\/revisions\/458"}],"up":[{"embeddable":true,"href":"https:\/\/roosi.ee\/en\/wp-json\/wp\/v2\/pages\/25"}],"wp:attachment":[{"href":"https:\/\/roosi.ee\/en\/wp-json\/wp\/v2\/media?parent=117"}],"curies":[{"name":"wp","href":"https:\/\/api.w.org\/{rel}","templated":true}]}}