{"id":10,"date":"2022-12-06T12:23:47","date_gmt":"2022-12-06T12:23:47","guid":{"rendered":"https:\/\/wp.roosi.ee\/?page_id=10"},"modified":"2025-02-26T10:51:04","modified_gmt":"2025-02-26T10:51:04","slug":"avaleht","status":"publish","type":"page","link":"https:\/\/roosi.ee\/en\/","title":{"rendered":"About us"},"content":{"rendered":"<p>Roosi O\u00dc an Estonian real estate company  serves as a vivid example of fruitful cooperation in-between local  forces and foreign investors.<\/p>\n<p>It owns the plots of Tatari 56, Tatari 56b, Tatari 56c, Tatari 58, Tatari 58a. The properties (totaling 11650 m2 of land) are located at the heart of Tallinn central city district with 4 buildings placed on them. The total volume of built square meters is 11 003 m\u00b2.<\/p>\n<p>Since purchasing the plots above- Roosi O\u00dc is actively managing, developing, renovating and renting out its own  premises. The above works are done by Roosi own workers or by hiring sub-contractors for specific chores. We are managing and renting out spaces to more than 90 different lessees, as well as ca 200 parking .The main headquarters of Roosi are located at Tatari 56b, Tallinn.<\/p>\n<p>Faithfully Yours,<br \/>\nVadim Kreitsman<br \/>\nGeneral Manager<\/p>\n<p>&nbsp;<\/p>","protected":false},"excerpt":{"rendered":"<p>Roosi O\u00dc on hea n\u00e4ide Eesti ja v\u00e4lismaiste investorite koost\u00f6\u00f6l tegutsevast kinnisvara ettev\u00f5ttest. Omades kinnistuid Tatari 56, Tatari 56b, Tatari 56c, Tatari 58 ja Tatari 58a. Kinnistud, mida on \u00fchtekokku 11650 m2, asuvad Tallinna Kesklinnas ja kinnistutel on kokku neli hoonet. Hoonete kogu maht on 11 003 ruutmeetrit. Alates nimetatud kinnistute soetamisest tegeleb Roosi O\u00dc [&hellip;]<\/p>","protected":false},"author":1,"featured_media":0,"parent":0,"menu_order":1,"comment_status":"closed","ping_status":"closed","template":"","meta":{"footnotes":""},"class_list":["post-10","page","type-page","status-publish","hentry"],"acf":[],"yoast_head":"<!-- This site is optimized with the Yoast SEO plugin v19.11 - https:\/\/yoast.com\/wordpress\/plugins\/seo\/ -->\n<title>Tatari \u00e4rikvartal - Roosi O\u00dc<\/title>\n<meta name=\"robots\" content=\"index, follow, max-snippet:-1, max-image-preview:large, max-video-preview:-1\" \/>\n<link rel=\"canonical\" href=\"https:\/\/roosi.ee\/en\/\" \/>\n<meta property=\"og:locale\" content=\"en_GB\" \/>\n<meta property=\"og:type\" content=\"article\" \/>\n<meta property=\"og:title\" content=\"Tatari \u00e4rikvartal - Roosi O\u00dc\" \/>\n<meta property=\"og:description\" content=\"Roosi O\u00dc on hea n\u00e4ide Eesti ja v\u00e4lismaiste investorite koost\u00f6\u00f6l tegutsevast kinnisvara ettev\u00f5ttest. Omades kinnistuid Tatari 56, Tatari 56b, Tatari 56c, Tatari 58 ja Tatari 58a. Kinnistud, mida on \u00fchtekokku 11650 m2, asuvad Tallinna Kesklinnas ja kinnistutel on kokku neli hoonet. Hoonete kogu maht on 11 003 ruutmeetrit. Alates nimetatud kinnistute soetamisest tegeleb Roosi O\u00dc [&hellip;]\" \/>\n<meta property=\"og:url\" content=\"https:\/\/roosi.ee\/en\/\" \/>\n<meta property=\"og:site_name\" content=\"Roosi\" \/>\n<meta property=\"article:modified_time\" content=\"2025-02-26T10:51:04+00:00\" \/>\n<meta name=\"twitter:card\" content=\"summary_large_image\" \/>\n<meta name=\"twitter:label1\" content=\"Estimated reading time\" \/>\n\t<meta name=\"twitter:data1\" content=\"1 minute\" \/>\n<script type=\"application\/ld+json\" class=\"yoast-schema-graph\">{\"@context\":\"https:\/\/schema.org\",\"@graph\":[{\"@type\":\"WebPage\",\"@id\":\"https:\/\/roosi.ee\/\",\"url\":\"https:\/\/roosi.ee\/\",\"name\":\"Tatari \u00e4rikvartal - Roosi O\u00dc\",\"isPartOf\":{\"@id\":\"https:\/\/roosi.ee\/#website\"},\"datePublished\":\"2022-12-06T12:23:47+00:00\",\"dateModified\":\"2025-02-26T10:51:04+00:00\",\"breadcrumb\":{\"@id\":\"https:\/\/roosi.ee\/#breadcrumb\"},\"inLanguage\":\"en-GB\",\"potentialAction\":[{\"@type\":\"ReadAction\",\"target\":[\"https:\/\/roosi.ee\/\"]}]},{\"@type\":\"BreadcrumbList\",\"@id\":\"https:\/\/roosi.ee\/#breadcrumb\",\"itemListElement\":[{\"@type\":\"ListItem\",\"position\":1,\"name\":\"Avaleht\",\"item\":\"https:\/\/roosi.ee\/\"},{\"@type\":\"ListItem\",\"position\":2,\"name\":\"Ettev\u00f5ttest\"}]},{\"@type\":\"WebSite\",\"@id\":\"https:\/\/roosi.ee\/#website\",\"url\":\"https:\/\/roosi.ee\/\",\"name\":\"Roosi\",\"description\":\"\",\"potentialAction\":[{\"@type\":\"SearchAction\",\"target\":{\"@type\":\"EntryPoint\",\"urlTemplate\":\"https:\/\/roosi.ee\/?s={search_term_string}\"},\"query-input\":\"required name=search_term_string\"}],\"inLanguage\":\"en-GB\"}]}<\/script>\n<!-- \/ Yoast SEO plugin. -->","yoast_head_json":{"title":"Tatari \u00e4rikvartal - Roosi O\u00dc","robots":{"index":"index","follow":"follow","max-snippet":"max-snippet:-1","max-image-preview":"max-image-preview:large","max-video-preview":"max-video-preview:-1"},"canonical":"https:\/\/roosi.ee\/en\/","og_locale":"en_GB","og_type":"article","og_title":"Tatari \u00e4rikvartal - Roosi O\u00dc","og_description":"Roosi O\u00dc on hea n\u00e4ide Eesti ja v\u00e4lismaiste investorite koost\u00f6\u00f6l tegutsevast kinnisvara ettev\u00f5ttest. Omades kinnistuid Tatari 56, Tatari 56b, Tatari 56c, Tatari 58 ja Tatari 58a. Kinnistud, mida on \u00fchtekokku 11650 m2, asuvad Tallinna Kesklinnas ja kinnistutel on kokku neli hoonet. Hoonete kogu maht on 11 003 ruutmeetrit. Alates nimetatud kinnistute soetamisest tegeleb Roosi O\u00dc [&hellip;]","og_url":"https:\/\/roosi.ee\/en\/","og_site_name":"Roosi","article_modified_time":"2025-02-26T10:51:04+00:00","twitter_card":"summary_large_image","twitter_misc":{"Estimated reading time":"1 minute"},"schema":{"@context":"https:\/\/schema.org","@graph":[{"@type":"WebPage","@id":"https:\/\/roosi.ee\/","url":"https:\/\/roosi.ee\/","name":"Tatari \u00e4rikvartal - Roosi O\u00dc","isPartOf":{"@id":"https:\/\/roosi.ee\/#website"},"datePublished":"2022-12-06T12:23:47+00:00","dateModified":"2025-02-26T10:51:04+00:00","breadcrumb":{"@id":"https:\/\/roosi.ee\/#breadcrumb"},"inLanguage":"en-GB","potentialAction":[{"@type":"ReadAction","target":["https:\/\/roosi.ee\/"]}]},{"@type":"BreadcrumbList","@id":"https:\/\/roosi.ee\/#breadcrumb","itemListElement":[{"@type":"ListItem","position":1,"name":"Avaleht","item":"https:\/\/roosi.ee\/"},{"@type":"ListItem","position":2,"name":"Ettev\u00f5ttest"}]},{"@type":"WebSite","@id":"https:\/\/roosi.ee\/#website","url":"https:\/\/roosi.ee\/","name":"Roosi","description":"","potentialAction":[{"@type":"SearchAction","target":{"@type":"EntryPoint","urlTemplate":"https:\/\/roosi.ee\/?s={search_term_string}"},"query-input":"required name=search_term_string"}],"inLanguage":"en-GB"}]}},"_links":{"self":[{"href":"https:\/\/roosi.ee\/en\/wp-json\/wp\/v2\/pages\/10","targetHints":{"allow":["GET"]}}],"collection":[{"href":"https:\/\/roosi.ee\/en\/wp-json\/wp\/v2\/pages"}],"about":[{"href":"https:\/\/roosi.ee\/en\/wp-json\/wp\/v2\/types\/page"}],"author":[{"embeddable":true,"href":"https:\/\/roosi.ee\/en\/wp-json\/wp\/v2\/users\/1"}],"replies":[{"embeddable":true,"href":"https:\/\/roosi.ee\/en\/wp-json\/wp\/v2\/comments?post=10"}],"version-history":[{"count":44,"href":"https:\/\/roosi.ee\/en\/wp-json\/wp\/v2\/pages\/10\/revisions"}],"predecessor-version":[{"id":1398,"href":"https:\/\/roosi.ee\/en\/wp-json\/wp\/v2\/pages\/10\/revisions\/1398"}],"wp:attachment":[{"href":"https:\/\/roosi.ee\/en\/wp-json\/wp\/v2\/media?parent=10"}],"curies":[{"name":"wp","href":"https:\/\/api.w.org\/{rel}","templated":true}]}}